{"id":7490,"date":"2024-06-24T19:43:21","date_gmt":"2024-06-24T17:43:21","guid":{"rendered":"https:\/\/www.theauthenticvintage.com\/?post_type=product&#038;p=7490"},"modified":"2024-06-24T19:43:21","modified_gmt":"2024-06-24T17:43:21","slug":"portachiavi-porsche-oem-1967","status":"publish","type":"product","link":"https:\/\/www.theauthenticvintage.com\/fr\/product\/portachiavi-porsche-oem-1967\/","title":{"rendered":"Porte-cl\u00e9s Porsche OEM 1967"},"content":{"rendered":"<p>Portachiavi Porsche in cuoio con logo smaltato, prodotto da Porsche per la sua linea accessori OEM del 1967.<\/p>\n<p>Accessorio Ref. 403, come riportato nel catalogo Porsche di quell&#8217;anno.<\/p>\n<p>Lo stesso portachiavi \u00e8 apparso sul poster pubblicitario Porsche relativo alla campagna &#8220;tourist delivery program&#8221;, un programma lanciato proprio alla fine degli anni &#8217;60.<\/p>\n<p>Portachiavi in ottime condizioni originali, con cuoio e smalto in ottimo stato, ed anello originale.<\/p>\n<p>Catalogo e Poster non inclusi nella vendita.<\/p>","protected":false},"excerpt":{"rendered":"<p>Porte-cl\u00e9s Porsche en cuir avec logo \u00e9maill\u00e9, produit par Porsche pour sa ligne d&#039;accessoires OEM de 1967, accessoire r\u00e9f. Le m\u00eame porte-cl\u00e9s figurait sur l&#039;affiche publicitaire Porsche relative \u00e0 la campagne &quot;tourist delivery program&quot;, programme lanc\u00e9 \u00e0 la fin du\u2026<\/p>","protected":false},"featured_media":7491,"comment_status":"open","ping_status":"closed","template":"","meta":[],"product_cat":[74],"product_tag":[],"brand":[119],"class_list":{"0":"post-7490","1":"product","2":"type-product","3":"status-publish","4":"has-post-thumbnail","6":"product_cat-altro","7":"brand-porsche","9":"first","10":"instock","11":"taxable","12":"shipping-taxable","13":"purchasable","14":"product-type-simple"},"yoast_head":"<!-- This site is optimized with the Yoast SEO plugin v22.3 - https:\/\/yoast.com\/wordpress\/plugins\/seo\/ -->\n<title>Portachiavi Porsche OEM 1967 - The Authentic Vintage<\/title>\n<meta name=\"robots\" content=\"index, follow, max-snippet:-1, max-image-preview:large, max-video-preview:-1\" \/>\n<link rel=\"canonical\" href=\"https:\/\/www.theauthenticvintage.com\/fr\/product\/portachiavi-porsche-oem-1967\/\" \/>\n<meta property=\"og:locale\" content=\"fr_FR\" \/>\n<meta property=\"og:type\" content=\"article\" \/>\n<meta property=\"og:title\" content=\"Portachiavi Porsche OEM 1967 - The Authentic Vintage\" \/>\n<meta property=\"og:description\" content=\"Portachiavi Porsche in cuoio con logo smaltato, prodotto da Porsche per la sua linea accessori OEM del 1967. Accessorio Ref. 403, come riportato nel catalogo Porsche di quell&#8217;anno. Lo stesso portachiavi \u00e8 apparso sul poster pubblicitario Porsche relativo alla campagna &#8220;tourist delivery program&#8221;, un programma lanciato proprio alla fine degli&hellip;\" \/>\n<meta property=\"og:url\" content=\"https:\/\/www.theauthenticvintage.com\/fr\/product\/portachiavi-porsche-oem-1967\/\" \/>\n<meta property=\"og:site_name\" content=\"The Authentic Vintage\" \/>\n<meta property=\"og:image\" content=\"https:\/\/www.theauthenticvintage.com\/wp-content\/uploads\/2024\/06\/Photoroom_004_20240624_172710.jpg\" \/>\n\t<meta property=\"og:image:width\" content=\"1080\" \/>\n\t<meta property=\"og:image:height\" content=\"1080\" \/>\n\t<meta property=\"og:image:type\" content=\"image\/jpeg\" \/>\n<meta name=\"twitter:card\" content=\"summary_large_image\" \/>\n<meta name=\"twitter:label1\" content=\"Dur\u00e9e de lecture estim\u00e9e\" \/>\n\t<meta name=\"twitter:data1\" content=\"1 minute\" \/>\n<script type=\"application\/ld+json\" class=\"yoast-schema-graph\">{\"@context\":\"https:\/\/schema.org\",\"@graph\":[{\"@type\":\"WebPage\",\"@id\":\"https:\/\/www.theauthenticvintage.com\/product\/portachiavi-porsche-oem-1967\/\",\"url\":\"https:\/\/www.theauthenticvintage.com\/product\/portachiavi-porsche-oem-1967\/\",\"name\":\"Portachiavi Porsche OEM 1967 - The Authentic Vintage\",\"isPartOf\":{\"@id\":\"https:\/\/www.theauthenticvintage.com\/#website\"},\"primaryImageOfPage\":{\"@id\":\"https:\/\/www.theauthenticvintage.com\/product\/portachiavi-porsche-oem-1967\/#primaryimage\"},\"image\":{\"@id\":\"https:\/\/www.theauthenticvintage.com\/product\/portachiavi-porsche-oem-1967\/#primaryimage\"},\"thumbnailUrl\":\"https:\/\/www.theauthenticvintage.com\/wp-content\/uploads\/2024\/06\/Photoroom_004_20240624_172710.jpg\",\"datePublished\":\"2024-06-24T17:43:21+00:00\",\"dateModified\":\"2024-06-24T17:43:21+00:00\",\"breadcrumb\":{\"@id\":\"https:\/\/www.theauthenticvintage.com\/product\/portachiavi-porsche-oem-1967\/#breadcrumb\"},\"inLanguage\":\"fr-FR\",\"potentialAction\":[{\"@type\":\"ReadAction\",\"target\":[\"https:\/\/www.theauthenticvintage.com\/product\/portachiavi-porsche-oem-1967\/\"]}]},{\"@type\":\"ImageObject\",\"inLanguage\":\"fr-FR\",\"@id\":\"https:\/\/www.theauthenticvintage.com\/product\/portachiavi-porsche-oem-1967\/#primaryimage\",\"url\":\"https:\/\/www.theauthenticvintage.com\/wp-content\/uploads\/2024\/06\/Photoroom_004_20240624_172710.jpg\",\"contentUrl\":\"https:\/\/www.theauthenticvintage.com\/wp-content\/uploads\/2024\/06\/Photoroom_004_20240624_172710.jpg\",\"width\":1080,\"height\":1080},{\"@type\":\"BreadcrumbList\",\"@id\":\"https:\/\/www.theauthenticvintage.com\/product\/portachiavi-porsche-oem-1967\/#breadcrumb\",\"itemListElement\":[{\"@type\":\"ListItem\",\"position\":1,\"name\":\"Home\",\"item\":\"https:\/\/www.theauthenticvintage.com\/\"},{\"@type\":\"ListItem\",\"position\":2,\"name\":\"Shop\",\"item\":\"https:\/\/www.theauthenticvintage.com\/shop\/\"},{\"@type\":\"ListItem\",\"position\":3,\"name\":\"Portachiavi Porsche OEM 1967\"}]},{\"@type\":\"WebSite\",\"@id\":\"https:\/\/www.theauthenticvintage.com\/#website\",\"url\":\"https:\/\/www.theauthenticvintage.com\/\",\"name\":\"The Authentic Vintage\",\"description\":\"\",\"potentialAction\":[{\"@type\":\"SearchAction\",\"target\":{\"@type\":\"EntryPoint\",\"urlTemplate\":\"https:\/\/www.theauthenticvintage.com\/?s={search_term_string}\"},\"query-input\":\"required name=search_term_string\"}],\"inLanguage\":\"fr-FR\"}]}<\/script>\n<!-- \/ Yoast SEO plugin. -->","yoast_head_json":{"title":"Portachiavi Porsche OEM 1967 - The Authentic Vintage","robots":{"index":"index","follow":"follow","max-snippet":"max-snippet:-1","max-image-preview":"max-image-preview:large","max-video-preview":"max-video-preview:-1"},"canonical":"https:\/\/www.theauthenticvintage.com\/fr\/product\/portachiavi-porsche-oem-1967\/","og_locale":"fr_FR","og_type":"article","og_title":"Portachiavi Porsche OEM 1967 - The Authentic Vintage","og_description":"Portachiavi Porsche in cuoio con logo smaltato, prodotto da Porsche per la sua linea accessori OEM del 1967. Accessorio Ref. 403, come riportato nel catalogo Porsche di quell&#8217;anno. Lo stesso portachiavi \u00e8 apparso sul poster pubblicitario Porsche relativo alla campagna &#8220;tourist delivery program&#8221;, un programma lanciato proprio alla fine degli&hellip;","og_url":"https:\/\/www.theauthenticvintage.com\/fr\/product\/portachiavi-porsche-oem-1967\/","og_site_name":"The Authentic Vintage","og_image":[{"width":1080,"height":1080,"url":"https:\/\/www.theauthenticvintage.com\/wp-content\/uploads\/2024\/06\/Photoroom_004_20240624_172710.jpg","type":"image\/jpeg"}],"twitter_card":"summary_large_image","twitter_misc":{"Dur\u00e9e de lecture estim\u00e9e":"1 minute"},"schema":{"@context":"https:\/\/schema.org","@graph":[{"@type":"WebPage","@id":"https:\/\/www.theauthenticvintage.com\/product\/portachiavi-porsche-oem-1967\/","url":"https:\/\/www.theauthenticvintage.com\/product\/portachiavi-porsche-oem-1967\/","name":"Portachiavi Porsche OEM 1967 - The Authentic Vintage","isPartOf":{"@id":"https:\/\/www.theauthenticvintage.com\/#website"},"primaryImageOfPage":{"@id":"https:\/\/www.theauthenticvintage.com\/product\/portachiavi-porsche-oem-1967\/#primaryimage"},"image":{"@id":"https:\/\/www.theauthenticvintage.com\/product\/portachiavi-porsche-oem-1967\/#primaryimage"},"thumbnailUrl":"https:\/\/www.theauthenticvintage.com\/wp-content\/uploads\/2024\/06\/Photoroom_004_20240624_172710.jpg","datePublished":"2024-06-24T17:43:21+00:00","dateModified":"2024-06-24T17:43:21+00:00","breadcrumb":{"@id":"https:\/\/www.theauthenticvintage.com\/product\/portachiavi-porsche-oem-1967\/#breadcrumb"},"inLanguage":"fr-FR","potentialAction":[{"@type":"ReadAction","target":["https:\/\/www.theauthenticvintage.com\/product\/portachiavi-porsche-oem-1967\/"]}]},{"@type":"ImageObject","inLanguage":"fr-FR","@id":"https:\/\/www.theauthenticvintage.com\/product\/portachiavi-porsche-oem-1967\/#primaryimage","url":"https:\/\/www.theauthenticvintage.com\/wp-content\/uploads\/2024\/06\/Photoroom_004_20240624_172710.jpg","contentUrl":"https:\/\/www.theauthenticvintage.com\/wp-content\/uploads\/2024\/06\/Photoroom_004_20240624_172710.jpg","width":1080,"height":1080},{"@type":"BreadcrumbList","@id":"https:\/\/www.theauthenticvintage.com\/product\/portachiavi-porsche-oem-1967\/#breadcrumb","itemListElement":[{"@type":"ListItem","position":1,"name":"Home","item":"https:\/\/www.theauthenticvintage.com\/"},{"@type":"ListItem","position":2,"name":"Shop","item":"https:\/\/www.theauthenticvintage.com\/shop\/"},{"@type":"ListItem","position":3,"name":"Portachiavi Porsche OEM 1967"}]},{"@type":"WebSite","@id":"https:\/\/www.theauthenticvintage.com\/#website","url":"https:\/\/www.theauthenticvintage.com\/","name":"The Authentic Vintage","description":"","potentialAction":[{"@type":"SearchAction","target":{"@type":"EntryPoint","urlTemplate":"https:\/\/www.theauthenticvintage.com\/?s={search_term_string}"},"query-input":"required name=search_term_string"}],"inLanguage":"fr-FR"}]}},"jetpack_sharing_enabled":true,"_links":{"self":[{"href":"https:\/\/www.theauthenticvintage.com\/fr\/wp-json\/wp\/v2\/product\/7490","targetHints":{"allow":["GET"]}}],"collection":[{"href":"https:\/\/www.theauthenticvintage.com\/fr\/wp-json\/wp\/v2\/product"}],"about":[{"href":"https:\/\/www.theauthenticvintage.com\/fr\/wp-json\/wp\/v2\/types\/product"}],"replies":[{"embeddable":true,"href":"https:\/\/www.theauthenticvintage.com\/fr\/wp-json\/wp\/v2\/comments?post=7490"}],"wp:featuredmedia":[{"embeddable":true,"href":"https:\/\/www.theauthenticvintage.com\/fr\/wp-json\/wp\/v2\/media\/7491"}],"wp:attachment":[{"href":"https:\/\/www.theauthenticvintage.com\/fr\/wp-json\/wp\/v2\/media?parent=7490"}],"wp:term":[{"taxonomy":"product_cat","embeddable":true,"href":"https:\/\/www.theauthenticvintage.com\/fr\/wp-json\/wp\/v2\/product_cat?post=7490"},{"taxonomy":"product_tag","embeddable":true,"href":"https:\/\/www.theauthenticvintage.com\/fr\/wp-json\/wp\/v2\/product_tag?post=7490"},{"taxonomy":"brand","embeddable":true,"href":"https:\/\/www.theauthenticvintage.com\/fr\/wp-json\/wp\/v2\/brand?post=7490"}],"curies":[{"name":"wp","href":"https:\/\/api.w.org\/{rel}","templated":true}]}}