{"id":7259,"date":"2024-05-21T18:25:37","date_gmt":"2024-05-21T16:25:37","guid":{"rendered":"https:\/\/www.theauthenticvintage.com\/?post_type=product&#038;p=7259"},"modified":"2024-05-22T16:04:49","modified_gmt":"2024-05-22T14:04:49","slug":"finestra-pitwall-ferrari-f1-2000","status":"publish","type":"product","link":"https:\/\/www.theauthenticvintage.com\/fr\/product\/finestra-pitwall-ferrari-f1-2000\/","title":{"rendered":"Fen\u00eatre de pitwall Ferrari F1 2000"},"content":{"rendered":"<p>Finestra proveniente dal Pitwall (muretto) del box Ferrari di Formula 1, direttamente dalla mitica stagione 2000, che ha visto trionfare Michael Schumacher sulla F2000.<\/p>\n<p>La finestra \u00e8 costruita in plexiglass fum\u00e8, e presenta il logo del cavallino inciso al laser. Completa della sua sacca originale.<\/p>\n<p>&nbsp;<\/p>","protected":false},"excerpt":{"rendered":"<p>Fen\u00eatre provenant du Pitwall (mur) du garage Ferrari de Formule 1, directement issue de la l\u00e9gendaire saison 2000, qui a vu Michael Schumacher triompher en F2000. La fen\u00eatre est en plexiglas fum\u00e9 et pr\u00e9sente le logo du cheval grav\u00e9 au laser. Complet de son sac d&#039;origine. &nbsp;<\/p>","protected":false},"featured_media":7260,"comment_status":"open","ping_status":"closed","template":"","meta":[],"product_cat":[77],"product_tag":[],"brand":[102],"class_list":{"0":"post-7259","1":"product","2":"type-product","3":"status-publish","4":"has-post-thumbnail","6":"product_cat-memorabilia-f1","7":"brand-ferrari","9":"first","10":"instock","11":"taxable","12":"shipping-taxable","13":"purchasable","14":"product-type-simple"},"yoast_head":"<!-- This site is optimized with the Yoast SEO plugin v22.3 - https:\/\/yoast.com\/wordpress\/plugins\/seo\/ -->\n<title>Finestra Pitwall Ferrari F1 2000 - The Authentic Vintage<\/title>\n<meta name=\"robots\" content=\"index, follow, max-snippet:-1, max-image-preview:large, max-video-preview:-1\" \/>\n<link rel=\"canonical\" href=\"https:\/\/www.theauthenticvintage.com\/fr\/product\/finestra-pitwall-ferrari-f1-2000\/\" \/>\n<meta property=\"og:locale\" content=\"fr_FR\" \/>\n<meta property=\"og:type\" content=\"article\" \/>\n<meta property=\"og:title\" content=\"Finestra Pitwall Ferrari F1 2000 - The Authentic Vintage\" \/>\n<meta property=\"og:description\" content=\"Finestra proveniente dal Pitwall (muretto) del box Ferrari di Formula 1, direttamente dalla mitica stagione 2000, che ha visto trionfare Michael Schumacher sulla F2000. La finestra \u00e8 costruita in plexiglass fum\u00e8, e presenta il logo del cavallino inciso al laser. Completa della sua sacca originale. &nbsp;\" \/>\n<meta property=\"og:url\" content=\"https:\/\/www.theauthenticvintage.com\/fr\/product\/finestra-pitwall-ferrari-f1-2000\/\" \/>\n<meta property=\"og:site_name\" content=\"The Authentic Vintage\" \/>\n<meta property=\"article:modified_time\" content=\"2024-05-22T14:04:49+00:00\" \/>\n<meta property=\"og:image\" content=\"https:\/\/www.theauthenticvintage.com\/wp-content\/uploads\/2024\/05\/Photoroom_006_20240520_132303.jpg\" \/>\n\t<meta property=\"og:image:width\" content=\"1512\" \/>\n\t<meta property=\"og:image:height\" content=\"1512\" \/>\n\t<meta property=\"og:image:type\" content=\"image\/jpeg\" \/>\n<meta name=\"twitter:card\" content=\"summary_large_image\" \/>\n<meta name=\"twitter:label1\" content=\"Dur\u00e9e de lecture estim\u00e9e\" \/>\n\t<meta name=\"twitter:data1\" content=\"1 minute\" \/>\n<script type=\"application\/ld+json\" class=\"yoast-schema-graph\">{\"@context\":\"https:\/\/schema.org\",\"@graph\":[{\"@type\":\"WebPage\",\"@id\":\"https:\/\/www.theauthenticvintage.com\/product\/finestra-pitwall-ferrari-f1-2000\/\",\"url\":\"https:\/\/www.theauthenticvintage.com\/product\/finestra-pitwall-ferrari-f1-2000\/\",\"name\":\"Finestra Pitwall Ferrari F1 2000 - The Authentic Vintage\",\"isPartOf\":{\"@id\":\"https:\/\/www.theauthenticvintage.com\/#website\"},\"primaryImageOfPage\":{\"@id\":\"https:\/\/www.theauthenticvintage.com\/product\/finestra-pitwall-ferrari-f1-2000\/#primaryimage\"},\"image\":{\"@id\":\"https:\/\/www.theauthenticvintage.com\/product\/finestra-pitwall-ferrari-f1-2000\/#primaryimage\"},\"thumbnailUrl\":\"https:\/\/www.theauthenticvintage.com\/wp-content\/uploads\/2024\/05\/Photoroom_006_20240520_132303.jpg\",\"datePublished\":\"2024-05-21T16:25:37+00:00\",\"dateModified\":\"2024-05-22T14:04:49+00:00\",\"breadcrumb\":{\"@id\":\"https:\/\/www.theauthenticvintage.com\/product\/finestra-pitwall-ferrari-f1-2000\/#breadcrumb\"},\"inLanguage\":\"fr-FR\",\"potentialAction\":[{\"@type\":\"ReadAction\",\"target\":[\"https:\/\/www.theauthenticvintage.com\/product\/finestra-pitwall-ferrari-f1-2000\/\"]}]},{\"@type\":\"ImageObject\",\"inLanguage\":\"fr-FR\",\"@id\":\"https:\/\/www.theauthenticvintage.com\/product\/finestra-pitwall-ferrari-f1-2000\/#primaryimage\",\"url\":\"https:\/\/www.theauthenticvintage.com\/wp-content\/uploads\/2024\/05\/Photoroom_006_20240520_132303.jpg\",\"contentUrl\":\"https:\/\/www.theauthenticvintage.com\/wp-content\/uploads\/2024\/05\/Photoroom_006_20240520_132303.jpg\",\"width\":1512,\"height\":1512},{\"@type\":\"BreadcrumbList\",\"@id\":\"https:\/\/www.theauthenticvintage.com\/product\/finestra-pitwall-ferrari-f1-2000\/#breadcrumb\",\"itemListElement\":[{\"@type\":\"ListItem\",\"position\":1,\"name\":\"Home\",\"item\":\"https:\/\/www.theauthenticvintage.com\/\"},{\"@type\":\"ListItem\",\"position\":2,\"name\":\"Shop\",\"item\":\"https:\/\/www.theauthenticvintage.com\/shop\/\"},{\"@type\":\"ListItem\",\"position\":3,\"name\":\"Finestra Pitwall Ferrari F1 2000\"}]},{\"@type\":\"WebSite\",\"@id\":\"https:\/\/www.theauthenticvintage.com\/#website\",\"url\":\"https:\/\/www.theauthenticvintage.com\/\",\"name\":\"The Authentic Vintage\",\"description\":\"\",\"potentialAction\":[{\"@type\":\"SearchAction\",\"target\":{\"@type\":\"EntryPoint\",\"urlTemplate\":\"https:\/\/www.theauthenticvintage.com\/?s={search_term_string}\"},\"query-input\":\"required name=search_term_string\"}],\"inLanguage\":\"fr-FR\"}]}<\/script>\n<!-- \/ Yoast SEO plugin. -->","yoast_head_json":{"title":"Finestra Pitwall Ferrari F1 2000 - The Authentic Vintage","robots":{"index":"index","follow":"follow","max-snippet":"max-snippet:-1","max-image-preview":"max-image-preview:large","max-video-preview":"max-video-preview:-1"},"canonical":"https:\/\/www.theauthenticvintage.com\/fr\/product\/finestra-pitwall-ferrari-f1-2000\/","og_locale":"fr_FR","og_type":"article","og_title":"Finestra Pitwall Ferrari F1 2000 - The Authentic Vintage","og_description":"Finestra proveniente dal Pitwall (muretto) del box Ferrari di Formula 1, direttamente dalla mitica stagione 2000, che ha visto trionfare Michael Schumacher sulla F2000. La finestra \u00e8 costruita in plexiglass fum\u00e8, e presenta il logo del cavallino inciso al laser. Completa della sua sacca originale. &nbsp;","og_url":"https:\/\/www.theauthenticvintage.com\/fr\/product\/finestra-pitwall-ferrari-f1-2000\/","og_site_name":"The Authentic Vintage","article_modified_time":"2024-05-22T14:04:49+00:00","og_image":[{"width":1512,"height":1512,"url":"https:\/\/www.theauthenticvintage.com\/wp-content\/uploads\/2024\/05\/Photoroom_006_20240520_132303.jpg","type":"image\/jpeg"}],"twitter_card":"summary_large_image","twitter_misc":{"Dur\u00e9e de lecture estim\u00e9e":"1 minute"},"schema":{"@context":"https:\/\/schema.org","@graph":[{"@type":"WebPage","@id":"https:\/\/www.theauthenticvintage.com\/product\/finestra-pitwall-ferrari-f1-2000\/","url":"https:\/\/www.theauthenticvintage.com\/product\/finestra-pitwall-ferrari-f1-2000\/","name":"Finestra Pitwall Ferrari F1 2000 - The Authentic Vintage","isPartOf":{"@id":"https:\/\/www.theauthenticvintage.com\/#website"},"primaryImageOfPage":{"@id":"https:\/\/www.theauthenticvintage.com\/product\/finestra-pitwall-ferrari-f1-2000\/#primaryimage"},"image":{"@id":"https:\/\/www.theauthenticvintage.com\/product\/finestra-pitwall-ferrari-f1-2000\/#primaryimage"},"thumbnailUrl":"https:\/\/www.theauthenticvintage.com\/wp-content\/uploads\/2024\/05\/Photoroom_006_20240520_132303.jpg","datePublished":"2024-05-21T16:25:37+00:00","dateModified":"2024-05-22T14:04:49+00:00","breadcrumb":{"@id":"https:\/\/www.theauthenticvintage.com\/product\/finestra-pitwall-ferrari-f1-2000\/#breadcrumb"},"inLanguage":"fr-FR","potentialAction":[{"@type":"ReadAction","target":["https:\/\/www.theauthenticvintage.com\/product\/finestra-pitwall-ferrari-f1-2000\/"]}]},{"@type":"ImageObject","inLanguage":"fr-FR","@id":"https:\/\/www.theauthenticvintage.com\/product\/finestra-pitwall-ferrari-f1-2000\/#primaryimage","url":"https:\/\/www.theauthenticvintage.com\/wp-content\/uploads\/2024\/05\/Photoroom_006_20240520_132303.jpg","contentUrl":"https:\/\/www.theauthenticvintage.com\/wp-content\/uploads\/2024\/05\/Photoroom_006_20240520_132303.jpg","width":1512,"height":1512},{"@type":"BreadcrumbList","@id":"https:\/\/www.theauthenticvintage.com\/product\/finestra-pitwall-ferrari-f1-2000\/#breadcrumb","itemListElement":[{"@type":"ListItem","position":1,"name":"Home","item":"https:\/\/www.theauthenticvintage.com\/"},{"@type":"ListItem","position":2,"name":"Shop","item":"https:\/\/www.theauthenticvintage.com\/shop\/"},{"@type":"ListItem","position":3,"name":"Finestra Pitwall Ferrari F1 2000"}]},{"@type":"WebSite","@id":"https:\/\/www.theauthenticvintage.com\/#website","url":"https:\/\/www.theauthenticvintage.com\/","name":"The Authentic Vintage","description":"","potentialAction":[{"@type":"SearchAction","target":{"@type":"EntryPoint","urlTemplate":"https:\/\/www.theauthenticvintage.com\/?s={search_term_string}"},"query-input":"required name=search_term_string"}],"inLanguage":"fr-FR"}]}},"jetpack_sharing_enabled":true,"_links":{"self":[{"href":"https:\/\/www.theauthenticvintage.com\/fr\/wp-json\/wp\/v2\/product\/7259","targetHints":{"allow":["GET"]}}],"collection":[{"href":"https:\/\/www.theauthenticvintage.com\/fr\/wp-json\/wp\/v2\/product"}],"about":[{"href":"https:\/\/www.theauthenticvintage.com\/fr\/wp-json\/wp\/v2\/types\/product"}],"replies":[{"embeddable":true,"href":"https:\/\/www.theauthenticvintage.com\/fr\/wp-json\/wp\/v2\/comments?post=7259"}],"wp:featuredmedia":[{"embeddable":true,"href":"https:\/\/www.theauthenticvintage.com\/fr\/wp-json\/wp\/v2\/media\/7260"}],"wp:attachment":[{"href":"https:\/\/www.theauthenticvintage.com\/fr\/wp-json\/wp\/v2\/media?parent=7259"}],"wp:term":[{"taxonomy":"product_cat","embeddable":true,"href":"https:\/\/www.theauthenticvintage.com\/fr\/wp-json\/wp\/v2\/product_cat?post=7259"},{"taxonomy":"product_tag","embeddable":true,"href":"https:\/\/www.theauthenticvintage.com\/fr\/wp-json\/wp\/v2\/product_tag?post=7259"},{"taxonomy":"brand","embeddable":true,"href":"https:\/\/www.theauthenticvintage.com\/fr\/wp-json\/wp\/v2\/brand?post=7259"}],"curies":[{"name":"wp","href":"https:\/\/api.w.org\/{rel}","templated":true}]}}