{"id":7250,"date":"2024-05-21T11:50:30","date_gmt":"2024-05-21T09:50:30","guid":{"rendered":"https:\/\/www.theauthenticvintage.com\/?post_type=product&#038;p=7250"},"modified":"2024-09-18T13:44:08","modified_gmt":"2024-09-18T11:44:08","slug":"telemetria-generatore-m-schumacher-ferrari-f1-2004","status":"publish","type":"product","link":"https:\/\/www.theauthenticvintage.com\/fr\/product\/telemetria-generatore-m-schumacher-ferrari-f1-2004\/","title":{"rendered":"T\u00e9l\u00e9m\u00e9trie et g\u00e9n\u00e9rateur M. Schumacher Ferrari F1 2004"},"content":{"rendered":"<p class=\"p1\">Server telemetria e generatore di corrente originali della Scuderia Ferrari Formula 1, stagione 2004.<\/p>\n<p class=\"p1\">Il server ed il generatore sono stati utilizzati per la vettura di Michael Schumacher durante la stagione di Formula 1 2004, dove Michael si \u00e8 laureato Campione del Mondo.<\/p>\n<p class=\"p1\">I server venivano utilizzati per lo sviluppo e l\u2019analisi della telemetria della F2004 e per le comunicazioni radio tra il team Ferrari F1 e la FOM, come si vede dallo switch dei canali radio.<\/p>\n<p class=\"p1\">Vengono venduti comprensivi di cablaggi di collegamento alla vettura, e della apposita cassa flight case Ferrari, una cassa su misura realizzata in alluminio con strati di protezione interni.<\/p>\n<p class=\"p1\">Alla vendita verranno allegati i dati telemetria completi (prove libere, qualifiche e gara), in formato cartaceo, provenienti dalla vettura Ferrari F2004 di Michael Schumacher. I dati sono relativi ai GP di Australia, Malesia e Bahrain del 2004.<\/p>\n<p>Materiale mai apparso prima d&#8217;ora sul mercato.<\/p>\n<p class=\"p1\">Dimensioni: 53x73x100 cm<\/p>","protected":false},"excerpt":{"rendered":"<p>Serveur de t\u00e9l\u00e9m\u00e9trie et g\u00e9n\u00e9rateur d&#039;\u00e9nergie originaux de la saison 2004 de Formule 1 de la Scuderia Ferrari. Le serveur et le g\u00e9n\u00e9rateur ont \u00e9t\u00e9 utilis\u00e9s pour la voiture de Michael Schumacher pendant la saison de Formule 1 2004, o\u00f9 Michael est devenu champion du monde. Les serveurs ont \u00e9t\u00e9 utilis\u00e9s pour le d\u00e9veloppement\u2026<\/p>","protected":false},"featured_media":7251,"comment_status":"open","ping_status":"closed","template":"","meta":[],"product_cat":[77],"product_tag":[],"brand":[102],"class_list":{"0":"post-7250","1":"product","2":"type-product","3":"status-publish","4":"has-post-thumbnail","6":"product_cat-memorabilia-f1","7":"brand-ferrari","9":"first","10":"instock","11":"taxable","12":"shipping-taxable","13":"purchasable","14":"product-type-simple"},"yoast_head":"<!-- This site is optimized with the Yoast SEO plugin v22.3 - https:\/\/yoast.com\/wordpress\/plugins\/seo\/ -->\n<title>Telemetria &amp; Generatore M. Schumacher Ferrari F1 2004 - The Authentic Vintage<\/title>\n<meta name=\"robots\" content=\"index, follow, max-snippet:-1, max-image-preview:large, max-video-preview:-1\" \/>\n<link rel=\"canonical\" href=\"https:\/\/www.theauthenticvintage.com\/fr\/product\/telemetria-generatore-m-schumacher-ferrari-f1-2004\/\" \/>\n<meta property=\"og:locale\" content=\"fr_FR\" \/>\n<meta property=\"og:type\" content=\"article\" \/>\n<meta property=\"og:title\" content=\"Telemetria &amp; Generatore M. Schumacher Ferrari F1 2004 - The Authentic Vintage\" \/>\n<meta property=\"og:description\" content=\"Server telemetria e generatore di corrente originali della Scuderia Ferrari Formula 1, stagione 2004. Il server ed il generatore sono stati utilizzati per la vettura di Michael Schumacher durante la stagione di Formula 1 2004, dove Michael si \u00e8 laureato Campione del Mondo. I server venivano utilizzati per lo sviluppo&hellip;\" \/>\n<meta property=\"og:url\" content=\"https:\/\/www.theauthenticvintage.com\/fr\/product\/telemetria-generatore-m-schumacher-ferrari-f1-2004\/\" \/>\n<meta property=\"og:site_name\" content=\"The Authentic Vintage\" \/>\n<meta property=\"article:modified_time\" content=\"2024-09-18T11:44:08+00:00\" \/>\n<meta property=\"og:image\" content=\"https:\/\/www.theauthenticvintage.com\/wp-content\/uploads\/2024\/05\/Photoroom_000_20240520_132303.jpg\" \/>\n\t<meta property=\"og:image:width\" content=\"1512\" \/>\n\t<meta property=\"og:image:height\" content=\"1512\" \/>\n\t<meta property=\"og:image:type\" content=\"image\/jpeg\" \/>\n<meta name=\"twitter:card\" content=\"summary_large_image\" \/>\n<meta name=\"twitter:label1\" content=\"Dur\u00e9e de lecture estim\u00e9e\" \/>\n\t<meta name=\"twitter:data1\" content=\"2 minutes\" \/>\n<script type=\"application\/ld+json\" class=\"yoast-schema-graph\">{\"@context\":\"https:\/\/schema.org\",\"@graph\":[{\"@type\":\"WebPage\",\"@id\":\"https:\/\/www.theauthenticvintage.com\/product\/telemetria-generatore-m-schumacher-ferrari-f1-2004\/\",\"url\":\"https:\/\/www.theauthenticvintage.com\/product\/telemetria-generatore-m-schumacher-ferrari-f1-2004\/\",\"name\":\"Telemetria & Generatore M. Schumacher Ferrari F1 2004 - The Authentic Vintage\",\"isPartOf\":{\"@id\":\"https:\/\/www.theauthenticvintage.com\/#website\"},\"primaryImageOfPage\":{\"@id\":\"https:\/\/www.theauthenticvintage.com\/product\/telemetria-generatore-m-schumacher-ferrari-f1-2004\/#primaryimage\"},\"image\":{\"@id\":\"https:\/\/www.theauthenticvintage.com\/product\/telemetria-generatore-m-schumacher-ferrari-f1-2004\/#primaryimage\"},\"thumbnailUrl\":\"https:\/\/www.theauthenticvintage.com\/wp-content\/uploads\/2024\/05\/Photoroom_000_20240520_132303.jpg\",\"datePublished\":\"2024-05-21T09:50:30+00:00\",\"dateModified\":\"2024-09-18T11:44:08+00:00\",\"breadcrumb\":{\"@id\":\"https:\/\/www.theauthenticvintage.com\/product\/telemetria-generatore-m-schumacher-ferrari-f1-2004\/#breadcrumb\"},\"inLanguage\":\"fr-FR\",\"potentialAction\":[{\"@type\":\"ReadAction\",\"target\":[\"https:\/\/www.theauthenticvintage.com\/product\/telemetria-generatore-m-schumacher-ferrari-f1-2004\/\"]}]},{\"@type\":\"ImageObject\",\"inLanguage\":\"fr-FR\",\"@id\":\"https:\/\/www.theauthenticvintage.com\/product\/telemetria-generatore-m-schumacher-ferrari-f1-2004\/#primaryimage\",\"url\":\"https:\/\/www.theauthenticvintage.com\/wp-content\/uploads\/2024\/05\/Photoroom_000_20240520_132303.jpg\",\"contentUrl\":\"https:\/\/www.theauthenticvintage.com\/wp-content\/uploads\/2024\/05\/Photoroom_000_20240520_132303.jpg\",\"width\":1512,\"height\":1512},{\"@type\":\"BreadcrumbList\",\"@id\":\"https:\/\/www.theauthenticvintage.com\/product\/telemetria-generatore-m-schumacher-ferrari-f1-2004\/#breadcrumb\",\"itemListElement\":[{\"@type\":\"ListItem\",\"position\":1,\"name\":\"Home\",\"item\":\"https:\/\/www.theauthenticvintage.com\/\"},{\"@type\":\"ListItem\",\"position\":2,\"name\":\"Shop\",\"item\":\"https:\/\/www.theauthenticvintage.com\/shop\/\"},{\"@type\":\"ListItem\",\"position\":3,\"name\":\"Telemetria &#038; Generatore M. Schumacher Ferrari F1 2004\"}]},{\"@type\":\"WebSite\",\"@id\":\"https:\/\/www.theauthenticvintage.com\/#website\",\"url\":\"https:\/\/www.theauthenticvintage.com\/\",\"name\":\"The Authentic Vintage\",\"description\":\"\",\"potentialAction\":[{\"@type\":\"SearchAction\",\"target\":{\"@type\":\"EntryPoint\",\"urlTemplate\":\"https:\/\/www.theauthenticvintage.com\/?s={search_term_string}\"},\"query-input\":\"required name=search_term_string\"}],\"inLanguage\":\"fr-FR\"}]}<\/script>\n<!-- \/ Yoast SEO plugin. -->","yoast_head_json":{"title":"Telemetria & Generatore M. Schumacher Ferrari F1 2004 - The Authentic Vintage","robots":{"index":"index","follow":"follow","max-snippet":"max-snippet:-1","max-image-preview":"max-image-preview:large","max-video-preview":"max-video-preview:-1"},"canonical":"https:\/\/www.theauthenticvintage.com\/fr\/product\/telemetria-generatore-m-schumacher-ferrari-f1-2004\/","og_locale":"fr_FR","og_type":"article","og_title":"Telemetria & Generatore M. Schumacher Ferrari F1 2004 - The Authentic Vintage","og_description":"Server telemetria e generatore di corrente originali della Scuderia Ferrari Formula 1, stagione 2004. Il server ed il generatore sono stati utilizzati per la vettura di Michael Schumacher durante la stagione di Formula 1 2004, dove Michael si \u00e8 laureato Campione del Mondo. I server venivano utilizzati per lo sviluppo&hellip;","og_url":"https:\/\/www.theauthenticvintage.com\/fr\/product\/telemetria-generatore-m-schumacher-ferrari-f1-2004\/","og_site_name":"The Authentic Vintage","article_modified_time":"2024-09-18T11:44:08+00:00","og_image":[{"width":1512,"height":1512,"url":"https:\/\/www.theauthenticvintage.com\/wp-content\/uploads\/2024\/05\/Photoroom_000_20240520_132303.jpg","type":"image\/jpeg"}],"twitter_card":"summary_large_image","twitter_misc":{"Dur\u00e9e de lecture estim\u00e9e":"2 minutes"},"schema":{"@context":"https:\/\/schema.org","@graph":[{"@type":"WebPage","@id":"https:\/\/www.theauthenticvintage.com\/product\/telemetria-generatore-m-schumacher-ferrari-f1-2004\/","url":"https:\/\/www.theauthenticvintage.com\/product\/telemetria-generatore-m-schumacher-ferrari-f1-2004\/","name":"Telemetria & Generatore M. Schumacher Ferrari F1 2004 - The Authentic Vintage","isPartOf":{"@id":"https:\/\/www.theauthenticvintage.com\/#website"},"primaryImageOfPage":{"@id":"https:\/\/www.theauthenticvintage.com\/product\/telemetria-generatore-m-schumacher-ferrari-f1-2004\/#primaryimage"},"image":{"@id":"https:\/\/www.theauthenticvintage.com\/product\/telemetria-generatore-m-schumacher-ferrari-f1-2004\/#primaryimage"},"thumbnailUrl":"https:\/\/www.theauthenticvintage.com\/wp-content\/uploads\/2024\/05\/Photoroom_000_20240520_132303.jpg","datePublished":"2024-05-21T09:50:30+00:00","dateModified":"2024-09-18T11:44:08+00:00","breadcrumb":{"@id":"https:\/\/www.theauthenticvintage.com\/product\/telemetria-generatore-m-schumacher-ferrari-f1-2004\/#breadcrumb"},"inLanguage":"fr-FR","potentialAction":[{"@type":"ReadAction","target":["https:\/\/www.theauthenticvintage.com\/product\/telemetria-generatore-m-schumacher-ferrari-f1-2004\/"]}]},{"@type":"ImageObject","inLanguage":"fr-FR","@id":"https:\/\/www.theauthenticvintage.com\/product\/telemetria-generatore-m-schumacher-ferrari-f1-2004\/#primaryimage","url":"https:\/\/www.theauthenticvintage.com\/wp-content\/uploads\/2024\/05\/Photoroom_000_20240520_132303.jpg","contentUrl":"https:\/\/www.theauthenticvintage.com\/wp-content\/uploads\/2024\/05\/Photoroom_000_20240520_132303.jpg","width":1512,"height":1512},{"@type":"BreadcrumbList","@id":"https:\/\/www.theauthenticvintage.com\/product\/telemetria-generatore-m-schumacher-ferrari-f1-2004\/#breadcrumb","itemListElement":[{"@type":"ListItem","position":1,"name":"Home","item":"https:\/\/www.theauthenticvintage.com\/"},{"@type":"ListItem","position":2,"name":"Shop","item":"https:\/\/www.theauthenticvintage.com\/shop\/"},{"@type":"ListItem","position":3,"name":"Telemetria &#038; Generatore M. Schumacher Ferrari F1 2004"}]},{"@type":"WebSite","@id":"https:\/\/www.theauthenticvintage.com\/#website","url":"https:\/\/www.theauthenticvintage.com\/","name":"The Authentic Vintage","description":"","potentialAction":[{"@type":"SearchAction","target":{"@type":"EntryPoint","urlTemplate":"https:\/\/www.theauthenticvintage.com\/?s={search_term_string}"},"query-input":"required name=search_term_string"}],"inLanguage":"fr-FR"}]}},"jetpack_sharing_enabled":true,"_links":{"self":[{"href":"https:\/\/www.theauthenticvintage.com\/fr\/wp-json\/wp\/v2\/product\/7250","targetHints":{"allow":["GET"]}}],"collection":[{"href":"https:\/\/www.theauthenticvintage.com\/fr\/wp-json\/wp\/v2\/product"}],"about":[{"href":"https:\/\/www.theauthenticvintage.com\/fr\/wp-json\/wp\/v2\/types\/product"}],"replies":[{"embeddable":true,"href":"https:\/\/www.theauthenticvintage.com\/fr\/wp-json\/wp\/v2\/comments?post=7250"}],"wp:featuredmedia":[{"embeddable":true,"href":"https:\/\/www.theauthenticvintage.com\/fr\/wp-json\/wp\/v2\/media\/7251"}],"wp:attachment":[{"href":"https:\/\/www.theauthenticvintage.com\/fr\/wp-json\/wp\/v2\/media?parent=7250"}],"wp:term":[{"taxonomy":"product_cat","embeddable":true,"href":"https:\/\/www.theauthenticvintage.com\/fr\/wp-json\/wp\/v2\/product_cat?post=7250"},{"taxonomy":"product_tag","embeddable":true,"href":"https:\/\/www.theauthenticvintage.com\/fr\/wp-json\/wp\/v2\/product_tag?post=7250"},{"taxonomy":"brand","embeddable":true,"href":"https:\/\/www.theauthenticvintage.com\/fr\/wp-json\/wp\/v2\/brand?post=7250"}],"curies":[{"name":"wp","href":"https:\/\/api.w.org\/{rel}","templated":true}]}}