{"id":6879,"date":"2024-03-27T15:54:52","date_gmt":"2024-03-27T14:54:52","guid":{"rendered":"https:\/\/www.theauthenticvintage.com\/?post_type=product&#038;p=6879"},"modified":"2024-12-01T12:51:25","modified_gmt":"2024-12-01T11:51:25","slug":"insegna-maserati-service-anni-60","status":"publish","type":"product","link":"https:\/\/www.theauthenticvintage.com\/fr\/product\/insegna-maserati-service-anni-60\/","title":{"rendered":"Panneau de service Maserati des ann\u00e9es 1960"},"content":{"rendered":"<div id=\"tab-description\" class=\"woocommerce-Tabs-panel woocommerce-Tabs-panel--description panel entry-content wc-tab\" role=\"tabpanel\" aria-labelledby=\"tab-title-description\">\n<div class=\"container\">\n<div class=\"row\">\n<div class=\"col tab-panel-inner\">\n<div class=\"description-inner\">\n<p>Insegna Maserati Service, proveniente da officina Maserati ufficiale.<\/p>\n<p>Versione bifacciale, completa del suo impianto di illuminazione originale al Neon.<\/p>\n<p>Insegna prodotta alla fine degli anni \u201960, in condizioni perfette; il telaio ha ancora tutta la sua vernice originale.<\/p>\n<p>L&#8217;effetto scuro visibile nelle foto \u00e8 dovuto allo sfondo. il plexiglass \u00e8 perfettamente trasparente.<\/p>\n<p>Misure 125\u00d785 cm circa.<\/p>\n<\/div>\n<\/div>\n<\/div>\n<\/div>\n<\/div>\n<div id=\"tab-reviews\" class=\"woocommerce-Tabs-panel woocommerce-Tabs-panel--reviews panel entry-content wc-tab\" role=\"tabpanel\" aria-labelledby=\"tab-title-reviews\">\n<div class=\"container\">\n<div class=\"row\">\n<div class=\"col tab-panel-inner\">\n<div id=\"reviews\" class=\"woocommerce-Reviews\">L\u2019articolo si trova negli Stati Uniti d\u2019America \ud83c\uddfa\ud83c\uddf8<\/div>\n<\/div>\n<\/div>\n<\/div>\n<\/div>","protected":false},"excerpt":{"rendered":"<p>Plaque Maserati Service, provenant d&#039;un atelier officiel Maserati. Version double face, compl\u00e8te de son syst\u00e8me d&#039;\u00e9clairage N\u00e9on d&#039;origine. Enseigne r\u00e9alis\u00e9e \u00e0 la fin des ann\u00e9es 1960, en parfait \u00e9tat ; le ch\u00e2ssis a encore toute sa peinture d&#039;origine. L&#039;effet sombre visible sur les photos est d\u00fb au fond. le plexiglas est\u2026<\/p>","protected":false},"featured_media":6890,"comment_status":"open","ping_status":"closed","template":"","meta":[],"product_cat":[75],"product_tag":[],"brand":[115],"class_list":{"0":"post-6879","1":"product","2":"type-product","3":"status-publish","4":"has-post-thumbnail","6":"product_cat-insegne","7":"brand-maserati","9":"first","10":"outofstock","11":"taxable","12":"shipping-taxable","13":"product-type-simple"},"yoast_head":"<!-- This site is optimized with the Yoast SEO plugin v22.3 - https:\/\/yoast.com\/wordpress\/plugins\/seo\/ -->\n<title>Insegna Maserati Service Anni &#039;60 - The Authentic Vintage<\/title>\n<meta name=\"robots\" content=\"index, follow, max-snippet:-1, max-image-preview:large, max-video-preview:-1\" \/>\n<link rel=\"canonical\" href=\"https:\/\/www.theauthenticvintage.com\/fr\/product\/insegna-maserati-service-anni-60\/\" \/>\n<meta property=\"og:locale\" content=\"fr_FR\" \/>\n<meta property=\"og:type\" content=\"article\" \/>\n<meta property=\"og:title\" content=\"Insegna Maserati Service Anni &#039;60 - The Authentic Vintage\" \/>\n<meta property=\"og:description\" content=\"Insegna Maserati Service, proveniente da officina Maserati ufficiale. Versione bifacciale, completa del suo impianto di illuminazione originale al Neon. Insegna prodotta alla fine degli anni \u201960, in condizioni perfette; il telaio ha ancora tutta la sua vernice originale. L&#8217;effetto scuro visibile nelle foto \u00e8 dovuto allo sfondo. il plexiglass \u00e8&hellip;\" \/>\n<meta property=\"og:url\" content=\"https:\/\/www.theauthenticvintage.com\/fr\/product\/insegna-maserati-service-anni-60\/\" \/>\n<meta property=\"og:site_name\" content=\"The Authentic Vintage\" \/>\n<meta property=\"article:modified_time\" content=\"2024-12-01T11:51:25+00:00\" \/>\n<meta property=\"og:image\" content=\"https:\/\/www.theauthenticvintage.com\/wp-content\/uploads\/2024\/03\/Photoroom_20240327_120401-compressed.jpg\" \/>\n\t<meta property=\"og:image:width\" content=\"1512\" \/>\n\t<meta property=\"og:image:height\" content=\"1512\" \/>\n\t<meta property=\"og:image:type\" content=\"image\/jpeg\" \/>\n<meta name=\"twitter:card\" content=\"summary_large_image\" \/>\n<meta name=\"twitter:label1\" content=\"Dur\u00e9e de lecture estim\u00e9e\" \/>\n\t<meta name=\"twitter:data1\" content=\"1 minute\" \/>\n<script type=\"application\/ld+json\" class=\"yoast-schema-graph\">{\"@context\":\"https:\/\/schema.org\",\"@graph\":[{\"@type\":\"WebPage\",\"@id\":\"https:\/\/www.theauthenticvintage.com\/product\/insegna-maserati-service-anni-60\/\",\"url\":\"https:\/\/www.theauthenticvintage.com\/product\/insegna-maserati-service-anni-60\/\",\"name\":\"Insegna Maserati Service Anni '60 - The Authentic Vintage\",\"isPartOf\":{\"@id\":\"https:\/\/www.theauthenticvintage.com\/#website\"},\"primaryImageOfPage\":{\"@id\":\"https:\/\/www.theauthenticvintage.com\/product\/insegna-maserati-service-anni-60\/#primaryimage\"},\"image\":{\"@id\":\"https:\/\/www.theauthenticvintage.com\/product\/insegna-maserati-service-anni-60\/#primaryimage\"},\"thumbnailUrl\":\"https:\/\/www.theauthenticvintage.com\/wp-content\/uploads\/2024\/03\/Photoroom_20240327_120401-compressed.jpg\",\"datePublished\":\"2024-03-27T14:54:52+00:00\",\"dateModified\":\"2024-12-01T11:51:25+00:00\",\"breadcrumb\":{\"@id\":\"https:\/\/www.theauthenticvintage.com\/product\/insegna-maserati-service-anni-60\/#breadcrumb\"},\"inLanguage\":\"fr-FR\",\"potentialAction\":[{\"@type\":\"ReadAction\",\"target\":[\"https:\/\/www.theauthenticvintage.com\/product\/insegna-maserati-service-anni-60\/\"]}]},{\"@type\":\"ImageObject\",\"inLanguage\":\"fr-FR\",\"@id\":\"https:\/\/www.theauthenticvintage.com\/product\/insegna-maserati-service-anni-60\/#primaryimage\",\"url\":\"https:\/\/www.theauthenticvintage.com\/wp-content\/uploads\/2024\/03\/Photoroom_20240327_120401-compressed.jpg\",\"contentUrl\":\"https:\/\/www.theauthenticvintage.com\/wp-content\/uploads\/2024\/03\/Photoroom_20240327_120401-compressed.jpg\",\"width\":1512,\"height\":1512},{\"@type\":\"BreadcrumbList\",\"@id\":\"https:\/\/www.theauthenticvintage.com\/product\/insegna-maserati-service-anni-60\/#breadcrumb\",\"itemListElement\":[{\"@type\":\"ListItem\",\"position\":1,\"name\":\"Home\",\"item\":\"https:\/\/www.theauthenticvintage.com\/\"},{\"@type\":\"ListItem\",\"position\":2,\"name\":\"Shop\",\"item\":\"https:\/\/www.theauthenticvintage.com\/shop\/\"},{\"@type\":\"ListItem\",\"position\":3,\"name\":\"Insegna Maserati Service Anni &#8217;60\"}]},{\"@type\":\"WebSite\",\"@id\":\"https:\/\/www.theauthenticvintage.com\/#website\",\"url\":\"https:\/\/www.theauthenticvintage.com\/\",\"name\":\"The Authentic Vintage\",\"description\":\"\",\"potentialAction\":[{\"@type\":\"SearchAction\",\"target\":{\"@type\":\"EntryPoint\",\"urlTemplate\":\"https:\/\/www.theauthenticvintage.com\/?s={search_term_string}\"},\"query-input\":\"required name=search_term_string\"}],\"inLanguage\":\"fr-FR\"}]}<\/script>\n<!-- \/ Yoast SEO plugin. -->","yoast_head_json":{"title":"Insegna Maserati Service Anni '60 - The Authentic Vintage","robots":{"index":"index","follow":"follow","max-snippet":"max-snippet:-1","max-image-preview":"max-image-preview:large","max-video-preview":"max-video-preview:-1"},"canonical":"https:\/\/www.theauthenticvintage.com\/fr\/product\/insegna-maserati-service-anni-60\/","og_locale":"fr_FR","og_type":"article","og_title":"Insegna Maserati Service Anni '60 - The Authentic Vintage","og_description":"Insegna Maserati Service, proveniente da officina Maserati ufficiale. Versione bifacciale, completa del suo impianto di illuminazione originale al Neon. Insegna prodotta alla fine degli anni \u201960, in condizioni perfette; il telaio ha ancora tutta la sua vernice originale. L&#8217;effetto scuro visibile nelle foto \u00e8 dovuto allo sfondo. il plexiglass \u00e8&hellip;","og_url":"https:\/\/www.theauthenticvintage.com\/fr\/product\/insegna-maserati-service-anni-60\/","og_site_name":"The Authentic Vintage","article_modified_time":"2024-12-01T11:51:25+00:00","og_image":[{"width":1512,"height":1512,"url":"https:\/\/www.theauthenticvintage.com\/wp-content\/uploads\/2024\/03\/Photoroom_20240327_120401-compressed.jpg","type":"image\/jpeg"}],"twitter_card":"summary_large_image","twitter_misc":{"Dur\u00e9e de lecture estim\u00e9e":"1 minute"},"schema":{"@context":"https:\/\/schema.org","@graph":[{"@type":"WebPage","@id":"https:\/\/www.theauthenticvintage.com\/product\/insegna-maserati-service-anni-60\/","url":"https:\/\/www.theauthenticvintage.com\/product\/insegna-maserati-service-anni-60\/","name":"Insegna Maserati Service Anni '60 - The Authentic Vintage","isPartOf":{"@id":"https:\/\/www.theauthenticvintage.com\/#website"},"primaryImageOfPage":{"@id":"https:\/\/www.theauthenticvintage.com\/product\/insegna-maserati-service-anni-60\/#primaryimage"},"image":{"@id":"https:\/\/www.theauthenticvintage.com\/product\/insegna-maserati-service-anni-60\/#primaryimage"},"thumbnailUrl":"https:\/\/www.theauthenticvintage.com\/wp-content\/uploads\/2024\/03\/Photoroom_20240327_120401-compressed.jpg","datePublished":"2024-03-27T14:54:52+00:00","dateModified":"2024-12-01T11:51:25+00:00","breadcrumb":{"@id":"https:\/\/www.theauthenticvintage.com\/product\/insegna-maserati-service-anni-60\/#breadcrumb"},"inLanguage":"fr-FR","potentialAction":[{"@type":"ReadAction","target":["https:\/\/www.theauthenticvintage.com\/product\/insegna-maserati-service-anni-60\/"]}]},{"@type":"ImageObject","inLanguage":"fr-FR","@id":"https:\/\/www.theauthenticvintage.com\/product\/insegna-maserati-service-anni-60\/#primaryimage","url":"https:\/\/www.theauthenticvintage.com\/wp-content\/uploads\/2024\/03\/Photoroom_20240327_120401-compressed.jpg","contentUrl":"https:\/\/www.theauthenticvintage.com\/wp-content\/uploads\/2024\/03\/Photoroom_20240327_120401-compressed.jpg","width":1512,"height":1512},{"@type":"BreadcrumbList","@id":"https:\/\/www.theauthenticvintage.com\/product\/insegna-maserati-service-anni-60\/#breadcrumb","itemListElement":[{"@type":"ListItem","position":1,"name":"Home","item":"https:\/\/www.theauthenticvintage.com\/"},{"@type":"ListItem","position":2,"name":"Shop","item":"https:\/\/www.theauthenticvintage.com\/shop\/"},{"@type":"ListItem","position":3,"name":"Insegna Maserati Service Anni &#8217;60"}]},{"@type":"WebSite","@id":"https:\/\/www.theauthenticvintage.com\/#website","url":"https:\/\/www.theauthenticvintage.com\/","name":"The Authentic Vintage","description":"","potentialAction":[{"@type":"SearchAction","target":{"@type":"EntryPoint","urlTemplate":"https:\/\/www.theauthenticvintage.com\/?s={search_term_string}"},"query-input":"required name=search_term_string"}],"inLanguage":"fr-FR"}]}},"jetpack_sharing_enabled":true,"_links":{"self":[{"href":"https:\/\/www.theauthenticvintage.com\/fr\/wp-json\/wp\/v2\/product\/6879","targetHints":{"allow":["GET"]}}],"collection":[{"href":"https:\/\/www.theauthenticvintage.com\/fr\/wp-json\/wp\/v2\/product"}],"about":[{"href":"https:\/\/www.theauthenticvintage.com\/fr\/wp-json\/wp\/v2\/types\/product"}],"replies":[{"embeddable":true,"href":"https:\/\/www.theauthenticvintage.com\/fr\/wp-json\/wp\/v2\/comments?post=6879"}],"wp:featuredmedia":[{"embeddable":true,"href":"https:\/\/www.theauthenticvintage.com\/fr\/wp-json\/wp\/v2\/media\/6890"}],"wp:attachment":[{"href":"https:\/\/www.theauthenticvintage.com\/fr\/wp-json\/wp\/v2\/media?parent=6879"}],"wp:term":[{"taxonomy":"product_cat","embeddable":true,"href":"https:\/\/www.theauthenticvintage.com\/fr\/wp-json\/wp\/v2\/product_cat?post=6879"},{"taxonomy":"product_tag","embeddable":true,"href":"https:\/\/www.theauthenticvintage.com\/fr\/wp-json\/wp\/v2\/product_tag?post=6879"},{"taxonomy":"brand","embeddable":true,"href":"https:\/\/www.theauthenticvintage.com\/fr\/wp-json\/wp\/v2\/brand?post=6879"}],"curies":[{"name":"wp","href":"https:\/\/api.w.org\/{rel}","templated":true}]}}