{"id":5815,"date":"2023-12-27T13:05:47","date_gmt":"2023-12-27T12:05:47","guid":{"rendered":"https:\/\/www.theauthenticvintage.com\/?post_type=product&#038;p=5815"},"modified":"2024-06-04T12:05:12","modified_gmt":"2024-06-04T10:05:12","slug":"insegna-lamborghini-assistenza-anni-70","status":"publish","type":"product","link":"https:\/\/www.theauthenticvintage.com\/fr\/product\/insegna-lamborghini-assistenza-anni-70\/","title":{"rendered":"Panneau d&#039;assistance Lamborghini des ann\u00e9es 70"},"content":{"rendered":"<p class=\"p1\">Panneau de pi\u00e8ces d\u00e9tach\u00e9es et d&#039;assistance Lamborghini, ann\u00e9es 1970, en aluminium s\u00e9rigraphi\u00e9. Etat exceptionnel, mesure 120\u00d780 cm.<\/p>","protected":false},"excerpt":{"rendered":"<p>Panneau de pi\u00e8ces d\u00e9tach\u00e9es et d&#039;assistance Lamborghini, ann\u00e9es 1970, en aluminium s\u00e9rigraphi\u00e9. Etat exceptionnel, mesure 120\u00d780 cm.<\/p>","protected":false},"featured_media":5816,"comment_status":"open","ping_status":"closed","template":"","meta":[],"product_cat":[75],"product_tag":[141],"brand":[112],"class_list":{"0":"post-5815","1":"product","2":"type-product","3":"status-publish","4":"has-post-thumbnail","6":"product_cat-insegne","7":"product_tag-lamborghini","8":"brand-lamborghini","10":"first","11":"instock","12":"sold-individually","13":"taxable","14":"shipping-taxable","15":"purchasable","16":"product-type-simple"},"yoast_head":"<!-- This site is optimized with the Yoast SEO plugin v22.3 - https:\/\/yoast.com\/wordpress\/plugins\/seo\/ -->\n<title>Insegna Lamborghini assistenza anni \u201970 - The Authentic Vintage<\/title>\n<meta name=\"robots\" content=\"index, follow, max-snippet:-1, max-image-preview:large, max-video-preview:-1\" \/>\n<link rel=\"canonical\" href=\"https:\/\/www.theauthenticvintage.com\/fr\/product\/insegna-lamborghini-assistenza-anni-70\/\" \/>\n<meta property=\"og:locale\" content=\"fr_FR\" \/>\n<meta property=\"og:type\" content=\"article\" \/>\n<meta property=\"og:title\" content=\"Insegna Lamborghini assistenza anni \u201970 - The Authentic Vintage\" \/>\n<meta property=\"og:description\" content=\"Insegna Lamborghini ricambi e assistenza, anni &#8217;70, in alluminio serigrafato. Condizioni eccezionali, misura 120&#215;80 cm.\" \/>\n<meta property=\"og:url\" content=\"https:\/\/www.theauthenticvintage.com\/fr\/product\/insegna-lamborghini-assistenza-anni-70\/\" \/>\n<meta property=\"og:site_name\" content=\"The Authentic Vintage\" \/>\n<meta property=\"article:modified_time\" content=\"2024-06-04T10:05:12+00:00\" \/>\n<meta property=\"og:image\" content=\"https:\/\/www.theauthenticvintage.com\/wp-content\/uploads\/2023\/12\/PhotoRoom_022_20231221_223331-compressed.jpg\" \/>\n\t<meta property=\"og:image:width\" content=\"1512\" \/>\n\t<meta property=\"og:image:height\" content=\"1512\" \/>\n\t<meta property=\"og:image:type\" content=\"image\/jpeg\" \/>\n<meta name=\"twitter:card\" content=\"summary_large_image\" \/>\n<meta name=\"twitter:label1\" content=\"Dur\u00e9e de lecture estim\u00e9e\" \/>\n\t<meta name=\"twitter:data1\" content=\"1 minute\" \/>\n<script type=\"application\/ld+json\" class=\"yoast-schema-graph\">{\"@context\":\"https:\/\/schema.org\",\"@graph\":[{\"@type\":\"WebPage\",\"@id\":\"https:\/\/www.theauthenticvintage.com\/product\/insegna-lamborghini-assistenza-anni-70\/\",\"url\":\"https:\/\/www.theauthenticvintage.com\/product\/insegna-lamborghini-assistenza-anni-70\/\",\"name\":\"Insegna Lamborghini assistenza anni \u201970 - The Authentic Vintage\",\"isPartOf\":{\"@id\":\"https:\/\/www.theauthenticvintage.com\/#website\"},\"primaryImageOfPage\":{\"@id\":\"https:\/\/www.theauthenticvintage.com\/product\/insegna-lamborghini-assistenza-anni-70\/#primaryimage\"},\"image\":{\"@id\":\"https:\/\/www.theauthenticvintage.com\/product\/insegna-lamborghini-assistenza-anni-70\/#primaryimage\"},\"thumbnailUrl\":\"https:\/\/www.theauthenticvintage.com\/wp-content\/uploads\/2023\/12\/PhotoRoom_022_20231221_223331-compressed.jpg\",\"datePublished\":\"2023-12-27T12:05:47+00:00\",\"dateModified\":\"2024-06-04T10:05:12+00:00\",\"breadcrumb\":{\"@id\":\"https:\/\/www.theauthenticvintage.com\/product\/insegna-lamborghini-assistenza-anni-70\/#breadcrumb\"},\"inLanguage\":\"fr-FR\",\"potentialAction\":[{\"@type\":\"ReadAction\",\"target\":[\"https:\/\/www.theauthenticvintage.com\/product\/insegna-lamborghini-assistenza-anni-70\/\"]}]},{\"@type\":\"ImageObject\",\"inLanguage\":\"fr-FR\",\"@id\":\"https:\/\/www.theauthenticvintage.com\/product\/insegna-lamborghini-assistenza-anni-70\/#primaryimage\",\"url\":\"https:\/\/www.theauthenticvintage.com\/wp-content\/uploads\/2023\/12\/PhotoRoom_022_20231221_223331-compressed.jpg\",\"contentUrl\":\"https:\/\/www.theauthenticvintage.com\/wp-content\/uploads\/2023\/12\/PhotoRoom_022_20231221_223331-compressed.jpg\",\"width\":1512,\"height\":1512},{\"@type\":\"BreadcrumbList\",\"@id\":\"https:\/\/www.theauthenticvintage.com\/product\/insegna-lamborghini-assistenza-anni-70\/#breadcrumb\",\"itemListElement\":[{\"@type\":\"ListItem\",\"position\":1,\"name\":\"Home\",\"item\":\"https:\/\/www.theauthenticvintage.com\/\"},{\"@type\":\"ListItem\",\"position\":2,\"name\":\"Shop\",\"item\":\"https:\/\/www.theauthenticvintage.com\/shop\/\"},{\"@type\":\"ListItem\",\"position\":3,\"name\":\"Insegna Lamborghini assistenza anni \u201970\"}]},{\"@type\":\"WebSite\",\"@id\":\"https:\/\/www.theauthenticvintage.com\/#website\",\"url\":\"https:\/\/www.theauthenticvintage.com\/\",\"name\":\"The Authentic Vintage\",\"description\":\"\",\"potentialAction\":[{\"@type\":\"SearchAction\",\"target\":{\"@type\":\"EntryPoint\",\"urlTemplate\":\"https:\/\/www.theauthenticvintage.com\/?s={search_term_string}\"},\"query-input\":\"required name=search_term_string\"}],\"inLanguage\":\"fr-FR\"}]}<\/script>\n<!-- \/ Yoast SEO plugin. -->","yoast_head_json":{"title":"Insegna Lamborghini assistenza anni \u201970 - The Authentic Vintage","robots":{"index":"index","follow":"follow","max-snippet":"max-snippet:-1","max-image-preview":"max-image-preview:large","max-video-preview":"max-video-preview:-1"},"canonical":"https:\/\/www.theauthenticvintage.com\/fr\/product\/insegna-lamborghini-assistenza-anni-70\/","og_locale":"fr_FR","og_type":"article","og_title":"Insegna Lamborghini assistenza anni \u201970 - The Authentic Vintage","og_description":"Insegna Lamborghini ricambi e assistenza, anni &#8217;70, in alluminio serigrafato. Condizioni eccezionali, misura 120&#215;80 cm.","og_url":"https:\/\/www.theauthenticvintage.com\/fr\/product\/insegna-lamborghini-assistenza-anni-70\/","og_site_name":"The Authentic Vintage","article_modified_time":"2024-06-04T10:05:12+00:00","og_image":[{"width":1512,"height":1512,"url":"https:\/\/www.theauthenticvintage.com\/wp-content\/uploads\/2023\/12\/PhotoRoom_022_20231221_223331-compressed.jpg","type":"image\/jpeg"}],"twitter_card":"summary_large_image","twitter_misc":{"Dur\u00e9e de lecture estim\u00e9e":"1 minute"},"schema":{"@context":"https:\/\/schema.org","@graph":[{"@type":"WebPage","@id":"https:\/\/www.theauthenticvintage.com\/product\/insegna-lamborghini-assistenza-anni-70\/","url":"https:\/\/www.theauthenticvintage.com\/product\/insegna-lamborghini-assistenza-anni-70\/","name":"Insegna Lamborghini assistenza anni \u201970 - The Authentic Vintage","isPartOf":{"@id":"https:\/\/www.theauthenticvintage.com\/#website"},"primaryImageOfPage":{"@id":"https:\/\/www.theauthenticvintage.com\/product\/insegna-lamborghini-assistenza-anni-70\/#primaryimage"},"image":{"@id":"https:\/\/www.theauthenticvintage.com\/product\/insegna-lamborghini-assistenza-anni-70\/#primaryimage"},"thumbnailUrl":"https:\/\/www.theauthenticvintage.com\/wp-content\/uploads\/2023\/12\/PhotoRoom_022_20231221_223331-compressed.jpg","datePublished":"2023-12-27T12:05:47+00:00","dateModified":"2024-06-04T10:05:12+00:00","breadcrumb":{"@id":"https:\/\/www.theauthenticvintage.com\/product\/insegna-lamborghini-assistenza-anni-70\/#breadcrumb"},"inLanguage":"fr-FR","potentialAction":[{"@type":"ReadAction","target":["https:\/\/www.theauthenticvintage.com\/product\/insegna-lamborghini-assistenza-anni-70\/"]}]},{"@type":"ImageObject","inLanguage":"fr-FR","@id":"https:\/\/www.theauthenticvintage.com\/product\/insegna-lamborghini-assistenza-anni-70\/#primaryimage","url":"https:\/\/www.theauthenticvintage.com\/wp-content\/uploads\/2023\/12\/PhotoRoom_022_20231221_223331-compressed.jpg","contentUrl":"https:\/\/www.theauthenticvintage.com\/wp-content\/uploads\/2023\/12\/PhotoRoom_022_20231221_223331-compressed.jpg","width":1512,"height":1512},{"@type":"BreadcrumbList","@id":"https:\/\/www.theauthenticvintage.com\/product\/insegna-lamborghini-assistenza-anni-70\/#breadcrumb","itemListElement":[{"@type":"ListItem","position":1,"name":"Home","item":"https:\/\/www.theauthenticvintage.com\/"},{"@type":"ListItem","position":2,"name":"Shop","item":"https:\/\/www.theauthenticvintage.com\/shop\/"},{"@type":"ListItem","position":3,"name":"Insegna Lamborghini assistenza anni \u201970"}]},{"@type":"WebSite","@id":"https:\/\/www.theauthenticvintage.com\/#website","url":"https:\/\/www.theauthenticvintage.com\/","name":"The Authentic Vintage","description":"","potentialAction":[{"@type":"SearchAction","target":{"@type":"EntryPoint","urlTemplate":"https:\/\/www.theauthenticvintage.com\/?s={search_term_string}"},"query-input":"required name=search_term_string"}],"inLanguage":"fr-FR"}]}},"jetpack_sharing_enabled":true,"_links":{"self":[{"href":"https:\/\/www.theauthenticvintage.com\/fr\/wp-json\/wp\/v2\/product\/5815","targetHints":{"allow":["GET"]}}],"collection":[{"href":"https:\/\/www.theauthenticvintage.com\/fr\/wp-json\/wp\/v2\/product"}],"about":[{"href":"https:\/\/www.theauthenticvintage.com\/fr\/wp-json\/wp\/v2\/types\/product"}],"replies":[{"embeddable":true,"href":"https:\/\/www.theauthenticvintage.com\/fr\/wp-json\/wp\/v2\/comments?post=5815"}],"wp:featuredmedia":[{"embeddable":true,"href":"https:\/\/www.theauthenticvintage.com\/fr\/wp-json\/wp\/v2\/media\/5816"}],"wp:attachment":[{"href":"https:\/\/www.theauthenticvintage.com\/fr\/wp-json\/wp\/v2\/media?parent=5815"}],"wp:term":[{"taxonomy":"product_cat","embeddable":true,"href":"https:\/\/www.theauthenticvintage.com\/fr\/wp-json\/wp\/v2\/product_cat?post=5815"},{"taxonomy":"product_tag","embeddable":true,"href":"https:\/\/www.theauthenticvintage.com\/fr\/wp-json\/wp\/v2\/product_tag?post=5815"},{"taxonomy":"brand","embeddable":true,"href":"https:\/\/www.theauthenticvintage.com\/fr\/wp-json\/wp\/v2\/brand?post=5815"}],"curies":[{"name":"wp","href":"https:\/\/api.w.org\/{rel}","templated":true}]}}