{"id":6613,"date":"2024-03-15T22:14:09","date_gmt":"2024-03-15T21:14:09","guid":{"rendered":"https:\/\/www.theauthenticvintage.com\/?page_id=6613"},"modified":"2024-03-19T17:05:05","modified_gmt":"2024-03-19T16:05:05","slug":"mario-longoni","status":"publish","type":"page","link":"https:\/\/www.theauthenticvintage.com\/es\/chi-siamo\/mario-longoni\/","title":{"rendered":"Mario Longoni"},"content":{"rendered":"<div data-elementor-type=\"wp-page\" data-elementor-id=\"6613\" class=\"elementor elementor-6613\">\n\t\t\t\t<section class=\"elementor-element elementor-element-bad3837 e-flex e-con-boxed e-con e-parent\" data-id=\"bad3837\" data-element_type=\"container\" data-settings=\"{&quot;background_background&quot;:&quot;classic&quot;}\" data-core-v316-plus=\"true\">\n\t\t\t\t\t<div class=\"e-con-inner\">\n\t\t\t\t<div class=\"elementor-element elementor-element-6bf5fd1 elementor-invisible elementor-widget elementor-widget-heading\" data-id=\"6bf5fd1\" data-element_type=\"widget\" data-settings=\"{&quot;_animation&quot;:&quot;fadeIn&quot;}\" data-widget_type=\"heading.default\">\n\t\t\t\t<div class=\"elementor-widget-container\">\n\t\t\t<style>\/*! elementor - v3.20.0 - 26-03-2024 *\/\n.elementor-heading-title{padding:0;margin:0;line-height:1}.elementor-widget-heading .elementor-heading-title[class*=elementor-size-]>a{color:inherit;font-size:inherit;line-height:inherit}.elementor-widget-heading .elementor-heading-title.elementor-size-small{font-size:15px}.elementor-widget-heading .elementor-heading-title.elementor-size-medium{font-size:19px}.elementor-widget-heading .elementor-heading-title.elementor-size-large{font-size:29px}.elementor-widget-heading .elementor-heading-title.elementor-size-xl{font-size:39px}.elementor-widget-heading .elementor-heading-title.elementor-size-xxl{font-size:59px}<\/style><h2 class=\"elementor-heading-title elementor-size-default\">Mario Longoni<\/h2>\t\t<\/div>\n\t\t\t\t<\/div>\n\t\t<div class=\"elementor-element elementor-element-bf99719 e-flex e-con-boxed e-con e-child\" data-id=\"bf99719\" data-element_type=\"container\">\n\t\t\t\t\t<div class=\"e-con-inner\">\n\t\t<div class=\"elementor-element elementor-element-a4d0d2b e-con-full e-flex e-con e-child\" data-id=\"a4d0d2b\" data-element_type=\"container\">\n\t\t<div class=\"elementor-element elementor-element-653c3f2 e-con-full e-flex e-con e-child\" data-id=\"653c3f2\" data-element_type=\"container\">\n\t\t\t\t<div class=\"elementor-element elementor-element-5d96f05 elementor-widget elementor-widget-image\" data-id=\"5d96f05\" data-element_type=\"widget\" data-widget_type=\"image.default\">\n\t\t\t\t<div class=\"elementor-widget-container\">\n\t\t\t<style>\/*! elementor - v3.20.0 - 26-03-2024 *\/\n.elementor-widget-image{text-align:center}.elementor-widget-image a{display:inline-block}.elementor-widget-image a img[src$=\".svg\"]{width:48px}.elementor-widget-image img{vertical-align:middle;display:inline-block}<\/style>\t\t\t\t\t\t\t\t\t\t<img fetchpriority=\"high\" decoding=\"async\" width=\"1600\" height=\"1300\" src=\"https:\/\/www.theauthenticvintage.com\/wp-content\/uploads\/2024\/03\/Mario-Longoni-2.jpg\" class=\"attachment-full size-full wp-image-6494\" alt=\"\" srcset=\"https:\/\/www.theauthenticvintage.com\/wp-content\/uploads\/2024\/03\/Mario-Longoni-2.jpg 1600w, https:\/\/www.theauthenticvintage.com\/wp-content\/uploads\/2024\/03\/Mario-Longoni-2-300x244.jpg 300w, https:\/\/www.theauthenticvintage.com\/wp-content\/uploads\/2024\/03\/Mario-Longoni-2-1024x832.jpg 1024w, https:\/\/www.theauthenticvintage.com\/wp-content\/uploads\/2024\/03\/Mario-Longoni-2-768x624.jpg 768w, https:\/\/www.theauthenticvintage.com\/wp-content\/uploads\/2024\/03\/Mario-Longoni-2-1536x1248.jpg 1536w, https:\/\/www.theauthenticvintage.com\/wp-content\/uploads\/2024\/03\/Mario-Longoni-2-150x122.jpg 150w, https:\/\/www.theauthenticvintage.com\/wp-content\/uploads\/2024\/03\/Mario-Longoni-2-450x366.jpg 450w, https:\/\/www.theauthenticvintage.com\/wp-content\/uploads\/2024\/03\/Mario-Longoni-2-900x731.jpg 900w\" sizes=\"(max-width: 1600px) 100vw, 1600px\" \/>\t\t\t\t\t\t\t\t\t\t\t\t\t<\/div>\n\t\t\t\t<\/div>\n\t\t\t\t<div class=\"elementor-element elementor-element-2f54a04 elementor-widget elementor-widget-text-editor\" data-id=\"2f54a04\" data-element_type=\"widget\" data-widget_type=\"text-editor.default\">\n\t\t\t\t<div class=\"elementor-widget-container\">\n\t\t\t<style>\/*! elementor - v3.20.0 - 26-03-2024 *\/\n.elementor-widget-text-editor.elementor-drop-cap-view-stacked .elementor-drop-cap{background-color:#69727d;color:#fff}.elementor-widget-text-editor.elementor-drop-cap-view-framed .elementor-drop-cap{color:#69727d;border:3px solid;background-color:transparent}.elementor-widget-text-editor:not(.elementor-drop-cap-view-default) .elementor-drop-cap{margin-top:8px}.elementor-widget-text-editor:not(.elementor-drop-cap-view-default) .elementor-drop-cap-letter{width:1em;height:1em}.elementor-widget-text-editor .elementor-drop-cap{float:left;text-align:center;line-height:1;font-size:50px}.elementor-widget-text-editor .elementor-drop-cap-letter{display:inline-block}<\/style>\t\t\t\t<p><em>\u201cEl aroma del papel de los a\u00f1os 30 me proyecta inmediatamente al Par\u00eds Art D\u00e9co\u201d<\/em><\/p>\t\t\t\t\t\t<\/div>\n\t\t\t\t<\/div>\n\t\t\t\t<\/div>\n\t\t<div class=\"elementor-element elementor-element-561ba9d e-flex e-con-boxed e-con e-child\" data-id=\"561ba9d\" data-element_type=\"container\">\n\t\t\t\t\t<div class=\"e-con-inner\">\n\t\t\t\t<div class=\"elementor-element elementor-element-493cbda elementor-widget elementor-widget-image\" data-id=\"493cbda\" data-element_type=\"widget\" data-widget_type=\"image.default\">\n\t\t\t\t<div class=\"elementor-widget-container\">\n\t\t\t\t\t\t\t\t\t\t\t\t\t<img decoding=\"async\" width=\"1600\" height=\"1200\" src=\"https:\/\/www.theauthenticvintage.com\/wp-content\/uploads\/2024\/03\/Mario-Longoni-6.jpg\" class=\"attachment-full size-full wp-image-6498\" alt=\"\" srcset=\"https:\/\/www.theauthenticvintage.com\/wp-content\/uploads\/2024\/03\/Mario-Longoni-6.jpg 1600w, https:\/\/www.theauthenticvintage.com\/wp-content\/uploads\/2024\/03\/Mario-Longoni-6-300x225.jpg 300w, https:\/\/www.theauthenticvintage.com\/wp-content\/uploads\/2024\/03\/Mario-Longoni-6-1024x768.jpg 1024w, https:\/\/www.theauthenticvintage.com\/wp-content\/uploads\/2024\/03\/Mario-Longoni-6-768x576.jpg 768w, https:\/\/www.theauthenticvintage.com\/wp-content\/uploads\/2024\/03\/Mario-Longoni-6-1536x1152.jpg 1536w, https:\/\/www.theauthenticvintage.com\/wp-content\/uploads\/2024\/03\/Mario-Longoni-6-150x113.jpg 150w, https:\/\/www.theauthenticvintage.com\/wp-content\/uploads\/2024\/03\/Mario-Longoni-6-450x338.jpg 450w, https:\/\/www.theauthenticvintage.com\/wp-content\/uploads\/2024\/03\/Mario-Longoni-6-900x675.jpg 900w\" sizes=\"(max-width: 1600px) 100vw, 1600px\" \/>\t\t\t\t\t\t\t\t\t\t\t\t\t<\/div>\n\t\t\t\t<\/div>\n\t\t\t\t<div class=\"elementor-element elementor-element-ece76fb elementor-widget elementor-widget-image\" data-id=\"ece76fb\" data-element_type=\"widget\" data-widget_type=\"image.default\">\n\t\t\t\t<div class=\"elementor-widget-container\">\n\t\t\t\t\t\t\t\t\t\t\t\t\t<img decoding=\"async\" width=\"400\" height=\"400\" src=\"https:\/\/www.theauthenticvintage.com\/wp-content\/uploads\/2024\/03\/Mario-Longoni.jpg\" class=\"attachment-full size-full wp-image-6722\" alt=\"\" srcset=\"https:\/\/www.theauthenticvintage.com\/wp-content\/uploads\/2024\/03\/Mario-Longoni.jpg 400w, https:\/\/www.theauthenticvintage.com\/wp-content\/uploads\/2024\/03\/Mario-Longoni-300x300.jpg 300w, https:\/\/www.theauthenticvintage.com\/wp-content\/uploads\/2024\/03\/Mario-Longoni-150x150.jpg 150w, https:\/\/www.theauthenticvintage.com\/wp-content\/uploads\/2024\/03\/Mario-Longoni-100x100.jpg 100w\" sizes=\"(max-width: 400px) 100vw, 400px\" \/>\t\t\t\t\t\t\t\t\t\t\t\t\t<\/div>\n\t\t\t\t<\/div>\n\t\t\t\t\t<\/div>\n\t\t\t\t<\/div>\n\t\t\t\t<\/div>\n\t\t\t\t\t<\/div>\n\t\t\t\t<\/div>\n\t\t<div class=\"elementor-element elementor-element-c8142f4 e-flex e-con-boxed e-con e-child\" data-id=\"c8142f4\" data-element_type=\"container\">\n\t\t\t\t\t<div class=\"e-con-inner\">\n\t\t<div class=\"elementor-element elementor-element-33b37ec e-flex e-con-boxed e-con e-child\" data-id=\"33b37ec\" data-element_type=\"container\">\n\t\t\t\t\t<div class=\"e-con-inner\">\n\t\t\t\t<div class=\"elementor-element elementor-element-a018ef0 elementor-widget elementor-widget-text-editor\" data-id=\"a018ef0\" data-element_type=\"widget\" data-widget_type=\"text-editor.default\">\n\t\t\t\t<div class=\"elementor-widget-container\">\n\t\t\t\t\t\t\t<p>Mario Longoni es un coleccionista y experto en motos con una historia que se remonta a su infancia, cuando frecuentaba el taller de motos de su pueblo, en Cesano Maderno (a pocos kil\u00f3metros de Mil\u00e1n).<\/p><p>Desde entonces, su pasi\u00f3n no ha dejado de crecer, llev\u00e1ndole a coleccionar revistas de motos ya a los 20 a\u00f1os, dando como resultado una de las mayores colecciones existentes, con publicaciones que se remontan a 1914. Hoy en d\u00eda, con m\u00e1s de 5000 revistas, libros, publicaciones y folletos. Mario Longoni puede definirse como un aut\u00e9ntico historiador del motociclismo.<\/p>\t\t\t\t\t\t<\/div>\n\t\t\t\t<\/div>\n\t\t\t\t<div class=\"elementor-element elementor-element-e90a83e elementor-widget elementor-widget-n-accordion\" data-id=\"e90a83e\" data-element_type=\"widget\" data-settings=\"{&quot;default_state&quot;:&quot;all_collapsed&quot;,&quot;max_items_expended&quot;:&quot;one&quot;,&quot;n_accordion_animation_duration&quot;:{&quot;unit&quot;:&quot;ms&quot;,&quot;size&quot;:400,&quot;sizes&quot;:[]}}\" data-widget_type=\"nested-accordion.default\">\n\t\t\t\t<div class=\"elementor-widget-container\">\n\t\t\t\t\t<div class=\"e-n-accordion\" aria-label=\"Acorde\u00f3n. Abra enlaces con Intro o Espacio, ci\u00e9rrelos con Escape y navegue con las teclas de flecha\">\n\t\t\t\t\t\t<details id=\"e-n-accordion-item-2440\" class=\"e-n-accordion-item\" >\n\t\t\t\t<summary class=\"e-n-accordion-item-title\" data-accordion-index=\"1\" tabindex=\"0\" aria-expanded=\"false\" aria-controls=\"e-n-accordion-item-2440\" >\n\t\t\t\t\t<span class='e-n-accordion-item-title-header'><p class=\"e-n-accordion-item-title-text\"> Leer m\u00e1s <\/p><\/span>\n\t\t\t\t\t\t\t<span class='e-n-accordion-item-title-icon'>\n\t\t\t<span class='e-opened' ><i aria-hidden=\"true\" class=\"fas fa-minus\"><\/i><\/span>\n\t\t\t<span class='e-closed'><i aria-hidden=\"true\" class=\"fas fa-plus\"><\/i><\/span>\n\t\t<\/span>\n\n\t\t\t\t\t\t<\/summary>\n\t\t\t\t<div role=\"region\" aria-labelledby=\"e-n-accordion-item-2440\" class=\"elementor-element elementor-element-654e3f0 e-con-full e-flex e-con e-child\" data-id=\"654e3f0\" data-element_type=\"container\">\n\t\t\t\t<div class=\"elementor-element elementor-element-90fdccd elementor-widget elementor-widget-text-editor\" data-id=\"90fdccd\" data-element_type=\"widget\" data-widget_type=\"text-editor.default\">\n\t\t\t\t<div class=\"elementor-widget-container\">\n\t\t\t\t\t\t\t<p>En su juventud, leyendo revistas de \u00e9poca, Mario descubri\u00f3 su amor por los a\u00f1os 30, consider\u00e1ndolos como la d\u00e9cada de mayor desarrollo tecnol\u00f3gico del siglo XX y encontrando inspiraci\u00f3n en el futurismo y el art d\u00e9co. Esta pasi\u00f3n le llev\u00f3 a ampliar su colecci\u00f3n no s\u00f3lo a las motos en s\u00ed, sino tambi\u00e9n a todos los objetos relacionados, como carteles, latas de aceite, folletos, carteles, anuncios y gadgets. Con m\u00e1s de 100 carteles con motivos de motocicletas y cientos de libros, folletos, latas de aceite y gadgets, Mario tiene una de las colecciones italianas m\u00e1s importantes del sector.<\/p><p>A Mario le encanta el material papel porque al tacto le transmite las sensaciones de los a\u00f1os en que fue impreso y le permite contextualizar con absoluta seguridad todo lo relacionado con el mundo de las motos vintage. Ha sido propietario de algunas de las motocicletas de antes de la guerra m\u00e1s importantes de la historia, incluidas la Moto Guzzi Sport 14 y la Gilera 500 de 8 tornillos, adem\u00e1s de motocicletas y modelos de fabricaci\u00f3n inglesa.<br \/>Franc\u00e9s.<\/p><p>Gracias a sus conocimientos, Mario ha construido a lo largo de los a\u00f1os una red muy rica de coleccionistas de motos, en Italia y en el resto de Europa, contribuyendo as\u00ed a crear una comunidad apasionada y dedicada al mundo de las motos antiguas. Con su contagioso entusiasmo y su vasto conocimiento, Mario Longoni contin\u00faa inspirando y enriqueciendo a la comunidad del motociclista cl\u00e1sico, con el \u00fanico objetivo de preservar la historia de las dos ruedas. Su (indescriptible) sue\u00f1o es el Mercedes SSK Conte Trossi.<\/p>\t\t\t\t\t\t<\/div>\n\t\t\t\t<\/div>\n\t\t\t\t<\/div>\n\t\t\t\t\t<\/details>\n\t\t\t\t\t<\/div>\n\t\t\t\t<\/div>\n\t\t\t\t<\/div>\n\t\t\t\t\t<\/div>\n\t\t\t\t<\/div>\n\t\t<div class=\"elementor-element elementor-element-42100f6 e-flex e-con-boxed e-con e-child\" data-id=\"42100f6\" data-element_type=\"container\">\n\t\t\t\t\t<div class=\"e-con-inner\">\n\t\t\t\t<div class=\"elementor-element elementor-element-50b6aca elementor-widget elementor-widget-text-editor\" data-id=\"50b6aca\" data-element_type=\"widget\" data-widget_type=\"text-editor.default\">\n\t\t\t\t<div class=\"elementor-widget-container\">\n\t\t\t\t\t\t\t<ul><li>Cultura motociclista sin l\u00edmites<\/li><li>Dispone de uno de los mayores archivos de material en papel dedicado a motos antiguas.<\/li><li>Red consolidada en la comunidad motociclista europea<\/li><li>30 a\u00f1os de experiencia en el campo.<\/li><\/ul>\t\t\t\t\t\t<\/div>\n\t\t\t\t<\/div>\n\t\t\t\t\t<\/div>\n\t\t\t\t<\/div>\n\t\t\t\t\t<\/div>\n\t\t\t\t<\/div>\n\t\t\t\t\t<\/div>\n\t\t\t\t<\/section>\n\t\t\t\t<\/div>","protected":false},"excerpt":{"rendered":"<p>\u201cIl profumo della carta degli anni \u201930 mi proietta immediatamente nella Parigi dell\u2019Art Deco\u201d Mario Longoni \u00e8 un collezionista e esperto di moto con una storia che risale all&#8217;infanzia, quando frequentava l&#8217;officina di moto del suo paese, a Cesano Maderno (distante pochi chilometri da Milano). Da allora, la sua passione&hellip;<\/p>","protected":false},"author":16,"featured_media":0,"parent":4511,"menu_order":0,"comment_status":"closed","ping_status":"closed","template":"elementor_header_footer","meta":{"footnotes":""},"class_list":["post-6613","page","type-page","status-publish","hentry"],"yoast_head":"<!-- This site is optimized with the Yoast SEO plugin v22.3 - https:\/\/yoast.com\/wordpress\/plugins\/seo\/ -->\n<title>Mario Longoni - The Authentic Vintage<\/title>\n<meta name=\"robots\" content=\"index, follow, max-snippet:-1, max-image-preview:large, max-video-preview:-1\" \/>\n<link rel=\"canonical\" href=\"https:\/\/www.theauthenticvintage.com\/es\/chi-siamo\/mario-longoni\/\" \/>\n<meta property=\"og:locale\" content=\"es_ES\" \/>\n<meta property=\"og:type\" content=\"article\" \/>\n<meta property=\"og:title\" content=\"Mario Longoni - The Authentic Vintage\" \/>\n<meta property=\"og:description\" content=\"\u201cIl profumo della carta degli anni \u201930 mi proietta immediatamente nella Parigi dell\u2019Art Deco\u201d Mario Longoni \u00e8 un collezionista e esperto di moto con una storia che risale all&#8217;infanzia, quando frequentava l&#8217;officina di moto del suo paese, a Cesano Maderno (distante pochi chilometri da Milano). Da allora, la sua passione&hellip;\" \/>\n<meta property=\"og:url\" content=\"https:\/\/www.theauthenticvintage.com\/es\/chi-siamo\/mario-longoni\/\" \/>\n<meta property=\"og:site_name\" content=\"The Authentic Vintage\" \/>\n<meta property=\"article:modified_time\" content=\"2024-03-19T16:05:05+00:00\" \/>\n<meta property=\"og:image\" content=\"https:\/\/www.theauthenticvintage.com\/wp-content\/uploads\/2024\/03\/Mario-Longoni-2.jpg\" \/>\n<meta name=\"twitter:card\" content=\"summary_large_image\" \/>\n<meta name=\"twitter:label1\" content=\"Tiempo de lectura\" \/>\n\t<meta name=\"twitter:data1\" content=\"4 minutos\" \/>\n<script type=\"application\/ld+json\" class=\"yoast-schema-graph\">{\"@context\":\"https:\/\/schema.org\",\"@graph\":[{\"@type\":\"WebPage\",\"@id\":\"https:\/\/www.theauthenticvintage.com\/chi-siamo\/mario-longoni\/\",\"url\":\"https:\/\/www.theauthenticvintage.com\/chi-siamo\/mario-longoni\/\",\"name\":\"Mario Longoni - The Authentic Vintage\",\"isPartOf\":{\"@id\":\"https:\/\/www.theauthenticvintage.com\/#website\"},\"primaryImageOfPage\":{\"@id\":\"https:\/\/www.theauthenticvintage.com\/chi-siamo\/mario-longoni\/#primaryimage\"},\"image\":{\"@id\":\"https:\/\/www.theauthenticvintage.com\/chi-siamo\/mario-longoni\/#primaryimage\"},\"thumbnailUrl\":\"https:\/\/www.theauthenticvintage.com\/wp-content\/uploads\/2024\/03\/Mario-Longoni-2.jpg\",\"datePublished\":\"2024-03-15T21:14:09+00:00\",\"dateModified\":\"2024-03-19T16:05:05+00:00\",\"breadcrumb\":{\"@id\":\"https:\/\/www.theauthenticvintage.com\/chi-siamo\/mario-longoni\/#breadcrumb\"},\"inLanguage\":\"es\",\"potentialAction\":[{\"@type\":\"ReadAction\",\"target\":[\"https:\/\/www.theauthenticvintage.com\/chi-siamo\/mario-longoni\/\"]}]},{\"@type\":\"ImageObject\",\"inLanguage\":\"es\",\"@id\":\"https:\/\/www.theauthenticvintage.com\/chi-siamo\/mario-longoni\/#primaryimage\",\"url\":\"https:\/\/www.theauthenticvintage.com\/wp-content\/uploads\/2024\/03\/Mario-Longoni-2.jpg\",\"contentUrl\":\"https:\/\/www.theauthenticvintage.com\/wp-content\/uploads\/2024\/03\/Mario-Longoni-2.jpg\",\"width\":1600,\"height\":1300},{\"@type\":\"BreadcrumbList\",\"@id\":\"https:\/\/www.theauthenticvintage.com\/chi-siamo\/mario-longoni\/#breadcrumb\",\"itemListElement\":[{\"@type\":\"ListItem\",\"position\":1,\"name\":\"Home\",\"item\":\"https:\/\/www.theauthenticvintage.com\/\"},{\"@type\":\"ListItem\",\"position\":2,\"name\":\"Chi siamo\",\"item\":\"https:\/\/www.theauthenticvintage.com\/chi-siamo\/\"},{\"@type\":\"ListItem\",\"position\":3,\"name\":\"Mario Longoni\"}]},{\"@type\":\"WebSite\",\"@id\":\"https:\/\/www.theauthenticvintage.com\/#website\",\"url\":\"https:\/\/www.theauthenticvintage.com\/\",\"name\":\"The Authentic Vintage\",\"description\":\"\",\"potentialAction\":[{\"@type\":\"SearchAction\",\"target\":{\"@type\":\"EntryPoint\",\"urlTemplate\":\"https:\/\/www.theauthenticvintage.com\/?s={search_term_string}\"},\"query-input\":\"required name=search_term_string\"}],\"inLanguage\":\"es\"}]}<\/script>\n<!-- \/ Yoast SEO plugin. -->","yoast_head_json":{"title":"Mario Longoni - The Authentic Vintage","robots":{"index":"index","follow":"follow","max-snippet":"max-snippet:-1","max-image-preview":"max-image-preview:large","max-video-preview":"max-video-preview:-1"},"canonical":"https:\/\/www.theauthenticvintage.com\/es\/chi-siamo\/mario-longoni\/","og_locale":"es_ES","og_type":"article","og_title":"Mario Longoni - The Authentic Vintage","og_description":"\u201cIl profumo della carta degli anni \u201930 mi proietta immediatamente nella Parigi dell\u2019Art Deco\u201d Mario Longoni \u00e8 un collezionista e esperto di moto con una storia che risale all&#8217;infanzia, quando frequentava l&#8217;officina di moto del suo paese, a Cesano Maderno (distante pochi chilometri da Milano). Da allora, la sua passione&hellip;","og_url":"https:\/\/www.theauthenticvintage.com\/es\/chi-siamo\/mario-longoni\/","og_site_name":"The Authentic Vintage","article_modified_time":"2024-03-19T16:05:05+00:00","og_image":[{"url":"https:\/\/www.theauthenticvintage.com\/wp-content\/uploads\/2024\/03\/Mario-Longoni-2.jpg"}],"twitter_card":"summary_large_image","twitter_misc":{"Tiempo de lectura":"4 minutos"},"schema":{"@context":"https:\/\/schema.org","@graph":[{"@type":"WebPage","@id":"https:\/\/www.theauthenticvintage.com\/chi-siamo\/mario-longoni\/","url":"https:\/\/www.theauthenticvintage.com\/chi-siamo\/mario-longoni\/","name":"Mario Longoni - The Authentic Vintage","isPartOf":{"@id":"https:\/\/www.theauthenticvintage.com\/#website"},"primaryImageOfPage":{"@id":"https:\/\/www.theauthenticvintage.com\/chi-siamo\/mario-longoni\/#primaryimage"},"image":{"@id":"https:\/\/www.theauthenticvintage.com\/chi-siamo\/mario-longoni\/#primaryimage"},"thumbnailUrl":"https:\/\/www.theauthenticvintage.com\/wp-content\/uploads\/2024\/03\/Mario-Longoni-2.jpg","datePublished":"2024-03-15T21:14:09+00:00","dateModified":"2024-03-19T16:05:05+00:00","breadcrumb":{"@id":"https:\/\/www.theauthenticvintage.com\/chi-siamo\/mario-longoni\/#breadcrumb"},"inLanguage":"es","potentialAction":[{"@type":"ReadAction","target":["https:\/\/www.theauthenticvintage.com\/chi-siamo\/mario-longoni\/"]}]},{"@type":"ImageObject","inLanguage":"es","@id":"https:\/\/www.theauthenticvintage.com\/chi-siamo\/mario-longoni\/#primaryimage","url":"https:\/\/www.theauthenticvintage.com\/wp-content\/uploads\/2024\/03\/Mario-Longoni-2.jpg","contentUrl":"https:\/\/www.theauthenticvintage.com\/wp-content\/uploads\/2024\/03\/Mario-Longoni-2.jpg","width":1600,"height":1300},{"@type":"BreadcrumbList","@id":"https:\/\/www.theauthenticvintage.com\/chi-siamo\/mario-longoni\/#breadcrumb","itemListElement":[{"@type":"ListItem","position":1,"name":"Home","item":"https:\/\/www.theauthenticvintage.com\/"},{"@type":"ListItem","position":2,"name":"Chi siamo","item":"https:\/\/www.theauthenticvintage.com\/chi-siamo\/"},{"@type":"ListItem","position":3,"name":"Mario Longoni"}]},{"@type":"WebSite","@id":"https:\/\/www.theauthenticvintage.com\/#website","url":"https:\/\/www.theauthenticvintage.com\/","name":"The Authentic Vintage","description":"","potentialAction":[{"@type":"SearchAction","target":{"@type":"EntryPoint","urlTemplate":"https:\/\/www.theauthenticvintage.com\/?s={search_term_string}"},"query-input":"required name=search_term_string"}],"inLanguage":"es"}]}},"jetpack_sharing_enabled":true,"_links":{"self":[{"href":"https:\/\/www.theauthenticvintage.com\/es\/wp-json\/wp\/v2\/pages\/6613","targetHints":{"allow":["GET"]}}],"collection":[{"href":"https:\/\/www.theauthenticvintage.com\/es\/wp-json\/wp\/v2\/pages"}],"about":[{"href":"https:\/\/www.theauthenticvintage.com\/es\/wp-json\/wp\/v2\/types\/page"}],"author":[{"embeddable":true,"href":"https:\/\/www.theauthenticvintage.com\/es\/wp-json\/wp\/v2\/users\/16"}],"replies":[{"embeddable":true,"href":"https:\/\/www.theauthenticvintage.com\/es\/wp-json\/wp\/v2\/comments?post=6613"}],"version-history":[{"count":7,"href":"https:\/\/www.theauthenticvintage.com\/es\/wp-json\/wp\/v2\/pages\/6613\/revisions"}],"predecessor-version":[{"id":6746,"href":"https:\/\/www.theauthenticvintage.com\/es\/wp-json\/wp\/v2\/pages\/6613\/revisions\/6746"}],"up":[{"embeddable":true,"href":"https:\/\/www.theauthenticvintage.com\/es\/wp-json\/wp\/v2\/pages\/4511"}],"wp:attachment":[{"href":"https:\/\/www.theauthenticvintage.com\/es\/wp-json\/wp\/v2\/media?parent=6613"}],"curies":[{"name":"wp","href":"https:\/\/api.w.org\/{rel}","templated":true}]}}