{"id":6608,"date":"2024-03-15T22:09:23","date_gmt":"2024-03-15T21:09:23","guid":{"rendered":"https:\/\/www.theauthenticvintage.com\/?page_id=6608"},"modified":"2024-03-19T17:04:43","modified_gmt":"2024-03-19T16:04:43","slug":"ivan-endrizzi","status":"publish","type":"page","link":"https:\/\/www.theauthenticvintage.com\/es\/chi-siamo\/ivan-endrizzi\/","title":{"rendered":"Ivan Endrizzi"},"content":{"rendered":"<div data-elementor-type=\"wp-page\" data-elementor-id=\"6608\" class=\"elementor elementor-6608\">\n\t\t\t\t<section class=\"elementor-element elementor-element-bad3837 e-flex e-con-boxed e-con e-parent\" data-id=\"bad3837\" data-element_type=\"container\" data-settings=\"{&quot;background_background&quot;:&quot;classic&quot;}\" data-core-v316-plus=\"true\">\n\t\t\t\t\t<div class=\"e-con-inner\">\n\t\t\t\t<div class=\"elementor-element elementor-element-6bf5fd1 elementor-invisible elementor-widget elementor-widget-heading\" data-id=\"6bf5fd1\" data-element_type=\"widget\" data-settings=\"{&quot;_animation&quot;:&quot;fadeIn&quot;}\" data-widget_type=\"heading.default\">\n\t\t\t\t<div class=\"elementor-widget-container\">\n\t\t\t<style>\/*! elementor - v3.20.0 - 26-03-2024 *\/\n.elementor-heading-title{padding:0;margin:0;line-height:1}.elementor-widget-heading .elementor-heading-title[class*=elementor-size-]>a{color:inherit;font-size:inherit;line-height:inherit}.elementor-widget-heading .elementor-heading-title.elementor-size-small{font-size:15px}.elementor-widget-heading .elementor-heading-title.elementor-size-medium{font-size:19px}.elementor-widget-heading .elementor-heading-title.elementor-size-large{font-size:29px}.elementor-widget-heading .elementor-heading-title.elementor-size-xl{font-size:39px}.elementor-widget-heading .elementor-heading-title.elementor-size-xxl{font-size:59px}<\/style><h2 class=\"elementor-heading-title elementor-size-default\">Ivan Endrizzi<\/h2>\t\t<\/div>\n\t\t\t\t<\/div>\n\t\t<div class=\"elementor-element elementor-element-bf99719 e-flex e-con-boxed e-con e-child\" data-id=\"bf99719\" data-element_type=\"container\">\n\t\t\t\t\t<div class=\"e-con-inner\">\n\t\t<div class=\"elementor-element elementor-element-a4d0d2b e-con-full e-flex e-con e-child\" data-id=\"a4d0d2b\" data-element_type=\"container\">\n\t\t<div class=\"elementor-element elementor-element-653c3f2 e-con-full e-flex e-con e-child\" data-id=\"653c3f2\" data-element_type=\"container\">\n\t\t\t\t<div class=\"elementor-element elementor-element-5d96f05 elementor-widget elementor-widget-image\" data-id=\"5d96f05\" data-element_type=\"widget\" data-widget_type=\"image.default\">\n\t\t\t\t<div class=\"elementor-widget-container\">\n\t\t\t<style>\/*! elementor - v3.20.0 - 26-03-2024 *\/\n.elementor-widget-image{text-align:center}.elementor-widget-image a{display:inline-block}.elementor-widget-image a img[src$=\".svg\"]{width:48px}.elementor-widget-image img{vertical-align:middle;display:inline-block}<\/style>\t\t\t\t\t\t\t\t\t\t<img fetchpriority=\"high\" decoding=\"async\" width=\"1440\" height=\"1440\" src=\"https:\/\/www.theauthenticvintage.com\/wp-content\/uploads\/2024\/03\/Ivan-Endrizzi-1.jpg\" class=\"attachment-full size-full wp-image-6489\" alt=\"\" srcset=\"https:\/\/www.theauthenticvintage.com\/wp-content\/uploads\/2024\/03\/Ivan-Endrizzi-1.jpg 1440w, https:\/\/www.theauthenticvintage.com\/wp-content\/uploads\/2024\/03\/Ivan-Endrizzi-1-300x300.jpg 300w, https:\/\/www.theauthenticvintage.com\/wp-content\/uploads\/2024\/03\/Ivan-Endrizzi-1-1024x1024.jpg 1024w, https:\/\/www.theauthenticvintage.com\/wp-content\/uploads\/2024\/03\/Ivan-Endrizzi-1-150x150.jpg 150w, https:\/\/www.theauthenticvintage.com\/wp-content\/uploads\/2024\/03\/Ivan-Endrizzi-1-768x768.jpg 768w, https:\/\/www.theauthenticvintage.com\/wp-content\/uploads\/2024\/03\/Ivan-Endrizzi-1-450x450.jpg 450w, https:\/\/www.theauthenticvintage.com\/wp-content\/uploads\/2024\/03\/Ivan-Endrizzi-1-900x900.jpg 900w, https:\/\/www.theauthenticvintage.com\/wp-content\/uploads\/2024\/03\/Ivan-Endrizzi-1-100x100.jpg 100w\" sizes=\"(max-width: 1440px) 100vw, 1440px\" \/>\t\t\t\t\t\t\t\t\t\t\t\t\t<\/div>\n\t\t\t\t<\/div>\n\t\t\t\t<div class=\"elementor-element elementor-element-2f54a04 elementor-widget elementor-widget-text-editor\" data-id=\"2f54a04\" data-element_type=\"widget\" data-widget_type=\"text-editor.default\">\n\t\t\t\t<div class=\"elementor-widget-container\">\n\t\t\t<style>\/*! elementor - v3.20.0 - 26-03-2024 *\/\n.elementor-widget-text-editor.elementor-drop-cap-view-stacked .elementor-drop-cap{background-color:#69727d;color:#fff}.elementor-widget-text-editor.elementor-drop-cap-view-framed .elementor-drop-cap{color:#69727d;border:3px solid;background-color:transparent}.elementor-widget-text-editor:not(.elementor-drop-cap-view-default) .elementor-drop-cap{margin-top:8px}.elementor-widget-text-editor:not(.elementor-drop-cap-view-default) .elementor-drop-cap-letter{width:1em;height:1em}.elementor-widget-text-editor .elementor-drop-cap{float:left;text-align:center;line-height:1;font-size:50px}.elementor-widget-text-editor .elementor-drop-cap-letter{display:inline-block}<\/style>\t\t\t\t<p><em>\u201cMe interes\u00e9 por los objetos antiguos por la historia que est\u00e1n imbuidos y quiero saber todo sobre su procedencia y su uso\u201d.<\/em><\/p>\t\t\t\t\t\t<\/div>\n\t\t\t\t<\/div>\n\t\t\t\t<\/div>\n\t\t<div class=\"elementor-element elementor-element-561ba9d e-flex e-con-boxed e-con e-child\" data-id=\"561ba9d\" data-element_type=\"container\">\n\t\t\t\t\t<div class=\"e-con-inner\">\n\t\t\t\t<div class=\"elementor-element elementor-element-493cbda elementor-widget elementor-widget-image\" data-id=\"493cbda\" data-element_type=\"widget\" data-widget_type=\"image.default\">\n\t\t\t\t<div class=\"elementor-widget-container\">\n\t\t\t\t\t\t\t\t\t\t\t\t\t<img decoding=\"async\" width=\"1417\" height=\"1979\" src=\"https:\/\/www.theauthenticvintage.com\/wp-content\/uploads\/2024\/03\/Ivan-Endrizzi-2.jpg\" class=\"attachment-full size-full wp-image-6490\" alt=\"\" srcset=\"https:\/\/www.theauthenticvintage.com\/wp-content\/uploads\/2024\/03\/Ivan-Endrizzi-2.jpg 1417w, https:\/\/www.theauthenticvintage.com\/wp-content\/uploads\/2024\/03\/Ivan-Endrizzi-2-215x300.jpg 215w, https:\/\/www.theauthenticvintage.com\/wp-content\/uploads\/2024\/03\/Ivan-Endrizzi-2-733x1024.jpg 733w, https:\/\/www.theauthenticvintage.com\/wp-content\/uploads\/2024\/03\/Ivan-Endrizzi-2-768x1073.jpg 768w, https:\/\/www.theauthenticvintage.com\/wp-content\/uploads\/2024\/03\/Ivan-Endrizzi-2-1100x1536.jpg 1100w, https:\/\/www.theauthenticvintage.com\/wp-content\/uploads\/2024\/03\/Ivan-Endrizzi-2-107x150.jpg 107w, https:\/\/www.theauthenticvintage.com\/wp-content\/uploads\/2024\/03\/Ivan-Endrizzi-2-450x628.jpg 450w, https:\/\/www.theauthenticvintage.com\/wp-content\/uploads\/2024\/03\/Ivan-Endrizzi-2-900x1257.jpg 900w\" sizes=\"(max-width: 1417px) 100vw, 1417px\" \/>\t\t\t\t\t\t\t\t\t\t\t\t\t<\/div>\n\t\t\t\t<\/div>\n\t\t\t\t<div class=\"elementor-element elementor-element-ece76fb elementor-widget elementor-widget-image\" data-id=\"ece76fb\" data-element_type=\"widget\" data-widget_type=\"image.default\">\n\t\t\t\t<div class=\"elementor-widget-container\">\n\t\t\t\t\t\t\t\t\t\t\t\t\t<img decoding=\"async\" width=\"400\" height=\"400\" src=\"https:\/\/www.theauthenticvintage.com\/wp-content\/uploads\/2024\/03\/Ivan-Endrizzi.jpg\" class=\"attachment-full size-full wp-image-6721\" alt=\"\" srcset=\"https:\/\/www.theauthenticvintage.com\/wp-content\/uploads\/2024\/03\/Ivan-Endrizzi.jpg 400w, https:\/\/www.theauthenticvintage.com\/wp-content\/uploads\/2024\/03\/Ivan-Endrizzi-300x300.jpg 300w, https:\/\/www.theauthenticvintage.com\/wp-content\/uploads\/2024\/03\/Ivan-Endrizzi-150x150.jpg 150w, https:\/\/www.theauthenticvintage.com\/wp-content\/uploads\/2024\/03\/Ivan-Endrizzi-100x100.jpg 100w\" sizes=\"(max-width: 400px) 100vw, 400px\" \/>\t\t\t\t\t\t\t\t\t\t\t\t\t<\/div>\n\t\t\t\t<\/div>\n\t\t\t\t\t<\/div>\n\t\t\t\t<\/div>\n\t\t\t\t<\/div>\n\t\t\t\t\t<\/div>\n\t\t\t\t<\/div>\n\t\t<div class=\"elementor-element elementor-element-c8142f4 e-flex e-con-boxed e-con e-child\" data-id=\"c8142f4\" data-element_type=\"container\">\n\t\t\t\t\t<div class=\"e-con-inner\">\n\t\t<div class=\"elementor-element elementor-element-33b37ec e-flex e-con-boxed e-con e-child\" data-id=\"33b37ec\" data-element_type=\"container\">\n\t\t\t\t\t<div class=\"e-con-inner\">\n\t\t\t\t<div class=\"elementor-element elementor-element-a018ef0 elementor-widget elementor-widget-text-editor\" data-id=\"a018ef0\" data-element_type=\"widget\" data-widget_type=\"text-editor.default\">\n\t\t\t\t<div class=\"elementor-widget-container\">\n\t\t\t\t\t\t\t<p>Ivan Endrizzi es un apasionado coleccionista de carteles esmaltados y objetos vintage exclusivos desde hace unos 10 a\u00f1os. Est\u00e1 constantemente activo en la escena internacional en busca de piezas interesantes. La Colecci\u00f3n Endrizzi se centra principalmente en anuncios de comida y bebidas italianas del siglo XX, pero no renuncia a oscilar entre otros g\u00e9neros.<\/p>\t\t\t\t\t\t<\/div>\n\t\t\t\t<\/div>\n\t\t\t\t<div class=\"elementor-element elementor-element-e90a83e elementor-widget elementor-widget-n-accordion\" data-id=\"e90a83e\" data-element_type=\"widget\" data-settings=\"{&quot;default_state&quot;:&quot;all_collapsed&quot;,&quot;max_items_expended&quot;:&quot;one&quot;,&quot;n_accordion_animation_duration&quot;:{&quot;unit&quot;:&quot;ms&quot;,&quot;size&quot;:400,&quot;sizes&quot;:[]}}\" data-widget_type=\"nested-accordion.default\">\n\t\t\t\t<div class=\"elementor-widget-container\">\n\t\t\t\t\t<div class=\"e-n-accordion\" aria-label=\"Acorde\u00f3n. Abra enlaces con Intro o Espacio, ci\u00e9rrelos con Escape y navegue con las teclas de flecha\">\n\t\t\t\t\t\t<details id=\"e-n-accordion-item-2440\" class=\"e-n-accordion-item\" >\n\t\t\t\t<summary class=\"e-n-accordion-item-title\" data-accordion-index=\"1\" tabindex=\"0\" aria-expanded=\"false\" aria-controls=\"e-n-accordion-item-2440\" >\n\t\t\t\t\t<span class='e-n-accordion-item-title-header'><p class=\"e-n-accordion-item-title-text\"> Leer m\u00e1s <\/p><\/span>\n\t\t\t\t\t\t\t<span class='e-n-accordion-item-title-icon'>\n\t\t\t<span class='e-opened' ><i aria-hidden=\"true\" class=\"fas fa-minus\"><\/i><\/span>\n\t\t\t<span class='e-closed'><i aria-hidden=\"true\" class=\"fas fa-plus\"><\/i><\/span>\n\t\t<\/span>\n\n\t\t\t\t\t\t<\/summary>\n\t\t\t\t<div role=\"region\" aria-labelledby=\"e-n-accordion-item-2440\" class=\"elementor-element elementor-element-654e3f0 e-con-full e-flex e-con e-child\" data-id=\"654e3f0\" data-element_type=\"container\">\n\t\t\t\t<div class=\"elementor-element elementor-element-90fdccd elementor-widget elementor-widget-text-editor\" data-id=\"90fdccd\" data-element_type=\"widget\" data-widget_type=\"text-editor.default\">\n\t\t\t\t<div class=\"elementor-widget-container\">\n\t\t\t\t\t\t\t<p>En su colecci\u00f3n puede presumir de varias piezas \u00fanicas, algunas incluso pintadas a mano en los primeros a\u00f1os del siglo pasado, y es precisamente en estas piezas donde se desata su esp\u00edritu investigador, ya que cree que el valor de un objeto viene dado por su historia, m\u00e1s que por su valor comercial. En este punto, a Iv\u00e1n le surgen una serie de preguntas: \u00bfqu\u00e9 pas\u00f3 con el bar donde alguna vez se exhibi\u00f3 ese anuncio? \u00bfPor qu\u00e9 el objeto desapareci\u00f3 del radar durante varias d\u00e9cadas antes de llegar a \u00e9l? Cada pieza Vintage va revelando poco a poco su historia \u00fanica. Y la vieja pintura desmoronada esconde muchas otras historias: tristes, felices, emocionantes y misteriosas.<\/p><p>\u201cMe interes\u00e9 por los objetos antiguos por la historia que est\u00e1n imbuidos y quiero saber todo sobre su procedencia y su uso\u201d.<\/p><p>Cada objeto incluido en la Colecci\u00f3n Endrizzi est\u00e1 lleno de una larga historia. Casi todos los d\u00edas, Ivan Endrizzi recibe ofertas de coleccionistas y comerciantes que esperan despertar su inter\u00e9s con antiguos carteles publicitarios esmaltados y de ne\u00f3n, carteles publicitarios y otras rarezas. Es muy activo en los mercados de habla alemana, ya que su lengua materna es el alem\u00e1n.<\/p><p>\u201cPuedo comprender inmediatamente si una antigua obra maestra es adecuada para romper un espacio conceptual y crear algo \u00fanico a trav\u00e9s de esta ruptura como un atractivo irresistible. Si bien la antig\u00fcedad, la rareza y el estado de un art\u00edculo determinan su precio, para m\u00ed el valor de un objeto de colecci\u00f3n reside principalmente en la brillantez de su obra de arte y su poderoso mensaje que sigue siendo relevante hoy en d\u00eda. S\u00f3lo me involucro \u00edntimamente con una pieza cuando experimento esta afinidad f\u00edsica\u201d.<\/p>\t\t\t\t\t\t<\/div>\n\t\t\t\t<\/div>\n\t\t\t\t<\/div>\n\t\t\t\t\t<\/details>\n\t\t\t\t\t<\/div>\n\t\t\t\t<\/div>\n\t\t\t\t<\/div>\n\t\t\t\t\t<\/div>\n\t\t\t\t<\/div>\n\t\t<div class=\"elementor-element elementor-element-42100f6 e-flex e-con-boxed e-con e-child\" data-id=\"42100f6\" data-element_type=\"container\">\n\t\t\t\t\t<div class=\"e-con-inner\">\n\t\t\t\t<div class=\"elementor-element elementor-element-50b6aca elementor-widget elementor-widget-text-editor\" data-id=\"50b6aca\" data-element_type=\"widget\" data-widget_type=\"text-editor.default\">\n\t\t\t\t<div class=\"elementor-widget-container\">\n\t\t\t\t\t\t\t<ul><li>Nacido en el seno de una familia de emprendedores, ha hecho del Vintage un trabajo altamente especializado<\/li><li>La Colecci\u00f3n Endrizzi cuenta con varias piezas \u00fanicas, que se han convertido en casos de estudio para otros coleccionistas.<\/li><li>Tiene 10 a\u00f1os de experiencia en su campo.<\/li><\/ul>\t\t\t\t\t\t<\/div>\n\t\t\t\t<\/div>\n\t\t\t\t\t<\/div>\n\t\t\t\t<\/div>\n\t\t\t\t\t<\/div>\n\t\t\t\t<\/div>\n\t\t\t\t\t<\/div>\n\t\t\t\t<\/section>\n\t\t\t\t<\/div>","protected":false},"excerpt":{"rendered":"<p>&#8220;Mi sono interessato agli oggetti vintage per la storia di cui sono intrisi, e voglio scoprire tutto sulla loro provenienza e sul loro utilizzo.&#8221; Ivan Endrizzi \u00e8 da circa 10 anni un appassionato collezionista di insegne smaltate ed oggetti vintage esclusivi. \u00c8 costantemente attivo sulla scena internazionale alla ricerca di&hellip;<\/p>","protected":false},"author":16,"featured_media":0,"parent":4511,"menu_order":0,"comment_status":"closed","ping_status":"closed","template":"elementor_header_footer","meta":{"footnotes":""},"class_list":["post-6608","page","type-page","status-publish","hentry"],"yoast_head":"<!-- This site is optimized with the Yoast SEO plugin v22.3 - https:\/\/yoast.com\/wordpress\/plugins\/seo\/ -->\n<title>Ivan Endrizzi - The Authentic Vintage<\/title>\n<meta name=\"robots\" content=\"index, follow, max-snippet:-1, max-image-preview:large, max-video-preview:-1\" \/>\n<link rel=\"canonical\" href=\"https:\/\/www.theauthenticvintage.com\/es\/chi-siamo\/ivan-endrizzi\/\" \/>\n<meta property=\"og:locale\" content=\"es_ES\" \/>\n<meta property=\"og:type\" content=\"article\" \/>\n<meta property=\"og:title\" content=\"Ivan Endrizzi - The Authentic Vintage\" \/>\n<meta property=\"og:description\" content=\"&#8220;Mi sono interessato agli oggetti vintage per la storia di cui sono intrisi, e voglio scoprire tutto sulla loro provenienza e sul loro utilizzo.&#8221; Ivan Endrizzi \u00e8 da circa 10 anni un appassionato collezionista di insegne smaltate ed oggetti vintage esclusivi. \u00c8 costantemente attivo sulla scena internazionale alla ricerca di&hellip;\" \/>\n<meta property=\"og:url\" content=\"https:\/\/www.theauthenticvintage.com\/es\/chi-siamo\/ivan-endrizzi\/\" \/>\n<meta property=\"og:site_name\" content=\"The Authentic Vintage\" \/>\n<meta property=\"article:modified_time\" content=\"2024-03-19T16:04:43+00:00\" \/>\n<meta property=\"og:image\" content=\"https:\/\/www.theauthenticvintage.com\/wp-content\/uploads\/2024\/03\/Ivan-Endrizzi-1.jpg\" \/>\n<meta name=\"twitter:card\" content=\"summary_large_image\" \/>\n<meta name=\"twitter:label1\" content=\"Tiempo de lectura\" \/>\n\t<meta name=\"twitter:data1\" content=\"5 minutos\" \/>\n<script type=\"application\/ld+json\" class=\"yoast-schema-graph\">{\"@context\":\"https:\/\/schema.org\",\"@graph\":[{\"@type\":\"WebPage\",\"@id\":\"https:\/\/www.theauthenticvintage.com\/chi-siamo\/ivan-endrizzi\/\",\"url\":\"https:\/\/www.theauthenticvintage.com\/chi-siamo\/ivan-endrizzi\/\",\"name\":\"Ivan Endrizzi - The Authentic Vintage\",\"isPartOf\":{\"@id\":\"https:\/\/www.theauthenticvintage.com\/#website\"},\"primaryImageOfPage\":{\"@id\":\"https:\/\/www.theauthenticvintage.com\/chi-siamo\/ivan-endrizzi\/#primaryimage\"},\"image\":{\"@id\":\"https:\/\/www.theauthenticvintage.com\/chi-siamo\/ivan-endrizzi\/#primaryimage\"},\"thumbnailUrl\":\"https:\/\/www.theauthenticvintage.com\/wp-content\/uploads\/2024\/03\/Ivan-Endrizzi-1.jpg\",\"datePublished\":\"2024-03-15T21:09:23+00:00\",\"dateModified\":\"2024-03-19T16:04:43+00:00\",\"breadcrumb\":{\"@id\":\"https:\/\/www.theauthenticvintage.com\/chi-siamo\/ivan-endrizzi\/#breadcrumb\"},\"inLanguage\":\"es\",\"potentialAction\":[{\"@type\":\"ReadAction\",\"target\":[\"https:\/\/www.theauthenticvintage.com\/chi-siamo\/ivan-endrizzi\/\"]}]},{\"@type\":\"ImageObject\",\"inLanguage\":\"es\",\"@id\":\"https:\/\/www.theauthenticvintage.com\/chi-siamo\/ivan-endrizzi\/#primaryimage\",\"url\":\"https:\/\/www.theauthenticvintage.com\/wp-content\/uploads\/2024\/03\/Ivan-Endrizzi-1.jpg\",\"contentUrl\":\"https:\/\/www.theauthenticvintage.com\/wp-content\/uploads\/2024\/03\/Ivan-Endrizzi-1.jpg\",\"width\":1440,\"height\":1440},{\"@type\":\"BreadcrumbList\",\"@id\":\"https:\/\/www.theauthenticvintage.com\/chi-siamo\/ivan-endrizzi\/#breadcrumb\",\"itemListElement\":[{\"@type\":\"ListItem\",\"position\":1,\"name\":\"Home\",\"item\":\"https:\/\/www.theauthenticvintage.com\/\"},{\"@type\":\"ListItem\",\"position\":2,\"name\":\"Chi siamo\",\"item\":\"https:\/\/www.theauthenticvintage.com\/chi-siamo\/\"},{\"@type\":\"ListItem\",\"position\":3,\"name\":\"Ivan Endrizzi\"}]},{\"@type\":\"WebSite\",\"@id\":\"https:\/\/www.theauthenticvintage.com\/#website\",\"url\":\"https:\/\/www.theauthenticvintage.com\/\",\"name\":\"The Authentic Vintage\",\"description\":\"\",\"potentialAction\":[{\"@type\":\"SearchAction\",\"target\":{\"@type\":\"EntryPoint\",\"urlTemplate\":\"https:\/\/www.theauthenticvintage.com\/?s={search_term_string}\"},\"query-input\":\"required name=search_term_string\"}],\"inLanguage\":\"es\"}]}<\/script>\n<!-- \/ Yoast SEO plugin. -->","yoast_head_json":{"title":"Ivan Endrizzi - The Authentic Vintage","robots":{"index":"index","follow":"follow","max-snippet":"max-snippet:-1","max-image-preview":"max-image-preview:large","max-video-preview":"max-video-preview:-1"},"canonical":"https:\/\/www.theauthenticvintage.com\/es\/chi-siamo\/ivan-endrizzi\/","og_locale":"es_ES","og_type":"article","og_title":"Ivan Endrizzi - The Authentic Vintage","og_description":"&#8220;Mi sono interessato agli oggetti vintage per la storia di cui sono intrisi, e voglio scoprire tutto sulla loro provenienza e sul loro utilizzo.&#8221; Ivan Endrizzi \u00e8 da circa 10 anni un appassionato collezionista di insegne smaltate ed oggetti vintage esclusivi. \u00c8 costantemente attivo sulla scena internazionale alla ricerca di&hellip;","og_url":"https:\/\/www.theauthenticvintage.com\/es\/chi-siamo\/ivan-endrizzi\/","og_site_name":"The Authentic Vintage","article_modified_time":"2024-03-19T16:04:43+00:00","og_image":[{"url":"https:\/\/www.theauthenticvintage.com\/wp-content\/uploads\/2024\/03\/Ivan-Endrizzi-1.jpg"}],"twitter_card":"summary_large_image","twitter_misc":{"Tiempo de lectura":"5 minutos"},"schema":{"@context":"https:\/\/schema.org","@graph":[{"@type":"WebPage","@id":"https:\/\/www.theauthenticvintage.com\/chi-siamo\/ivan-endrizzi\/","url":"https:\/\/www.theauthenticvintage.com\/chi-siamo\/ivan-endrizzi\/","name":"Ivan Endrizzi - The Authentic Vintage","isPartOf":{"@id":"https:\/\/www.theauthenticvintage.com\/#website"},"primaryImageOfPage":{"@id":"https:\/\/www.theauthenticvintage.com\/chi-siamo\/ivan-endrizzi\/#primaryimage"},"image":{"@id":"https:\/\/www.theauthenticvintage.com\/chi-siamo\/ivan-endrizzi\/#primaryimage"},"thumbnailUrl":"https:\/\/www.theauthenticvintage.com\/wp-content\/uploads\/2024\/03\/Ivan-Endrizzi-1.jpg","datePublished":"2024-03-15T21:09:23+00:00","dateModified":"2024-03-19T16:04:43+00:00","breadcrumb":{"@id":"https:\/\/www.theauthenticvintage.com\/chi-siamo\/ivan-endrizzi\/#breadcrumb"},"inLanguage":"es","potentialAction":[{"@type":"ReadAction","target":["https:\/\/www.theauthenticvintage.com\/chi-siamo\/ivan-endrizzi\/"]}]},{"@type":"ImageObject","inLanguage":"es","@id":"https:\/\/www.theauthenticvintage.com\/chi-siamo\/ivan-endrizzi\/#primaryimage","url":"https:\/\/www.theauthenticvintage.com\/wp-content\/uploads\/2024\/03\/Ivan-Endrizzi-1.jpg","contentUrl":"https:\/\/www.theauthenticvintage.com\/wp-content\/uploads\/2024\/03\/Ivan-Endrizzi-1.jpg","width":1440,"height":1440},{"@type":"BreadcrumbList","@id":"https:\/\/www.theauthenticvintage.com\/chi-siamo\/ivan-endrizzi\/#breadcrumb","itemListElement":[{"@type":"ListItem","position":1,"name":"Home","item":"https:\/\/www.theauthenticvintage.com\/"},{"@type":"ListItem","position":2,"name":"Chi siamo","item":"https:\/\/www.theauthenticvintage.com\/chi-siamo\/"},{"@type":"ListItem","position":3,"name":"Ivan Endrizzi"}]},{"@type":"WebSite","@id":"https:\/\/www.theauthenticvintage.com\/#website","url":"https:\/\/www.theauthenticvintage.com\/","name":"The Authentic Vintage","description":"","potentialAction":[{"@type":"SearchAction","target":{"@type":"EntryPoint","urlTemplate":"https:\/\/www.theauthenticvintage.com\/?s={search_term_string}"},"query-input":"required name=search_term_string"}],"inLanguage":"es"}]}},"jetpack_sharing_enabled":true,"_links":{"self":[{"href":"https:\/\/www.theauthenticvintage.com\/es\/wp-json\/wp\/v2\/pages\/6608","targetHints":{"allow":["GET"]}}],"collection":[{"href":"https:\/\/www.theauthenticvintage.com\/es\/wp-json\/wp\/v2\/pages"}],"about":[{"href":"https:\/\/www.theauthenticvintage.com\/es\/wp-json\/wp\/v2\/types\/page"}],"author":[{"embeddable":true,"href":"https:\/\/www.theauthenticvintage.com\/es\/wp-json\/wp\/v2\/users\/16"}],"replies":[{"embeddable":true,"href":"https:\/\/www.theauthenticvintage.com\/es\/wp-json\/wp\/v2\/comments?post=6608"}],"version-history":[{"count":7,"href":"https:\/\/www.theauthenticvintage.com\/es\/wp-json\/wp\/v2\/pages\/6608\/revisions"}],"predecessor-version":[{"id":6737,"href":"https:\/\/www.theauthenticvintage.com\/es\/wp-json\/wp\/v2\/pages\/6608\/revisions\/6737"}],"up":[{"embeddable":true,"href":"https:\/\/www.theauthenticvintage.com\/es\/wp-json\/wp\/v2\/pages\/4511"}],"wp:attachment":[{"href":"https:\/\/www.theauthenticvintage.com\/es\/wp-json\/wp\/v2\/media?parent=6608"}],"curies":[{"name":"wp","href":"https:\/\/api.w.org\/{rel}","templated":true}]}}