{"id":6600,"date":"2024-03-15T22:05:04","date_gmt":"2024-03-15T21:05:04","guid":{"rendered":"https:\/\/www.theauthenticvintage.com\/?page_id=6600"},"modified":"2024-03-19T17:04:49","modified_gmt":"2024-03-19T16:04:49","slug":"gianmarco-siciliano","status":"publish","type":"page","link":"https:\/\/www.theauthenticvintage.com\/es\/chi-siamo\/gianmarco-siciliano\/","title":{"rendered":"Gianmarco Siciliano"},"content":{"rendered":"<div data-elementor-type=\"wp-page\" data-elementor-id=\"6600\" class=\"elementor elementor-6600\">\n\t\t\t\t<section class=\"elementor-element elementor-element-bad3837 e-flex e-con-boxed e-con e-parent\" data-id=\"bad3837\" data-element_type=\"container\" data-settings=\"{&quot;background_background&quot;:&quot;classic&quot;}\" data-core-v316-plus=\"true\">\n\t\t\t\t\t<div class=\"e-con-inner\">\n\t\t\t\t<div class=\"elementor-element elementor-element-6bf5fd1 elementor-invisible elementor-widget elementor-widget-heading\" data-id=\"6bf5fd1\" data-element_type=\"widget\" data-settings=\"{&quot;_animation&quot;:&quot;fadeIn&quot;}\" data-widget_type=\"heading.default\">\n\t\t\t\t<div class=\"elementor-widget-container\">\n\t\t\t<style>\/*! elementor - v3.20.0 - 26-03-2024 *\/\n.elementor-heading-title{padding:0;margin:0;line-height:1}.elementor-widget-heading .elementor-heading-title[class*=elementor-size-]>a{color:inherit;font-size:inherit;line-height:inherit}.elementor-widget-heading .elementor-heading-title.elementor-size-small{font-size:15px}.elementor-widget-heading .elementor-heading-title.elementor-size-medium{font-size:19px}.elementor-widget-heading .elementor-heading-title.elementor-size-large{font-size:29px}.elementor-widget-heading .elementor-heading-title.elementor-size-xl{font-size:39px}.elementor-widget-heading .elementor-heading-title.elementor-size-xxl{font-size:59px}<\/style><h2 class=\"elementor-heading-title elementor-size-default\">Gianmarco Siciliano<\/h2>\t\t<\/div>\n\t\t\t\t<\/div>\n\t\t<div class=\"elementor-element elementor-element-bf99719 e-flex e-con-boxed e-con e-child\" data-id=\"bf99719\" data-element_type=\"container\">\n\t\t\t\t\t<div class=\"e-con-inner\">\n\t\t<div class=\"elementor-element elementor-element-a4d0d2b e-con-full e-flex e-con e-child\" data-id=\"a4d0d2b\" data-element_type=\"container\">\n\t\t<div class=\"elementor-element elementor-element-653c3f2 e-con-full e-flex e-con e-child\" data-id=\"653c3f2\" data-element_type=\"container\">\n\t\t\t\t<div class=\"elementor-element elementor-element-5d96f05 elementor-widget elementor-widget-image\" data-id=\"5d96f05\" data-element_type=\"widget\" data-widget_type=\"image.default\">\n\t\t\t\t<div class=\"elementor-widget-container\">\n\t\t\t<style>\/*! elementor - v3.20.0 - 26-03-2024 *\/\n.elementor-widget-image{text-align:center}.elementor-widget-image a{display:inline-block}.elementor-widget-image a img[src$=\".svg\"]{width:48px}.elementor-widget-image img{vertical-align:middle;display:inline-block}<\/style>\t\t\t\t\t\t\t\t\t\t<img fetchpriority=\"high\" decoding=\"async\" width=\"1920\" height=\"1440\" src=\"https:\/\/www.theauthenticvintage.com\/wp-content\/uploads\/2024\/03\/Gianmarco-Siciliano-5.jpg\" class=\"attachment-full size-full wp-image-6481\" alt=\"\" srcset=\"https:\/\/www.theauthenticvintage.com\/wp-content\/uploads\/2024\/03\/Gianmarco-Siciliano-5.jpg 1920w, https:\/\/www.theauthenticvintage.com\/wp-content\/uploads\/2024\/03\/Gianmarco-Siciliano-5-300x225.jpg 300w, https:\/\/www.theauthenticvintage.com\/wp-content\/uploads\/2024\/03\/Gianmarco-Siciliano-5-1024x768.jpg 1024w, https:\/\/www.theauthenticvintage.com\/wp-content\/uploads\/2024\/03\/Gianmarco-Siciliano-5-768x576.jpg 768w, https:\/\/www.theauthenticvintage.com\/wp-content\/uploads\/2024\/03\/Gianmarco-Siciliano-5-1536x1152.jpg 1536w, https:\/\/www.theauthenticvintage.com\/wp-content\/uploads\/2024\/03\/Gianmarco-Siciliano-5-150x113.jpg 150w, https:\/\/www.theauthenticvintage.com\/wp-content\/uploads\/2024\/03\/Gianmarco-Siciliano-5-450x338.jpg 450w, https:\/\/www.theauthenticvintage.com\/wp-content\/uploads\/2024\/03\/Gianmarco-Siciliano-5-900x675.jpg 900w\" sizes=\"(max-width: 1920px) 100vw, 1920px\" \/>\t\t\t\t\t\t\t\t\t\t\t\t\t<\/div>\n\t\t\t\t<\/div>\n\t\t\t\t<div class=\"elementor-element elementor-element-2f54a04 elementor-widget elementor-widget-text-editor\" data-id=\"2f54a04\" data-element_type=\"widget\" data-widget_type=\"text-editor.default\">\n\t\t\t\t<div class=\"elementor-widget-container\">\n\t\t\t<style>\/*! elementor - v3.20.0 - 26-03-2024 *\/\n.elementor-widget-text-editor.elementor-drop-cap-view-stacked .elementor-drop-cap{background-color:#69727d;color:#fff}.elementor-widget-text-editor.elementor-drop-cap-view-framed .elementor-drop-cap{color:#69727d;border:3px solid;background-color:transparent}.elementor-widget-text-editor:not(.elementor-drop-cap-view-default) .elementor-drop-cap{margin-top:8px}.elementor-widget-text-editor:not(.elementor-drop-cap-view-default) .elementor-drop-cap-letter{width:1em;height:1em}.elementor-widget-text-editor .elementor-drop-cap{float:left;text-align:center;line-height:1;font-size:50px}.elementor-widget-text-editor .elementor-drop-cap-letter{display:inline-block}<\/style>\t\t\t\t<p><em>\u201cMi lema es: compra al vendedor\u2026\u201d<\/em><\/p>\t\t\t\t\t\t<\/div>\n\t\t\t\t<\/div>\n\t\t\t\t<\/div>\n\t\t<div class=\"elementor-element elementor-element-561ba9d e-flex e-con-boxed e-con e-child\" data-id=\"561ba9d\" data-element_type=\"container\">\n\t\t\t\t\t<div class=\"e-con-inner\">\n\t\t\t\t<div class=\"elementor-element elementor-element-493cbda elementor-widget elementor-widget-image\" data-id=\"493cbda\" data-element_type=\"widget\" data-widget_type=\"image.default\">\n\t\t\t\t<div class=\"elementor-widget-container\">\n\t\t\t\t\t\t\t\t\t\t\t\t\t<img decoding=\"async\" width=\"1600\" height=\"1200\" src=\"https:\/\/www.theauthenticvintage.com\/wp-content\/uploads\/2024\/03\/Gianmarco-Siciliano-1.jpg\" class=\"attachment-full size-full wp-image-6477\" alt=\"\" srcset=\"https:\/\/www.theauthenticvintage.com\/wp-content\/uploads\/2024\/03\/Gianmarco-Siciliano-1.jpg 1600w, https:\/\/www.theauthenticvintage.com\/wp-content\/uploads\/2024\/03\/Gianmarco-Siciliano-1-300x225.jpg 300w, https:\/\/www.theauthenticvintage.com\/wp-content\/uploads\/2024\/03\/Gianmarco-Siciliano-1-1024x768.jpg 1024w, https:\/\/www.theauthenticvintage.com\/wp-content\/uploads\/2024\/03\/Gianmarco-Siciliano-1-768x576.jpg 768w, https:\/\/www.theauthenticvintage.com\/wp-content\/uploads\/2024\/03\/Gianmarco-Siciliano-1-1536x1152.jpg 1536w, https:\/\/www.theauthenticvintage.com\/wp-content\/uploads\/2024\/03\/Gianmarco-Siciliano-1-150x113.jpg 150w, https:\/\/www.theauthenticvintage.com\/wp-content\/uploads\/2024\/03\/Gianmarco-Siciliano-1-450x338.jpg 450w, https:\/\/www.theauthenticvintage.com\/wp-content\/uploads\/2024\/03\/Gianmarco-Siciliano-1-900x675.jpg 900w\" sizes=\"(max-width: 1600px) 100vw, 1600px\" \/>\t\t\t\t\t\t\t\t\t\t\t\t\t<\/div>\n\t\t\t\t<\/div>\n\t\t\t\t<div class=\"elementor-element elementor-element-ece76fb elementor-widget elementor-widget-image\" data-id=\"ece76fb\" data-element_type=\"widget\" data-widget_type=\"image.default\">\n\t\t\t\t<div class=\"elementor-widget-container\">\n\t\t\t\t\t\t\t\t\t\t\t\t\t<img decoding=\"async\" width=\"400\" height=\"400\" src=\"https:\/\/www.theauthenticvintage.com\/wp-content\/uploads\/2024\/03\/Gianmarco-Siciliano.jpg\" class=\"attachment-full size-full wp-image-6720\" alt=\"\" srcset=\"https:\/\/www.theauthenticvintage.com\/wp-content\/uploads\/2024\/03\/Gianmarco-Siciliano.jpg 400w, https:\/\/www.theauthenticvintage.com\/wp-content\/uploads\/2024\/03\/Gianmarco-Siciliano-300x300.jpg 300w, https:\/\/www.theauthenticvintage.com\/wp-content\/uploads\/2024\/03\/Gianmarco-Siciliano-150x150.jpg 150w, https:\/\/www.theauthenticvintage.com\/wp-content\/uploads\/2024\/03\/Gianmarco-Siciliano-100x100.jpg 100w\" sizes=\"(max-width: 400px) 100vw, 400px\" \/>\t\t\t\t\t\t\t\t\t\t\t\t\t<\/div>\n\t\t\t\t<\/div>\n\t\t\t\t\t<\/div>\n\t\t\t\t<\/div>\n\t\t\t\t<\/div>\n\t\t\t\t\t<\/div>\n\t\t\t\t<\/div>\n\t\t<div class=\"elementor-element elementor-element-c8142f4 e-flex e-con-boxed e-con e-child\" data-id=\"c8142f4\" data-element_type=\"container\">\n\t\t\t\t\t<div class=\"e-con-inner\">\n\t\t<div class=\"elementor-element elementor-element-33b37ec e-flex e-con-boxed e-con e-child\" data-id=\"33b37ec\" data-element_type=\"container\">\n\t\t\t\t\t<div class=\"e-con-inner\">\n\t\t\t\t<div class=\"elementor-element elementor-element-a018ef0 elementor-widget elementor-widget-text-editor\" data-id=\"a018ef0\" data-element_type=\"widget\" data-widget_type=\"text-editor.default\">\n\t\t\t\t<div class=\"elementor-widget-container\">\n\t\t\t\t\t\t\t<p>Gianmarco Siciliano es reconocido como uno de los principales expertos en recuerdos del motor. Posee una de las colecciones m\u00e1s incre\u00edbles de autom\u00f3viles Ferrari, que abarca desde los a\u00f1os 1950 hasta los a\u00f1os 2000. Gracias a su experiencia, ha sido consultor de algunos de los coleccionistas m\u00e1s importantes del mundo, con especial atenci\u00f3n al mercado americano. sus m\u00e1s ilustres coleccionistas de coches.<\/p>\t\t\t\t\t\t<\/div>\n\t\t\t\t<\/div>\n\t\t\t\t<div class=\"elementor-element elementor-element-e90a83e elementor-widget elementor-widget-n-accordion\" data-id=\"e90a83e\" data-element_type=\"widget\" data-settings=\"{&quot;default_state&quot;:&quot;all_collapsed&quot;,&quot;max_items_expended&quot;:&quot;one&quot;,&quot;n_accordion_animation_duration&quot;:{&quot;unit&quot;:&quot;ms&quot;,&quot;size&quot;:400,&quot;sizes&quot;:[]}}\" data-widget_type=\"nested-accordion.default\">\n\t\t\t\t<div class=\"elementor-widget-container\">\n\t\t\t\t\t<div class=\"e-n-accordion\" aria-label=\"Acorde\u00f3n. Abra enlaces con Intro o Espacio, ci\u00e9rrelos con Escape y navegue con las teclas de flecha\">\n\t\t\t\t\t\t<details id=\"e-n-accordion-item-2440\" class=\"e-n-accordion-item\" >\n\t\t\t\t<summary class=\"e-n-accordion-item-title\" data-accordion-index=\"1\" tabindex=\"0\" aria-expanded=\"false\" aria-controls=\"e-n-accordion-item-2440\" >\n\t\t\t\t\t<span class='e-n-accordion-item-title-header'><p class=\"e-n-accordion-item-title-text\"> Leer m\u00e1s <\/p><\/span>\n\t\t\t\t\t\t\t<span class='e-n-accordion-item-title-icon'>\n\t\t\t<span class='e-opened' ><i aria-hidden=\"true\" class=\"fas fa-minus\"><\/i><\/span>\n\t\t\t<span class='e-closed'><i aria-hidden=\"true\" class=\"fas fa-plus\"><\/i><\/span>\n\t\t<\/span>\n\n\t\t\t\t\t\t<\/summary>\n\t\t\t\t<div role=\"region\" aria-labelledby=\"e-n-accordion-item-2440\" class=\"elementor-element elementor-element-654e3f0 e-con-full e-flex e-con e-child\" data-id=\"654e3f0\" data-element_type=\"container\">\n\t\t\t\t<div class=\"elementor-element elementor-element-90fdccd elementor-widget elementor-widget-text-editor\" data-id=\"90fdccd\" data-element_type=\"widget\" data-widget_type=\"text-editor.default\">\n\t\t\t\t<div class=\"elementor-widget-container\">\n\t\t\t\t\t\t\t<p>Naci\u00f3 y creci\u00f3 en Italia y siempre tuvo una sed de conocimiento que lo impuls\u00f3 a viajar por todo el mundo para abrir sus horizontes. Gianmarco es licenciado en Ingenier\u00eda.<br \/>Se caracteriza por un enfoque de ingenier\u00eda de las cosas y est\u00e1 constantemente enfocado en nuevas soluciones tecnol\u00f3gicas. Desde los 3 a\u00f1os le invadi\u00f3 la pasi\u00f3n por los Ferrari, tras ver por primera vez un F40 en una estaci\u00f3n de servicio de Roma.<\/p><p>Colaborando con algunas de las casas de subastas m\u00e1s prestigiosas, en particular con Bonhams, Gianmarco ha contribuido a valorizar y promover objetos de gran inter\u00e9s coleccionable, anticip\u00e1ndose a los tiempos de auge del mercado actual. Apasionado tambi\u00e9n de la moda y el dise\u00f1o, en 2021 cofund\u00f3 una startup en el sector de la moda.<\/p><p>En 2013, per\u00edodo en el que vivi\u00f3 permanentemente en la Riviera francesa, Gianmarco comenz\u00f3 a dedicarse a los Rolex antiguos, para luego dedicarse a los recuerdos del autom\u00f3vil, frecuentando primero los mercados de antig\u00fcedades de toda Francia y, segundo, la F\u00f3rmula 1, en el Principado de M\u00f3naco. . Su pasi\u00f3n por los coches, los relojes de pulsera y los recuerdos siempre est\u00e1 guiada por la b\u00fasqueda de la m\u00e1s alta calidad, sin hacer concesiones jam\u00e1s.<\/p>\t\t\t\t\t\t<\/div>\n\t\t\t\t<\/div>\n\t\t\t\t<\/div>\n\t\t\t\t\t<\/details>\n\t\t\t\t\t<\/div>\n\t\t\t\t<\/div>\n\t\t\t\t<\/div>\n\t\t\t\t\t<\/div>\n\t\t\t\t<\/div>\n\t\t<div class=\"elementor-element elementor-element-42100f6 e-flex e-con-boxed e-con e-child\" data-id=\"42100f6\" data-element_type=\"container\">\n\t\t\t\t\t<div class=\"e-con-inner\">\n\t\t\t\t<div class=\"elementor-element elementor-element-50b6aca elementor-widget elementor-widget-text-editor\" data-id=\"50b6aca\" data-element_type=\"widget\" data-widget_type=\"text-editor.default\">\n\t\t\t\t<div class=\"elementor-widget-container\">\n\t\t\t\t\t\t\t<ul><li>Reconocido por sus clientes como uno de los principales expertos en recuerdos de Ferrari.<\/li><li>Gran red internacional con importantes coleccionistas<\/li><li>M\u00e1s de 10 a\u00f1os de experiencia en el coleccionismo, en diversos campos.<\/li><\/ul>\t\t\t\t\t\t<\/div>\n\t\t\t\t<\/div>\n\t\t\t\t\t<\/div>\n\t\t\t\t<\/div>\n\t\t\t\t\t<\/div>\n\t\t\t\t<\/div>\n\t\t\t\t\t<\/div>\n\t\t\t\t<\/section>\n\t\t\t\t<\/div>","protected":false},"excerpt":{"rendered":"<p>\u201cIl mio motto \u00e8: buy the seller..\u201d Gianmarco Siciliano \u00e8 riconosciuto come uno dei massimi esperti di memorabilia a carattere motoristico. Possiede una delle pi\u00f9 incredibili collezioni di automobilia Ferrari, che spazia dagli anni &#8217;50 agli anni 2000. Grazie alla sua competenza, \u00e8 stato consulente di alcuni dei pi\u00f9 importanti&hellip;<\/p>","protected":false},"author":16,"featured_media":0,"parent":4511,"menu_order":0,"comment_status":"closed","ping_status":"closed","template":"elementor_header_footer","meta":{"footnotes":""},"class_list":["post-6600","page","type-page","status-publish","hentry"],"yoast_head":"<!-- This site is optimized with the Yoast SEO plugin v22.3 - https:\/\/yoast.com\/wordpress\/plugins\/seo\/ -->\n<title>Gianmarco Siciliano - The Authentic Vintage<\/title>\n<meta name=\"robots\" content=\"index, follow, max-snippet:-1, max-image-preview:large, max-video-preview:-1\" \/>\n<link rel=\"canonical\" href=\"https:\/\/www.theauthenticvintage.com\/es\/chi-siamo\/gianmarco-siciliano\/\" \/>\n<meta property=\"og:locale\" content=\"es_ES\" \/>\n<meta property=\"og:type\" content=\"article\" \/>\n<meta property=\"og:title\" content=\"Gianmarco Siciliano - The Authentic Vintage\" \/>\n<meta property=\"og:description\" content=\"\u201cIl mio motto \u00e8: buy the seller..\u201d Gianmarco Siciliano \u00e8 riconosciuto come uno dei massimi esperti di memorabilia a carattere motoristico. Possiede una delle pi\u00f9 incredibili collezioni di automobilia Ferrari, che spazia dagli anni &#8217;50 agli anni 2000. Grazie alla sua competenza, \u00e8 stato consulente di alcuni dei pi\u00f9 importanti&hellip;\" \/>\n<meta property=\"og:url\" content=\"https:\/\/www.theauthenticvintage.com\/es\/chi-siamo\/gianmarco-siciliano\/\" \/>\n<meta property=\"og:site_name\" content=\"The Authentic Vintage\" \/>\n<meta property=\"article:modified_time\" content=\"2024-03-19T16:04:49+00:00\" \/>\n<meta property=\"og:image\" content=\"https:\/\/www.theauthenticvintage.com\/wp-content\/uploads\/2024\/03\/Gianmarco-Siciliano-5.jpg\" \/>\n<meta name=\"twitter:card\" content=\"summary_large_image\" \/>\n<meta name=\"twitter:label1\" content=\"Tiempo de lectura\" \/>\n\t<meta name=\"twitter:data1\" content=\"4 minutos\" \/>\n<script type=\"application\/ld+json\" class=\"yoast-schema-graph\">{\"@context\":\"https:\/\/schema.org\",\"@graph\":[{\"@type\":\"WebPage\",\"@id\":\"https:\/\/www.theauthenticvintage.com\/chi-siamo\/gianmarco-siciliano\/\",\"url\":\"https:\/\/www.theauthenticvintage.com\/chi-siamo\/gianmarco-siciliano\/\",\"name\":\"Gianmarco Siciliano - The Authentic Vintage\",\"isPartOf\":{\"@id\":\"https:\/\/www.theauthenticvintage.com\/#website\"},\"primaryImageOfPage\":{\"@id\":\"https:\/\/www.theauthenticvintage.com\/chi-siamo\/gianmarco-siciliano\/#primaryimage\"},\"image\":{\"@id\":\"https:\/\/www.theauthenticvintage.com\/chi-siamo\/gianmarco-siciliano\/#primaryimage\"},\"thumbnailUrl\":\"https:\/\/www.theauthenticvintage.com\/wp-content\/uploads\/2024\/03\/Gianmarco-Siciliano-5.jpg\",\"datePublished\":\"2024-03-15T21:05:04+00:00\",\"dateModified\":\"2024-03-19T16:04:49+00:00\",\"breadcrumb\":{\"@id\":\"https:\/\/www.theauthenticvintage.com\/chi-siamo\/gianmarco-siciliano\/#breadcrumb\"},\"inLanguage\":\"es\",\"potentialAction\":[{\"@type\":\"ReadAction\",\"target\":[\"https:\/\/www.theauthenticvintage.com\/chi-siamo\/gianmarco-siciliano\/\"]}]},{\"@type\":\"ImageObject\",\"inLanguage\":\"es\",\"@id\":\"https:\/\/www.theauthenticvintage.com\/chi-siamo\/gianmarco-siciliano\/#primaryimage\",\"url\":\"https:\/\/www.theauthenticvintage.com\/wp-content\/uploads\/2024\/03\/Gianmarco-Siciliano-5.jpg\",\"contentUrl\":\"https:\/\/www.theauthenticvintage.com\/wp-content\/uploads\/2024\/03\/Gianmarco-Siciliano-5.jpg\",\"width\":1920,\"height\":1440},{\"@type\":\"BreadcrumbList\",\"@id\":\"https:\/\/www.theauthenticvintage.com\/chi-siamo\/gianmarco-siciliano\/#breadcrumb\",\"itemListElement\":[{\"@type\":\"ListItem\",\"position\":1,\"name\":\"Home\",\"item\":\"https:\/\/www.theauthenticvintage.com\/\"},{\"@type\":\"ListItem\",\"position\":2,\"name\":\"Chi siamo\",\"item\":\"https:\/\/www.theauthenticvintage.com\/chi-siamo\/\"},{\"@type\":\"ListItem\",\"position\":3,\"name\":\"Gianmarco Siciliano\"}]},{\"@type\":\"WebSite\",\"@id\":\"https:\/\/www.theauthenticvintage.com\/#website\",\"url\":\"https:\/\/www.theauthenticvintage.com\/\",\"name\":\"The Authentic Vintage\",\"description\":\"\",\"potentialAction\":[{\"@type\":\"SearchAction\",\"target\":{\"@type\":\"EntryPoint\",\"urlTemplate\":\"https:\/\/www.theauthenticvintage.com\/?s={search_term_string}\"},\"query-input\":\"required name=search_term_string\"}],\"inLanguage\":\"es\"}]}<\/script>\n<!-- \/ Yoast SEO plugin. -->","yoast_head_json":{"title":"Gianmarco Siciliano - The Authentic Vintage","robots":{"index":"index","follow":"follow","max-snippet":"max-snippet:-1","max-image-preview":"max-image-preview:large","max-video-preview":"max-video-preview:-1"},"canonical":"https:\/\/www.theauthenticvintage.com\/es\/chi-siamo\/gianmarco-siciliano\/","og_locale":"es_ES","og_type":"article","og_title":"Gianmarco Siciliano - The Authentic Vintage","og_description":"\u201cIl mio motto \u00e8: buy the seller..\u201d Gianmarco Siciliano \u00e8 riconosciuto come uno dei massimi esperti di memorabilia a carattere motoristico. Possiede una delle pi\u00f9 incredibili collezioni di automobilia Ferrari, che spazia dagli anni &#8217;50 agli anni 2000. Grazie alla sua competenza, \u00e8 stato consulente di alcuni dei pi\u00f9 importanti&hellip;","og_url":"https:\/\/www.theauthenticvintage.com\/es\/chi-siamo\/gianmarco-siciliano\/","og_site_name":"The Authentic Vintage","article_modified_time":"2024-03-19T16:04:49+00:00","og_image":[{"url":"https:\/\/www.theauthenticvintage.com\/wp-content\/uploads\/2024\/03\/Gianmarco-Siciliano-5.jpg"}],"twitter_card":"summary_large_image","twitter_misc":{"Tiempo de lectura":"4 minutos"},"schema":{"@context":"https:\/\/schema.org","@graph":[{"@type":"WebPage","@id":"https:\/\/www.theauthenticvintage.com\/chi-siamo\/gianmarco-siciliano\/","url":"https:\/\/www.theauthenticvintage.com\/chi-siamo\/gianmarco-siciliano\/","name":"Gianmarco Siciliano - The Authentic Vintage","isPartOf":{"@id":"https:\/\/www.theauthenticvintage.com\/#website"},"primaryImageOfPage":{"@id":"https:\/\/www.theauthenticvintage.com\/chi-siamo\/gianmarco-siciliano\/#primaryimage"},"image":{"@id":"https:\/\/www.theauthenticvintage.com\/chi-siamo\/gianmarco-siciliano\/#primaryimage"},"thumbnailUrl":"https:\/\/www.theauthenticvintage.com\/wp-content\/uploads\/2024\/03\/Gianmarco-Siciliano-5.jpg","datePublished":"2024-03-15T21:05:04+00:00","dateModified":"2024-03-19T16:04:49+00:00","breadcrumb":{"@id":"https:\/\/www.theauthenticvintage.com\/chi-siamo\/gianmarco-siciliano\/#breadcrumb"},"inLanguage":"es","potentialAction":[{"@type":"ReadAction","target":["https:\/\/www.theauthenticvintage.com\/chi-siamo\/gianmarco-siciliano\/"]}]},{"@type":"ImageObject","inLanguage":"es","@id":"https:\/\/www.theauthenticvintage.com\/chi-siamo\/gianmarco-siciliano\/#primaryimage","url":"https:\/\/www.theauthenticvintage.com\/wp-content\/uploads\/2024\/03\/Gianmarco-Siciliano-5.jpg","contentUrl":"https:\/\/www.theauthenticvintage.com\/wp-content\/uploads\/2024\/03\/Gianmarco-Siciliano-5.jpg","width":1920,"height":1440},{"@type":"BreadcrumbList","@id":"https:\/\/www.theauthenticvintage.com\/chi-siamo\/gianmarco-siciliano\/#breadcrumb","itemListElement":[{"@type":"ListItem","position":1,"name":"Home","item":"https:\/\/www.theauthenticvintage.com\/"},{"@type":"ListItem","position":2,"name":"Chi siamo","item":"https:\/\/www.theauthenticvintage.com\/chi-siamo\/"},{"@type":"ListItem","position":3,"name":"Gianmarco Siciliano"}]},{"@type":"WebSite","@id":"https:\/\/www.theauthenticvintage.com\/#website","url":"https:\/\/www.theauthenticvintage.com\/","name":"The Authentic Vintage","description":"","potentialAction":[{"@type":"SearchAction","target":{"@type":"EntryPoint","urlTemplate":"https:\/\/www.theauthenticvintage.com\/?s={search_term_string}"},"query-input":"required name=search_term_string"}],"inLanguage":"es"}]}},"jetpack_sharing_enabled":true,"_links":{"self":[{"href":"https:\/\/www.theauthenticvintage.com\/es\/wp-json\/wp\/v2\/pages\/6600","targetHints":{"allow":["GET"]}}],"collection":[{"href":"https:\/\/www.theauthenticvintage.com\/es\/wp-json\/wp\/v2\/pages"}],"about":[{"href":"https:\/\/www.theauthenticvintage.com\/es\/wp-json\/wp\/v2\/types\/page"}],"author":[{"embeddable":true,"href":"https:\/\/www.theauthenticvintage.com\/es\/wp-json\/wp\/v2\/users\/16"}],"replies":[{"embeddable":true,"href":"https:\/\/www.theauthenticvintage.com\/es\/wp-json\/wp\/v2\/comments?post=6600"}],"version-history":[{"count":7,"href":"https:\/\/www.theauthenticvintage.com\/es\/wp-json\/wp\/v2\/pages\/6600\/revisions"}],"predecessor-version":[{"id":6740,"href":"https:\/\/www.theauthenticvintage.com\/es\/wp-json\/wp\/v2\/pages\/6600\/revisions\/6740"}],"up":[{"embeddable":true,"href":"https:\/\/www.theauthenticvintage.com\/es\/wp-json\/wp\/v2\/pages\/4511"}],"wp:attachment":[{"href":"https:\/\/www.theauthenticvintage.com\/es\/wp-json\/wp\/v2\/media?parent=6600"}],"curies":[{"name":"wp","href":"https:\/\/api.w.org\/{rel}","templated":true}]}}