{"id":6580,"date":"2024-03-15T21:47:25","date_gmt":"2024-03-15T20:47:25","guid":{"rendered":"https:\/\/www.theauthenticvintage.com\/?page_id=6580"},"modified":"2024-03-19T17:04:21","modified_gmt":"2024-03-19T16:04:21","slug":"alessandro-marconi","status":"publish","type":"page","link":"https:\/\/www.theauthenticvintage.com\/es\/chi-siamo\/alessandro-marconi\/","title":{"rendered":"Alejandro Marconi"},"content":{"rendered":"<div data-elementor-type=\"wp-page\" data-elementor-id=\"6580\" class=\"elementor elementor-6580\">\n\t\t\t\t<section class=\"elementor-element elementor-element-bad3837 e-flex e-con-boxed e-con e-parent\" data-id=\"bad3837\" data-element_type=\"container\" data-settings=\"{&quot;background_background&quot;:&quot;classic&quot;}\" data-core-v316-plus=\"true\">\n\t\t\t\t\t<div class=\"e-con-inner\">\n\t\t\t\t<div class=\"elementor-element elementor-element-6bf5fd1 elementor-invisible elementor-widget elementor-widget-heading\" data-id=\"6bf5fd1\" data-element_type=\"widget\" data-settings=\"{&quot;_animation&quot;:&quot;fadeIn&quot;}\" data-widget_type=\"heading.default\">\n\t\t\t\t<div class=\"elementor-widget-container\">\n\t\t\t<style>\/*! elementor - v3.20.0 - 26-03-2024 *\/\n.elementor-heading-title{padding:0;margin:0;line-height:1}.elementor-widget-heading .elementor-heading-title[class*=elementor-size-]>a{color:inherit;font-size:inherit;line-height:inherit}.elementor-widget-heading .elementor-heading-title.elementor-size-small{font-size:15px}.elementor-widget-heading .elementor-heading-title.elementor-size-medium{font-size:19px}.elementor-widget-heading .elementor-heading-title.elementor-size-large{font-size:29px}.elementor-widget-heading .elementor-heading-title.elementor-size-xl{font-size:39px}.elementor-widget-heading .elementor-heading-title.elementor-size-xxl{font-size:59px}<\/style><h2 class=\"elementor-heading-title elementor-size-default\">Alejandro Marconi<\/h2>\t\t<\/div>\n\t\t\t\t<\/div>\n\t\t<div class=\"elementor-element elementor-element-bf99719 e-flex e-con-boxed e-con e-child\" data-id=\"bf99719\" data-element_type=\"container\">\n\t\t\t\t\t<div class=\"e-con-inner\">\n\t\t<div class=\"elementor-element elementor-element-a4d0d2b e-con-full e-flex e-con e-child\" data-id=\"a4d0d2b\" data-element_type=\"container\">\n\t\t<div class=\"elementor-element elementor-element-653c3f2 e-con-full e-flex e-con e-child\" data-id=\"653c3f2\" data-element_type=\"container\">\n\t\t\t\t<div class=\"elementor-element elementor-element-5d96f05 elementor-widget elementor-widget-image\" data-id=\"5d96f05\" data-element_type=\"widget\" data-widget_type=\"image.default\">\n\t\t\t\t<div class=\"elementor-widget-container\">\n\t\t\t<style>\/*! elementor - v3.20.0 - 26-03-2024 *\/\n.elementor-widget-image{text-align:center}.elementor-widget-image a{display:inline-block}.elementor-widget-image a img[src$=\".svg\"]{width:48px}.elementor-widget-image img{vertical-align:middle;display:inline-block}<\/style>\t\t\t\t\t\t\t\t\t\t<img fetchpriority=\"high\" decoding=\"async\" width=\"1920\" height=\"1440\" src=\"https:\/\/www.theauthenticvintage.com\/wp-content\/uploads\/2024\/03\/Alessandro-Marconi-1.jpg\" class=\"attachment-full size-full wp-image-6469\" alt=\"\" srcset=\"https:\/\/www.theauthenticvintage.com\/wp-content\/uploads\/2024\/03\/Alessandro-Marconi-1.jpg 1920w, https:\/\/www.theauthenticvintage.com\/wp-content\/uploads\/2024\/03\/Alessandro-Marconi-1-300x225.jpg 300w, https:\/\/www.theauthenticvintage.com\/wp-content\/uploads\/2024\/03\/Alessandro-Marconi-1-1024x768.jpg 1024w, https:\/\/www.theauthenticvintage.com\/wp-content\/uploads\/2024\/03\/Alessandro-Marconi-1-768x576.jpg 768w, https:\/\/www.theauthenticvintage.com\/wp-content\/uploads\/2024\/03\/Alessandro-Marconi-1-1536x1152.jpg 1536w, https:\/\/www.theauthenticvintage.com\/wp-content\/uploads\/2024\/03\/Alessandro-Marconi-1-150x113.jpg 150w, https:\/\/www.theauthenticvintage.com\/wp-content\/uploads\/2024\/03\/Alessandro-Marconi-1-450x338.jpg 450w, https:\/\/www.theauthenticvintage.com\/wp-content\/uploads\/2024\/03\/Alessandro-Marconi-1-900x675.jpg 900w\" sizes=\"(max-width: 1920px) 100vw, 1920px\" \/>\t\t\t\t\t\t\t\t\t\t\t\t\t<\/div>\n\t\t\t\t<\/div>\n\t\t\t\t<div class=\"elementor-element elementor-element-2f54a04 elementor-widget elementor-widget-text-editor\" data-id=\"2f54a04\" data-element_type=\"widget\" data-widget_type=\"text-editor.default\">\n\t\t\t\t<div class=\"elementor-widget-container\">\n\t\t\t<style>\/*! elementor - v3.20.0 - 26-03-2024 *\/\n.elementor-widget-text-editor.elementor-drop-cap-view-stacked .elementor-drop-cap{background-color:#69727d;color:#fff}.elementor-widget-text-editor.elementor-drop-cap-view-framed .elementor-drop-cap{color:#69727d;border:3px solid;background-color:transparent}.elementor-widget-text-editor:not(.elementor-drop-cap-view-default) .elementor-drop-cap{margin-top:8px}.elementor-widget-text-editor:not(.elementor-drop-cap-view-default) .elementor-drop-cap-letter{width:1em;height:1em}.elementor-widget-text-editor .elementor-drop-cap{float:left;text-align:center;line-height:1;font-size:50px}.elementor-widget-text-editor .elementor-drop-cap-letter{display:inline-block}<\/style>\t\t\t\t<p><em>\u201cSentir el tiempo marcado por un calibre CH27-70 de Patek Philippe fue una de las sensaciones m\u00e1s cercanas a Nirvana\u201d<\/em><\/p>\t\t\t\t\t\t<\/div>\n\t\t\t\t<\/div>\n\t\t\t\t<\/div>\n\t\t<div class=\"elementor-element elementor-element-561ba9d e-flex e-con-boxed e-con e-child\" data-id=\"561ba9d\" data-element_type=\"container\">\n\t\t\t\t\t<div class=\"e-con-inner\">\n\t\t\t\t<div class=\"elementor-element elementor-element-493cbda elementor-widget elementor-widget-image\" data-id=\"493cbda\" data-element_type=\"widget\" data-widget_type=\"image.default\">\n\t\t\t\t<div class=\"elementor-widget-container\">\n\t\t\t\t\t\t\t\t\t\t\t\t\t<img decoding=\"async\" width=\"1920\" height=\"1440\" src=\"https:\/\/www.theauthenticvintage.com\/wp-content\/uploads\/2024\/03\/Alessandro-Marconi-2.jpg\" class=\"attachment-full size-full wp-image-6470\" alt=\"\" srcset=\"https:\/\/www.theauthenticvintage.com\/wp-content\/uploads\/2024\/03\/Alessandro-Marconi-2.jpg 1920w, https:\/\/www.theauthenticvintage.com\/wp-content\/uploads\/2024\/03\/Alessandro-Marconi-2-300x225.jpg 300w, https:\/\/www.theauthenticvintage.com\/wp-content\/uploads\/2024\/03\/Alessandro-Marconi-2-1024x768.jpg 1024w, https:\/\/www.theauthenticvintage.com\/wp-content\/uploads\/2024\/03\/Alessandro-Marconi-2-768x576.jpg 768w, https:\/\/www.theauthenticvintage.com\/wp-content\/uploads\/2024\/03\/Alessandro-Marconi-2-1536x1152.jpg 1536w, https:\/\/www.theauthenticvintage.com\/wp-content\/uploads\/2024\/03\/Alessandro-Marconi-2-150x113.jpg 150w, https:\/\/www.theauthenticvintage.com\/wp-content\/uploads\/2024\/03\/Alessandro-Marconi-2-450x338.jpg 450w, https:\/\/www.theauthenticvintage.com\/wp-content\/uploads\/2024\/03\/Alessandro-Marconi-2-900x675.jpg 900w\" sizes=\"(max-width: 1920px) 100vw, 1920px\" \/>\t\t\t\t\t\t\t\t\t\t\t\t\t<\/div>\n\t\t\t\t<\/div>\n\t\t\t\t<div class=\"elementor-element elementor-element-ece76fb elementor-widget elementor-widget-image\" data-id=\"ece76fb\" data-element_type=\"widget\" data-widget_type=\"image.default\">\n\t\t\t\t<div class=\"elementor-widget-container\">\n\t\t\t\t\t\t\t\t\t\t\t\t\t<img decoding=\"async\" width=\"400\" height=\"400\" src=\"https:\/\/www.theauthenticvintage.com\/wp-content\/uploads\/2024\/03\/Alessandro-Marconi.jpg\" class=\"attachment-full size-full wp-image-6717\" alt=\"\" srcset=\"https:\/\/www.theauthenticvintage.com\/wp-content\/uploads\/2024\/03\/Alessandro-Marconi.jpg 400w, https:\/\/www.theauthenticvintage.com\/wp-content\/uploads\/2024\/03\/Alessandro-Marconi-300x300.jpg 300w, https:\/\/www.theauthenticvintage.com\/wp-content\/uploads\/2024\/03\/Alessandro-Marconi-150x150.jpg 150w, https:\/\/www.theauthenticvintage.com\/wp-content\/uploads\/2024\/03\/Alessandro-Marconi-100x100.jpg 100w\" sizes=\"(max-width: 400px) 100vw, 400px\" \/>\t\t\t\t\t\t\t\t\t\t\t\t\t<\/div>\n\t\t\t\t<\/div>\n\t\t\t\t\t<\/div>\n\t\t\t\t<\/div>\n\t\t\t\t<\/div>\n\t\t\t\t\t<\/div>\n\t\t\t\t<\/div>\n\t\t<div class=\"elementor-element elementor-element-c8142f4 e-flex e-con-boxed e-con e-child\" data-id=\"c8142f4\" data-element_type=\"container\">\n\t\t\t\t\t<div class=\"e-con-inner\">\n\t\t<div class=\"elementor-element elementor-element-33b37ec e-flex e-con-boxed e-con e-child\" data-id=\"33b37ec\" data-element_type=\"container\">\n\t\t\t\t\t<div class=\"e-con-inner\">\n\t\t\t\t<div class=\"elementor-element elementor-element-a018ef0 elementor-widget elementor-widget-text-editor\" data-id=\"a018ef0\" data-element_type=\"widget\" data-widget_type=\"text-editor.default\">\n\t\t\t\t<div class=\"elementor-widget-container\">\n\t\t\t\t\t\t\t<p>Alessandro Marconi hered\u00f3 la pasi\u00f3n por la relojer\u00eda de su padre, quien en 1975 fund\u00f3 el renombrado taller familiar Orologeria Marconi, ubicado en el coraz\u00f3n del centro hist\u00f3rico de Roma, a pocos pasos del Pante\u00f3n. Desde hace m\u00e1s de 12 a\u00f1os, Alessandro se dedica apasionadamente a la profesi\u00f3n de relojero, que comenz\u00f3 inmediatamente despu\u00e9s de graduarse. Su experiencia y conocimientos en el sector son extraordinarios, gracias a la formaci\u00f3n recibida directamente en el laboratorio familiar.<\/p>\t\t\t\t\t\t<\/div>\n\t\t\t\t<\/div>\n\t\t\t\t<div class=\"elementor-element elementor-element-e90a83e elementor-widget elementor-widget-n-accordion\" data-id=\"e90a83e\" data-element_type=\"widget\" data-settings=\"{&quot;default_state&quot;:&quot;all_collapsed&quot;,&quot;max_items_expended&quot;:&quot;one&quot;,&quot;n_accordion_animation_duration&quot;:{&quot;unit&quot;:&quot;ms&quot;,&quot;size&quot;:400,&quot;sizes&quot;:[]}}\" data-widget_type=\"nested-accordion.default\">\n\t\t\t\t<div class=\"elementor-widget-container\">\n\t\t\t\t\t<div class=\"e-n-accordion\" aria-label=\"Acorde\u00f3n. Abra enlaces con Intro o Espacio, ci\u00e9rrelos con Escape y navegue con las teclas de flecha\">\n\t\t\t\t\t\t<details id=\"e-n-accordion-item-2440\" class=\"e-n-accordion-item\" >\n\t\t\t\t<summary class=\"e-n-accordion-item-title\" data-accordion-index=\"1\" tabindex=\"0\" aria-expanded=\"false\" aria-controls=\"e-n-accordion-item-2440\" >\n\t\t\t\t\t<span class='e-n-accordion-item-title-header'><p class=\"e-n-accordion-item-title-text\"> Leer m\u00e1s <\/p><\/span>\n\t\t\t\t\t\t\t<span class='e-n-accordion-item-title-icon'>\n\t\t\t<span class='e-opened' ><i aria-hidden=\"true\" class=\"fas fa-minus\"><\/i><\/span>\n\t\t\t<span class='e-closed'><i aria-hidden=\"true\" class=\"fas fa-plus\"><\/i><\/span>\n\t\t<\/span>\n\n\t\t\t\t\t\t<\/summary>\n\t\t\t\t<div role=\"region\" aria-labelledby=\"e-n-accordion-item-2440\" class=\"elementor-element elementor-element-654e3f0 e-con-full e-flex e-con e-child\" data-id=\"654e3f0\" data-element_type=\"container\">\n\t\t\t\t<div class=\"elementor-element elementor-element-90fdccd elementor-widget elementor-widget-text-editor\" data-id=\"90fdccd\" data-element_type=\"widget\" data-widget_type=\"text-editor.default\">\n\t\t\t\t<div class=\"elementor-widget-container\">\n\t\t\t\t\t\t\t<p>Recientemente, Alessandro ha elevado a\u00fan m\u00e1s sus est\u00e1ndares gracias a la restauraci\u00f3n total de un muy raro Panerai Radiomir ref. 3646 de la Segunda Guerra Mundial, demostrando una vez m\u00e1s su habilidad para tratar con relojes de gran valor hist\u00f3rico y t\u00e9cnico. Su conocimiento t\u00e9cnico de los movimientos mec\u00e1nicos, que abarca desde la d\u00e9cada de 1920 hasta la actualidad, es impresionante, lo que lo convierte en un punto de referencia en la industria de los relojes antiguos de colecci\u00f3n.<\/p><p>Adem\u00e1s de su trabajo como relojero, Alessandro tiene una amplia colecci\u00f3n de m\u00e1s de 400 relojes de pulsera, que van desde el renombrado Rolex hasta el ic\u00f3nico Heuer, pasando por marcas menos conocidas como Universal Geneve y Doxa.<\/p><p>Su dedicaci\u00f3n a la investigaci\u00f3n y la tradici\u00f3n contin\u00faan manteniendo viva la reputaci\u00f3n de Orologeria Marconi en el mundo de los relojes antiguos y de lujo.<\/p>\t\t\t\t\t\t<\/div>\n\t\t\t\t<\/div>\n\t\t\t\t<\/div>\n\t\t\t\t\t<\/details>\n\t\t\t\t\t<\/div>\n\t\t\t\t<\/div>\n\t\t\t\t<\/div>\n\t\t\t\t\t<\/div>\n\t\t\t\t<\/div>\n\t\t<div class=\"elementor-element elementor-element-42100f6 e-flex e-con-boxed e-con e-child\" data-id=\"42100f6\" data-element_type=\"container\">\n\t\t\t\t\t<div class=\"e-con-inner\">\n\t\t\t\t<div class=\"elementor-element elementor-element-50b6aca elementor-widget elementor-widget-text-editor\" data-id=\"50b6aca\" data-element_type=\"widget\" data-widget_type=\"text-editor.default\">\n\t\t\t\t<div class=\"elementor-widget-container\">\n\t\t\t\t\t\t\t<ul><li>Orologeria Marconi es uno de los laboratorios m\u00e1s reconocidos de Roma.<\/li><li>Entre los mejores expertos en marcas poco conocidas por el gran p\u00fablico<\/li><li>Casi 50 a\u00f1os de experiencia en el sector.<\/li><\/ul>\t\t\t\t\t\t<\/div>\n\t\t\t\t<\/div>\n\t\t\t\t\t<\/div>\n\t\t\t\t<\/div>\n\t\t\t\t\t<\/div>\n\t\t\t\t<\/div>\n\t\t\t\t\t<\/div>\n\t\t\t\t<\/section>\n\t\t\t\t<\/div>","protected":false},"excerpt":{"rendered":"<p>\u201cSentire il tempo scandito da un calibro CH27-70 di Patek Philippe, \u00e8 stata una delle sensazioni pi\u00f9 vicine al Nirvana\u201d Alessandro Marconi ha ereditato la passione per l&#8217;orologeria dal padre, che nel 1975 ha fondato il rinomato laboratorio di famiglia, l&#8217;Orologeria Marconi, situato nel cuore del centro storico di Roma,&hellip;<\/p>","protected":false},"author":16,"featured_media":0,"parent":4511,"menu_order":0,"comment_status":"closed","ping_status":"closed","template":"elementor_header_footer","meta":{"footnotes":""},"class_list":["post-6580","page","type-page","status-publish","hentry"],"yoast_head":"<!-- This site is optimized with the Yoast SEO plugin v22.3 - https:\/\/yoast.com\/wordpress\/plugins\/seo\/ -->\n<title>Alessandro Marconi - The Authentic Vintage<\/title>\n<meta name=\"robots\" content=\"index, follow, max-snippet:-1, max-image-preview:large, max-video-preview:-1\" \/>\n<link rel=\"canonical\" href=\"https:\/\/www.theauthenticvintage.com\/es\/chi-siamo\/alessandro-marconi\/\" \/>\n<meta property=\"og:locale\" content=\"es_ES\" \/>\n<meta property=\"og:type\" content=\"article\" \/>\n<meta property=\"og:title\" content=\"Alessandro Marconi - The Authentic Vintage\" \/>\n<meta property=\"og:description\" content=\"\u201cSentire il tempo scandito da un calibro CH27-70 di Patek Philippe, \u00e8 stata una delle sensazioni pi\u00f9 vicine al Nirvana\u201d Alessandro Marconi ha ereditato la passione per l&#8217;orologeria dal padre, che nel 1975 ha fondato il rinomato laboratorio di famiglia, l&#8217;Orologeria Marconi, situato nel cuore del centro storico di Roma,&hellip;\" \/>\n<meta property=\"og:url\" content=\"https:\/\/www.theauthenticvintage.com\/es\/chi-siamo\/alessandro-marconi\/\" \/>\n<meta property=\"og:site_name\" content=\"The Authentic Vintage\" \/>\n<meta property=\"article:modified_time\" content=\"2024-03-19T16:04:21+00:00\" \/>\n<meta property=\"og:image\" content=\"https:\/\/www.theauthenticvintage.com\/wp-content\/uploads\/2024\/03\/Alessandro-Marconi-1.jpg\" \/>\n<meta name=\"twitter:card\" content=\"summary_large_image\" \/>\n<meta name=\"twitter:label1\" content=\"Tiempo de lectura\" \/>\n\t<meta name=\"twitter:data1\" content=\"3 minutos\" \/>\n<script type=\"application\/ld+json\" class=\"yoast-schema-graph\">{\"@context\":\"https:\/\/schema.org\",\"@graph\":[{\"@type\":\"WebPage\",\"@id\":\"https:\/\/www.theauthenticvintage.com\/chi-siamo\/alessandro-marconi\/\",\"url\":\"https:\/\/www.theauthenticvintage.com\/chi-siamo\/alessandro-marconi\/\",\"name\":\"Alessandro Marconi - The Authentic Vintage\",\"isPartOf\":{\"@id\":\"https:\/\/www.theauthenticvintage.com\/#website\"},\"primaryImageOfPage\":{\"@id\":\"https:\/\/www.theauthenticvintage.com\/chi-siamo\/alessandro-marconi\/#primaryimage\"},\"image\":{\"@id\":\"https:\/\/www.theauthenticvintage.com\/chi-siamo\/alessandro-marconi\/#primaryimage\"},\"thumbnailUrl\":\"https:\/\/www.theauthenticvintage.com\/wp-content\/uploads\/2024\/03\/Alessandro-Marconi-1.jpg\",\"datePublished\":\"2024-03-15T20:47:25+00:00\",\"dateModified\":\"2024-03-19T16:04:21+00:00\",\"breadcrumb\":{\"@id\":\"https:\/\/www.theauthenticvintage.com\/chi-siamo\/alessandro-marconi\/#breadcrumb\"},\"inLanguage\":\"es\",\"potentialAction\":[{\"@type\":\"ReadAction\",\"target\":[\"https:\/\/www.theauthenticvintage.com\/chi-siamo\/alessandro-marconi\/\"]}]},{\"@type\":\"ImageObject\",\"inLanguage\":\"es\",\"@id\":\"https:\/\/www.theauthenticvintage.com\/chi-siamo\/alessandro-marconi\/#primaryimage\",\"url\":\"https:\/\/www.theauthenticvintage.com\/wp-content\/uploads\/2024\/03\/Alessandro-Marconi-1.jpg\",\"contentUrl\":\"https:\/\/www.theauthenticvintage.com\/wp-content\/uploads\/2024\/03\/Alessandro-Marconi-1.jpg\",\"width\":1920,\"height\":1440},{\"@type\":\"BreadcrumbList\",\"@id\":\"https:\/\/www.theauthenticvintage.com\/chi-siamo\/alessandro-marconi\/#breadcrumb\",\"itemListElement\":[{\"@type\":\"ListItem\",\"position\":1,\"name\":\"Home\",\"item\":\"https:\/\/www.theauthenticvintage.com\/\"},{\"@type\":\"ListItem\",\"position\":2,\"name\":\"Chi siamo\",\"item\":\"https:\/\/www.theauthenticvintage.com\/chi-siamo\/\"},{\"@type\":\"ListItem\",\"position\":3,\"name\":\"Alessandro Marconi\"}]},{\"@type\":\"WebSite\",\"@id\":\"https:\/\/www.theauthenticvintage.com\/#website\",\"url\":\"https:\/\/www.theauthenticvintage.com\/\",\"name\":\"The Authentic Vintage\",\"description\":\"\",\"potentialAction\":[{\"@type\":\"SearchAction\",\"target\":{\"@type\":\"EntryPoint\",\"urlTemplate\":\"https:\/\/www.theauthenticvintage.com\/?s={search_term_string}\"},\"query-input\":\"required name=search_term_string\"}],\"inLanguage\":\"es\"}]}<\/script>\n<!-- \/ Yoast SEO plugin. -->","yoast_head_json":{"title":"Alessandro Marconi - The Authentic Vintage","robots":{"index":"index","follow":"follow","max-snippet":"max-snippet:-1","max-image-preview":"max-image-preview:large","max-video-preview":"max-video-preview:-1"},"canonical":"https:\/\/www.theauthenticvintage.com\/es\/chi-siamo\/alessandro-marconi\/","og_locale":"es_ES","og_type":"article","og_title":"Alessandro Marconi - The Authentic Vintage","og_description":"\u201cSentire il tempo scandito da un calibro CH27-70 di Patek Philippe, \u00e8 stata una delle sensazioni pi\u00f9 vicine al Nirvana\u201d Alessandro Marconi ha ereditato la passione per l&#8217;orologeria dal padre, che nel 1975 ha fondato il rinomato laboratorio di famiglia, l&#8217;Orologeria Marconi, situato nel cuore del centro storico di Roma,&hellip;","og_url":"https:\/\/www.theauthenticvintage.com\/es\/chi-siamo\/alessandro-marconi\/","og_site_name":"The Authentic Vintage","article_modified_time":"2024-03-19T16:04:21+00:00","og_image":[{"url":"https:\/\/www.theauthenticvintage.com\/wp-content\/uploads\/2024\/03\/Alessandro-Marconi-1.jpg"}],"twitter_card":"summary_large_image","twitter_misc":{"Tiempo de lectura":"3 minutos"},"schema":{"@context":"https:\/\/schema.org","@graph":[{"@type":"WebPage","@id":"https:\/\/www.theauthenticvintage.com\/chi-siamo\/alessandro-marconi\/","url":"https:\/\/www.theauthenticvintage.com\/chi-siamo\/alessandro-marconi\/","name":"Alessandro Marconi - The Authentic Vintage","isPartOf":{"@id":"https:\/\/www.theauthenticvintage.com\/#website"},"primaryImageOfPage":{"@id":"https:\/\/www.theauthenticvintage.com\/chi-siamo\/alessandro-marconi\/#primaryimage"},"image":{"@id":"https:\/\/www.theauthenticvintage.com\/chi-siamo\/alessandro-marconi\/#primaryimage"},"thumbnailUrl":"https:\/\/www.theauthenticvintage.com\/wp-content\/uploads\/2024\/03\/Alessandro-Marconi-1.jpg","datePublished":"2024-03-15T20:47:25+00:00","dateModified":"2024-03-19T16:04:21+00:00","breadcrumb":{"@id":"https:\/\/www.theauthenticvintage.com\/chi-siamo\/alessandro-marconi\/#breadcrumb"},"inLanguage":"es","potentialAction":[{"@type":"ReadAction","target":["https:\/\/www.theauthenticvintage.com\/chi-siamo\/alessandro-marconi\/"]}]},{"@type":"ImageObject","inLanguage":"es","@id":"https:\/\/www.theauthenticvintage.com\/chi-siamo\/alessandro-marconi\/#primaryimage","url":"https:\/\/www.theauthenticvintage.com\/wp-content\/uploads\/2024\/03\/Alessandro-Marconi-1.jpg","contentUrl":"https:\/\/www.theauthenticvintage.com\/wp-content\/uploads\/2024\/03\/Alessandro-Marconi-1.jpg","width":1920,"height":1440},{"@type":"BreadcrumbList","@id":"https:\/\/www.theauthenticvintage.com\/chi-siamo\/alessandro-marconi\/#breadcrumb","itemListElement":[{"@type":"ListItem","position":1,"name":"Home","item":"https:\/\/www.theauthenticvintage.com\/"},{"@type":"ListItem","position":2,"name":"Chi siamo","item":"https:\/\/www.theauthenticvintage.com\/chi-siamo\/"},{"@type":"ListItem","position":3,"name":"Alessandro Marconi"}]},{"@type":"WebSite","@id":"https:\/\/www.theauthenticvintage.com\/#website","url":"https:\/\/www.theauthenticvintage.com\/","name":"The Authentic Vintage","description":"","potentialAction":[{"@type":"SearchAction","target":{"@type":"EntryPoint","urlTemplate":"https:\/\/www.theauthenticvintage.com\/?s={search_term_string}"},"query-input":"required name=search_term_string"}],"inLanguage":"es"}]}},"jetpack_sharing_enabled":true,"_links":{"self":[{"href":"https:\/\/www.theauthenticvintage.com\/es\/wp-json\/wp\/v2\/pages\/6580","targetHints":{"allow":["GET"]}}],"collection":[{"href":"https:\/\/www.theauthenticvintage.com\/es\/wp-json\/wp\/v2\/pages"}],"about":[{"href":"https:\/\/www.theauthenticvintage.com\/es\/wp-json\/wp\/v2\/types\/page"}],"author":[{"embeddable":true,"href":"https:\/\/www.theauthenticvintage.com\/es\/wp-json\/wp\/v2\/users\/16"}],"replies":[{"embeddable":true,"href":"https:\/\/www.theauthenticvintage.com\/es\/wp-json\/wp\/v2\/comments?post=6580"}],"version-history":[{"count":9,"href":"https:\/\/www.theauthenticvintage.com\/es\/wp-json\/wp\/v2\/pages\/6580\/revisions"}],"predecessor-version":[{"id":6731,"href":"https:\/\/www.theauthenticvintage.com\/es\/wp-json\/wp\/v2\/pages\/6580\/revisions\/6731"}],"up":[{"embeddable":true,"href":"https:\/\/www.theauthenticvintage.com\/es\/wp-json\/wp\/v2\/pages\/4511"}],"wp:attachment":[{"href":"https:\/\/www.theauthenticvintage.com\/es\/wp-json\/wp\/v2\/media?parent=6580"}],"curies":[{"name":"wp","href":"https:\/\/api.w.org\/{rel}","templated":true}]}}