{"id":7711,"date":"2025-11-04T16:17:07","date_gmt":"2025-11-04T15:17:07","guid":{"rendered":"https:\/\/www.theauthenticvintage.com\/?post_type=product&#038;p=7711"},"modified":"2026-02-08T13:28:35","modified_gmt":"2026-02-08T12:28:35","slug":"cartoncino-pubblicitario-fiat-508-balilla-dudovich","status":"publish","type":"product","link":"https:\/\/www.theauthenticvintage.com\/en\/product\/cartoncino-pubblicitario-fiat-508-balilla-dudovich\/","title":{"rendered":"Cartoncino Pubblicitario Fiat 508 Balilla Dudovich"},"content":{"rendered":"<p class=\"p1\"><span class=\"s1\">Splendido <\/span><span class=\"s2\">cartoncino pubblicitario originale<\/span><span class=\"s1\"> raffigurante la celebre <\/span><span class=\"s2\">Fiat 508 Balilla<\/span><span class=\"s1\">, opera del grande <\/span><span class=\"s2\">Marcello Dudovich<\/span><span class=\"s1\">, uno dei pi\u00f9 importanti illustratori e cartellonisti italiani del Novecento.<\/span><\/p>\n<p class=\"p1\"><span class=\"s1\">Il cartoncino, di formato <\/span><span class=\"s2\">24 \u00d7 17 cm<\/span><span class=\"s1\">, si presenta in <\/span><span class=\"s2\">condizioni magnifiche<\/span><span class=\"s1\">, completo del <\/span><span class=\"s2\">bollo di affissione originale<\/span><span class=\"s1\">.<\/span><\/p>\n<p class=\"p1\"><span class=\"s1\">Si tratta con ogni probabilit\u00e0 di un <\/span><span class=\"s2\">manifesto di piccolo formato<\/span><span class=\"s1\"> destinato alla <\/span><span class=\"s2\">pubblicit\u00e0 ferroviaria<\/span><span class=\"s1\"> dell\u2019epoca, utilizzato sui treni o nelle stazioni per promuovere la nuova vettura Fiat.<\/span><\/p>","protected":false},"excerpt":{"rendered":"<p>Splendido cartoncino pubblicitario originale raffigurante la celebre Fiat 508 Balilla, opera del grande Marcello Dudovich, uno dei pi\u00f9 importanti illustratori e cartellonisti italiani del Novecento. Il cartoncino, di formato 24 \u00d7 17 cm, si presenta in condizioni magnifiche, completo del bollo di affissione originale. Si tratta con ogni probabilit\u00e0 di&hellip;<\/p>","protected":false},"featured_media":7715,"comment_status":"open","ping_status":"closed","template":"","meta":[],"product_cat":[146],"product_tag":[],"brand":[154],"class_list":{"0":"post-7711","1":"product","2":"type-product","3":"status-publish","4":"has-post-thumbnail","6":"product_cat-poster","7":"brand-fiat","9":"first","10":"outofstock","11":"taxable","12":"shipping-taxable","13":"product-type-simple"},"yoast_head":"<!-- This site is optimized with the Yoast SEO plugin v22.3 - https:\/\/yoast.com\/wordpress\/plugins\/seo\/ -->\n<title>Cartoncino Pubblicitario Fiat 508 Balilla Dudovich - The Authentic Vintage<\/title>\n<meta name=\"robots\" content=\"index, follow, max-snippet:-1, max-image-preview:large, max-video-preview:-1\" \/>\n<link rel=\"canonical\" href=\"https:\/\/www.theauthenticvintage.com\/en\/product\/cartoncino-pubblicitario-fiat-508-balilla-dudovich\/\" \/>\n<meta property=\"og:locale\" content=\"en_US\" \/>\n<meta property=\"og:type\" content=\"article\" \/>\n<meta property=\"og:title\" content=\"Cartoncino Pubblicitario Fiat 508 Balilla Dudovich - The Authentic Vintage\" \/>\n<meta property=\"og:description\" content=\"Splendido cartoncino pubblicitario originale raffigurante la celebre Fiat 508 Balilla, opera del grande Marcello Dudovich, uno dei pi\u00f9 importanti illustratori e cartellonisti italiani del Novecento. Il cartoncino, di formato 24 \u00d7 17 cm, si presenta in condizioni magnifiche, completo del bollo di affissione originale. Si tratta con ogni probabilit\u00e0 di&hellip;\" \/>\n<meta property=\"og:url\" content=\"https:\/\/www.theauthenticvintage.com\/en\/product\/cartoncino-pubblicitario-fiat-508-balilla-dudovich\/\" \/>\n<meta property=\"og:site_name\" content=\"The Authentic Vintage\" \/>\n<meta property=\"article:modified_time\" content=\"2026-02-08T12:28:35+00:00\" \/>\n<meta property=\"og:image\" content=\"https:\/\/www.theauthenticvintage.com\/wp-content\/uploads\/2025\/11\/Photoroom_003_20251104_144818.jpeg\" \/>\n\t<meta property=\"og:image:width\" content=\"1512\" \/>\n\t<meta property=\"og:image:height\" content=\"1512\" \/>\n\t<meta property=\"og:image:type\" content=\"image\/jpeg\" \/>\n<meta name=\"twitter:card\" content=\"summary_large_image\" \/>\n<meta name=\"twitter:label1\" content=\"Est. reading time\" \/>\n\t<meta name=\"twitter:data1\" content=\"1 minute\" \/>\n<script type=\"application\/ld+json\" class=\"yoast-schema-graph\">{\"@context\":\"https:\/\/schema.org\",\"@graph\":[{\"@type\":\"WebPage\",\"@id\":\"https:\/\/www.theauthenticvintage.com\/product\/cartoncino-pubblicitario-fiat-508-balilla-dudovich\/\",\"url\":\"https:\/\/www.theauthenticvintage.com\/product\/cartoncino-pubblicitario-fiat-508-balilla-dudovich\/\",\"name\":\"Cartoncino Pubblicitario Fiat 508 Balilla Dudovich - The Authentic Vintage\",\"isPartOf\":{\"@id\":\"https:\/\/www.theauthenticvintage.com\/#website\"},\"primaryImageOfPage\":{\"@id\":\"https:\/\/www.theauthenticvintage.com\/product\/cartoncino-pubblicitario-fiat-508-balilla-dudovich\/#primaryimage\"},\"image\":{\"@id\":\"https:\/\/www.theauthenticvintage.com\/product\/cartoncino-pubblicitario-fiat-508-balilla-dudovich\/#primaryimage\"},\"thumbnailUrl\":\"https:\/\/www.theauthenticvintage.com\/wp-content\/uploads\/2025\/11\/Photoroom_003_20251104_144818.jpeg\",\"datePublished\":\"2025-11-04T15:17:07+00:00\",\"dateModified\":\"2026-02-08T12:28:35+00:00\",\"breadcrumb\":{\"@id\":\"https:\/\/www.theauthenticvintage.com\/product\/cartoncino-pubblicitario-fiat-508-balilla-dudovich\/#breadcrumb\"},\"inLanguage\":\"en-US\",\"potentialAction\":[{\"@type\":\"ReadAction\",\"target\":[\"https:\/\/www.theauthenticvintage.com\/product\/cartoncino-pubblicitario-fiat-508-balilla-dudovich\/\"]}]},{\"@type\":\"ImageObject\",\"inLanguage\":\"en-US\",\"@id\":\"https:\/\/www.theauthenticvintage.com\/product\/cartoncino-pubblicitario-fiat-508-balilla-dudovich\/#primaryimage\",\"url\":\"https:\/\/www.theauthenticvintage.com\/wp-content\/uploads\/2025\/11\/Photoroom_003_20251104_144818.jpeg\",\"contentUrl\":\"https:\/\/www.theauthenticvintage.com\/wp-content\/uploads\/2025\/11\/Photoroom_003_20251104_144818.jpeg\",\"width\":1512,\"height\":1512},{\"@type\":\"BreadcrumbList\",\"@id\":\"https:\/\/www.theauthenticvintage.com\/product\/cartoncino-pubblicitario-fiat-508-balilla-dudovich\/#breadcrumb\",\"itemListElement\":[{\"@type\":\"ListItem\",\"position\":1,\"name\":\"Home\",\"item\":\"https:\/\/www.theauthenticvintage.com\/\"},{\"@type\":\"ListItem\",\"position\":2,\"name\":\"Shop\",\"item\":\"https:\/\/www.theauthenticvintage.com\/shop\/\"},{\"@type\":\"ListItem\",\"position\":3,\"name\":\"Cartoncino Pubblicitario Fiat 508 Balilla Dudovich\"}]},{\"@type\":\"WebSite\",\"@id\":\"https:\/\/www.theauthenticvintage.com\/#website\",\"url\":\"https:\/\/www.theauthenticvintage.com\/\",\"name\":\"The Authentic Vintage\",\"description\":\"\",\"potentialAction\":[{\"@type\":\"SearchAction\",\"target\":{\"@type\":\"EntryPoint\",\"urlTemplate\":\"https:\/\/www.theauthenticvintage.com\/?s={search_term_string}\"},\"query-input\":\"required name=search_term_string\"}],\"inLanguage\":\"en-US\"}]}<\/script>\n<!-- \/ Yoast SEO plugin. -->","yoast_head_json":{"title":"Cartoncino Pubblicitario Fiat 508 Balilla Dudovich - The Authentic Vintage","robots":{"index":"index","follow":"follow","max-snippet":"max-snippet:-1","max-image-preview":"max-image-preview:large","max-video-preview":"max-video-preview:-1"},"canonical":"https:\/\/www.theauthenticvintage.com\/en\/product\/cartoncino-pubblicitario-fiat-508-balilla-dudovich\/","og_locale":"en_US","og_type":"article","og_title":"Cartoncino Pubblicitario Fiat 508 Balilla Dudovich - The Authentic Vintage","og_description":"Splendido cartoncino pubblicitario originale raffigurante la celebre Fiat 508 Balilla, opera del grande Marcello Dudovich, uno dei pi\u00f9 importanti illustratori e cartellonisti italiani del Novecento. Il cartoncino, di formato 24 \u00d7 17 cm, si presenta in condizioni magnifiche, completo del bollo di affissione originale. Si tratta con ogni probabilit\u00e0 di&hellip;","og_url":"https:\/\/www.theauthenticvintage.com\/en\/product\/cartoncino-pubblicitario-fiat-508-balilla-dudovich\/","og_site_name":"The Authentic Vintage","article_modified_time":"2026-02-08T12:28:35+00:00","og_image":[{"width":1512,"height":1512,"url":"https:\/\/www.theauthenticvintage.com\/wp-content\/uploads\/2025\/11\/Photoroom_003_20251104_144818.jpeg","type":"image\/jpeg"}],"twitter_card":"summary_large_image","twitter_misc":{"Est. reading time":"1 minute"},"schema":{"@context":"https:\/\/schema.org","@graph":[{"@type":"WebPage","@id":"https:\/\/www.theauthenticvintage.com\/product\/cartoncino-pubblicitario-fiat-508-balilla-dudovich\/","url":"https:\/\/www.theauthenticvintage.com\/product\/cartoncino-pubblicitario-fiat-508-balilla-dudovich\/","name":"Cartoncino Pubblicitario Fiat 508 Balilla Dudovich - The Authentic Vintage","isPartOf":{"@id":"https:\/\/www.theauthenticvintage.com\/#website"},"primaryImageOfPage":{"@id":"https:\/\/www.theauthenticvintage.com\/product\/cartoncino-pubblicitario-fiat-508-balilla-dudovich\/#primaryimage"},"image":{"@id":"https:\/\/www.theauthenticvintage.com\/product\/cartoncino-pubblicitario-fiat-508-balilla-dudovich\/#primaryimage"},"thumbnailUrl":"https:\/\/www.theauthenticvintage.com\/wp-content\/uploads\/2025\/11\/Photoroom_003_20251104_144818.jpeg","datePublished":"2025-11-04T15:17:07+00:00","dateModified":"2026-02-08T12:28:35+00:00","breadcrumb":{"@id":"https:\/\/www.theauthenticvintage.com\/product\/cartoncino-pubblicitario-fiat-508-balilla-dudovich\/#breadcrumb"},"inLanguage":"en-US","potentialAction":[{"@type":"ReadAction","target":["https:\/\/www.theauthenticvintage.com\/product\/cartoncino-pubblicitario-fiat-508-balilla-dudovich\/"]}]},{"@type":"ImageObject","inLanguage":"en-US","@id":"https:\/\/www.theauthenticvintage.com\/product\/cartoncino-pubblicitario-fiat-508-balilla-dudovich\/#primaryimage","url":"https:\/\/www.theauthenticvintage.com\/wp-content\/uploads\/2025\/11\/Photoroom_003_20251104_144818.jpeg","contentUrl":"https:\/\/www.theauthenticvintage.com\/wp-content\/uploads\/2025\/11\/Photoroom_003_20251104_144818.jpeg","width":1512,"height":1512},{"@type":"BreadcrumbList","@id":"https:\/\/www.theauthenticvintage.com\/product\/cartoncino-pubblicitario-fiat-508-balilla-dudovich\/#breadcrumb","itemListElement":[{"@type":"ListItem","position":1,"name":"Home","item":"https:\/\/www.theauthenticvintage.com\/"},{"@type":"ListItem","position":2,"name":"Shop","item":"https:\/\/www.theauthenticvintage.com\/shop\/"},{"@type":"ListItem","position":3,"name":"Cartoncino Pubblicitario Fiat 508 Balilla Dudovich"}]},{"@type":"WebSite","@id":"https:\/\/www.theauthenticvintage.com\/#website","url":"https:\/\/www.theauthenticvintage.com\/","name":"The Authentic Vintage","description":"","potentialAction":[{"@type":"SearchAction","target":{"@type":"EntryPoint","urlTemplate":"https:\/\/www.theauthenticvintage.com\/?s={search_term_string}"},"query-input":"required name=search_term_string"}],"inLanguage":"en-US"}]}},"jetpack_sharing_enabled":true,"_links":{"self":[{"href":"https:\/\/www.theauthenticvintage.com\/en\/wp-json\/wp\/v2\/product\/7711","targetHints":{"allow":["GET"]}}],"collection":[{"href":"https:\/\/www.theauthenticvintage.com\/en\/wp-json\/wp\/v2\/product"}],"about":[{"href":"https:\/\/www.theauthenticvintage.com\/en\/wp-json\/wp\/v2\/types\/product"}],"replies":[{"embeddable":true,"href":"https:\/\/www.theauthenticvintage.com\/en\/wp-json\/wp\/v2\/comments?post=7711"}],"wp:featuredmedia":[{"embeddable":true,"href":"https:\/\/www.theauthenticvintage.com\/en\/wp-json\/wp\/v2\/media\/7715"}],"wp:attachment":[{"href":"https:\/\/www.theauthenticvintage.com\/en\/wp-json\/wp\/v2\/media?parent=7711"}],"wp:term":[{"taxonomy":"product_cat","embeddable":true,"href":"https:\/\/www.theauthenticvintage.com\/en\/wp-json\/wp\/v2\/product_cat?post=7711"},{"taxonomy":"product_tag","embeddable":true,"href":"https:\/\/www.theauthenticvintage.com\/en\/wp-json\/wp\/v2\/product_tag?post=7711"},{"taxonomy":"brand","embeddable":true,"href":"https:\/\/www.theauthenticvintage.com\/en\/wp-json\/wp\/v2\/brand?post=7711"}],"curies":[{"name":"wp","href":"https:\/\/api.w.org\/{rel}","templated":true}]}}