{"id":5972,"date":"2023-12-28T10:32:35","date_gmt":"2023-12-28T09:32:35","guid":{"rendered":"https:\/\/www.theauthenticvintage.com\/?post_type=product&#038;p=5972"},"modified":"2025-06-21T17:48:45","modified_gmt":"2025-06-21T15:48:45","slug":"modello-alfa-romeo-alfetta-gp-158-159-110-promo-1950","status":"publish","type":"product","link":"https:\/\/www.theauthenticvintage.com\/de\/product\/modello-alfa-romeo-alfetta-gp-158-159-110-promo-1950\/","title":{"rendered":"Alfa Romeo Alfetta GP 158\/159 Werbemodell 1950"},"content":{"rendered":"<p class=\"p1\">Modello in scala Alfa Romeo Alfetta 158\/159 GP di Formula 1, in fusione di alluminio, prodotto dalle fonderie Alfa Romeo per commemorare il mondiale vinto nel 1950.<\/p>\n<p class=\"p1\">Modello che veniva donato ai massimi dirigenti e concessionari del periodo.<\/p>\n<p class=\"p1\">Condizioni fantastiche, vernice con patina del tempo. Modello mai restaurato in nessuna delle sue parti. Gomme originali dell\u2019epoca, marchiate Pirelli.<\/p>\n<p class=\"p1\">Misura circa 40 cm di lunghezza, che corrispondono ad una scala 1:10 circa.<span class=\"Apple-converted-space\">\u00a0<\/span><\/p>","protected":false},"excerpt":{"rendered":"<p>Alfa Romeo Alfetta 158\/159 GP Formel-1-Ma\u00dfstabsmodell aus Aluminiumguss, hergestellt von den Alfa Romeo-Gie\u00dfereien zum Gedenken an den Weltmeistertitel im Jahr 1950. Modell, das den Top-Managern und H\u00e4ndlern der damaligen Zeit gespendet wurde. Fantastischer Zustand, Lack mit Alterspatina. Das Modell wurde niemals restauriert.<\/p>","protected":false},"featured_media":5973,"comment_status":"open","ping_status":"closed","template":"","meta":[],"product_cat":[76],"product_tag":[134],"brand":[103],"class_list":{"0":"post-5972","1":"product","2":"type-product","3":"status-publish","4":"has-post-thumbnail","6":"product_cat-scaled-model","7":"product_tag-alfa-romeo","8":"brand-alfa-romeo","10":"first","11":"outofstock","12":"sold-individually","13":"taxable","14":"shipping-taxable","15":"product-type-simple"},"yoast_head":"<!-- This site is optimized with the Yoast SEO plugin v22.3 - https:\/\/yoast.com\/wordpress\/plugins\/seo\/ -->\n<title>Modello Alfa Romeo Alfetta GP 158\/159 promozionale 1950 - The Authentic Vintage<\/title>\n<meta name=\"robots\" content=\"index, follow, max-snippet:-1, max-image-preview:large, max-video-preview:-1\" \/>\n<link rel=\"canonical\" href=\"https:\/\/www.theauthenticvintage.com\/de\/product\/modello-alfa-romeo-alfetta-gp-158-159-110-promo-1950\/\" \/>\n<meta property=\"og:locale\" content=\"de_DE\" \/>\n<meta property=\"og:type\" content=\"article\" \/>\n<meta property=\"og:title\" content=\"Modello Alfa Romeo Alfetta GP 158\/159 promozionale 1950 - The Authentic Vintage\" \/>\n<meta property=\"og:description\" content=\"Modello in scala Alfa Romeo Alfetta 158\/159 GP di Formula 1, in fusione di alluminio, prodotto dalle fonderie Alfa Romeo per commemorare il mondiale vinto nel 1950. Modello che veniva donato ai massimi dirigenti e concessionari del periodo. Condizioni fantastiche, vernice con patina del tempo. Modello mai restaurato in nessuna&hellip;\" \/>\n<meta property=\"og:url\" content=\"https:\/\/www.theauthenticvintage.com\/de\/product\/modello-alfa-romeo-alfetta-gp-158-159-110-promo-1950\/\" \/>\n<meta property=\"og:site_name\" content=\"The Authentic Vintage\" \/>\n<meta property=\"article:modified_time\" content=\"2025-06-21T15:48:45+00:00\" \/>\n<meta property=\"og:image\" content=\"https:\/\/www.theauthenticvintage.com\/wp-content\/uploads\/2023\/12\/PhotoRoom_020_20231222_083108-compressed.jpg\" \/>\n\t<meta property=\"og:image:width\" content=\"1512\" \/>\n\t<meta property=\"og:image:height\" content=\"1512\" \/>\n\t<meta property=\"og:image:type\" content=\"image\/jpeg\" \/>\n<meta name=\"twitter:card\" content=\"summary_large_image\" \/>\n<meta name=\"twitter:label1\" content=\"Gesch\u00e4tzte Lesezeit\" \/>\n\t<meta name=\"twitter:data1\" content=\"1\u00a0Minute\" \/>\n<script type=\"application\/ld+json\" class=\"yoast-schema-graph\">{\"@context\":\"https:\/\/schema.org\",\"@graph\":[{\"@type\":\"WebPage\",\"@id\":\"https:\/\/www.theauthenticvintage.com\/product\/modello-alfa-romeo-alfetta-gp-158-159-110-promo-1950\/\",\"url\":\"https:\/\/www.theauthenticvintage.com\/product\/modello-alfa-romeo-alfetta-gp-158-159-110-promo-1950\/\",\"name\":\"Modello Alfa Romeo Alfetta GP 158\/159 promozionale 1950 - The Authentic Vintage\",\"isPartOf\":{\"@id\":\"https:\/\/www.theauthenticvintage.com\/#website\"},\"primaryImageOfPage\":{\"@id\":\"https:\/\/www.theauthenticvintage.com\/product\/modello-alfa-romeo-alfetta-gp-158-159-110-promo-1950\/#primaryimage\"},\"image\":{\"@id\":\"https:\/\/www.theauthenticvintage.com\/product\/modello-alfa-romeo-alfetta-gp-158-159-110-promo-1950\/#primaryimage\"},\"thumbnailUrl\":\"https:\/\/www.theauthenticvintage.com\/wp-content\/uploads\/2023\/12\/PhotoRoom_020_20231222_083108-compressed.jpg\",\"datePublished\":\"2023-12-28T09:32:35+00:00\",\"dateModified\":\"2025-06-21T15:48:45+00:00\",\"breadcrumb\":{\"@id\":\"https:\/\/www.theauthenticvintage.com\/product\/modello-alfa-romeo-alfetta-gp-158-159-110-promo-1950\/#breadcrumb\"},\"inLanguage\":\"de\",\"potentialAction\":[{\"@type\":\"ReadAction\",\"target\":[\"https:\/\/www.theauthenticvintage.com\/product\/modello-alfa-romeo-alfetta-gp-158-159-110-promo-1950\/\"]}]},{\"@type\":\"ImageObject\",\"inLanguage\":\"de\",\"@id\":\"https:\/\/www.theauthenticvintage.com\/product\/modello-alfa-romeo-alfetta-gp-158-159-110-promo-1950\/#primaryimage\",\"url\":\"https:\/\/www.theauthenticvintage.com\/wp-content\/uploads\/2023\/12\/PhotoRoom_020_20231222_083108-compressed.jpg\",\"contentUrl\":\"https:\/\/www.theauthenticvintage.com\/wp-content\/uploads\/2023\/12\/PhotoRoom_020_20231222_083108-compressed.jpg\",\"width\":1512,\"height\":1512},{\"@type\":\"BreadcrumbList\",\"@id\":\"https:\/\/www.theauthenticvintage.com\/product\/modello-alfa-romeo-alfetta-gp-158-159-110-promo-1950\/#breadcrumb\",\"itemListElement\":[{\"@type\":\"ListItem\",\"position\":1,\"name\":\"Home\",\"item\":\"https:\/\/www.theauthenticvintage.com\/\"},{\"@type\":\"ListItem\",\"position\":2,\"name\":\"Shop\",\"item\":\"https:\/\/www.theauthenticvintage.com\/shop\/\"},{\"@type\":\"ListItem\",\"position\":3,\"name\":\"Modello Alfa Romeo Alfetta GP 158\/159 promozionale 1950\"}]},{\"@type\":\"WebSite\",\"@id\":\"https:\/\/www.theauthenticvintage.com\/#website\",\"url\":\"https:\/\/www.theauthenticvintage.com\/\",\"name\":\"The Authentic Vintage\",\"description\":\"\",\"potentialAction\":[{\"@type\":\"SearchAction\",\"target\":{\"@type\":\"EntryPoint\",\"urlTemplate\":\"https:\/\/www.theauthenticvintage.com\/?s={search_term_string}\"},\"query-input\":\"required name=search_term_string\"}],\"inLanguage\":\"de\"}]}<\/script>\n<!-- \/ Yoast SEO plugin. -->","yoast_head_json":{"title":"Modello Alfa Romeo Alfetta GP 158\/159 promozionale 1950 - The Authentic Vintage","robots":{"index":"index","follow":"follow","max-snippet":"max-snippet:-1","max-image-preview":"max-image-preview:large","max-video-preview":"max-video-preview:-1"},"canonical":"https:\/\/www.theauthenticvintage.com\/de\/product\/modello-alfa-romeo-alfetta-gp-158-159-110-promo-1950\/","og_locale":"de_DE","og_type":"article","og_title":"Modello Alfa Romeo Alfetta GP 158\/159 promozionale 1950 - The Authentic Vintage","og_description":"Modello in scala Alfa Romeo Alfetta 158\/159 GP di Formula 1, in fusione di alluminio, prodotto dalle fonderie Alfa Romeo per commemorare il mondiale vinto nel 1950. Modello che veniva donato ai massimi dirigenti e concessionari del periodo. Condizioni fantastiche, vernice con patina del tempo. Modello mai restaurato in nessuna&hellip;","og_url":"https:\/\/www.theauthenticvintage.com\/de\/product\/modello-alfa-romeo-alfetta-gp-158-159-110-promo-1950\/","og_site_name":"The Authentic Vintage","article_modified_time":"2025-06-21T15:48:45+00:00","og_image":[{"width":1512,"height":1512,"url":"https:\/\/www.theauthenticvintage.com\/wp-content\/uploads\/2023\/12\/PhotoRoom_020_20231222_083108-compressed.jpg","type":"image\/jpeg"}],"twitter_card":"summary_large_image","twitter_misc":{"Gesch\u00e4tzte Lesezeit":"1\u00a0Minute"},"schema":{"@context":"https:\/\/schema.org","@graph":[{"@type":"WebPage","@id":"https:\/\/www.theauthenticvintage.com\/product\/modello-alfa-romeo-alfetta-gp-158-159-110-promo-1950\/","url":"https:\/\/www.theauthenticvintage.com\/product\/modello-alfa-romeo-alfetta-gp-158-159-110-promo-1950\/","name":"Modello Alfa Romeo Alfetta GP 158\/159 promozionale 1950 - The Authentic Vintage","isPartOf":{"@id":"https:\/\/www.theauthenticvintage.com\/#website"},"primaryImageOfPage":{"@id":"https:\/\/www.theauthenticvintage.com\/product\/modello-alfa-romeo-alfetta-gp-158-159-110-promo-1950\/#primaryimage"},"image":{"@id":"https:\/\/www.theauthenticvintage.com\/product\/modello-alfa-romeo-alfetta-gp-158-159-110-promo-1950\/#primaryimage"},"thumbnailUrl":"https:\/\/www.theauthenticvintage.com\/wp-content\/uploads\/2023\/12\/PhotoRoom_020_20231222_083108-compressed.jpg","datePublished":"2023-12-28T09:32:35+00:00","dateModified":"2025-06-21T15:48:45+00:00","breadcrumb":{"@id":"https:\/\/www.theauthenticvintage.com\/product\/modello-alfa-romeo-alfetta-gp-158-159-110-promo-1950\/#breadcrumb"},"inLanguage":"de","potentialAction":[{"@type":"ReadAction","target":["https:\/\/www.theauthenticvintage.com\/product\/modello-alfa-romeo-alfetta-gp-158-159-110-promo-1950\/"]}]},{"@type":"ImageObject","inLanguage":"de","@id":"https:\/\/www.theauthenticvintage.com\/product\/modello-alfa-romeo-alfetta-gp-158-159-110-promo-1950\/#primaryimage","url":"https:\/\/www.theauthenticvintage.com\/wp-content\/uploads\/2023\/12\/PhotoRoom_020_20231222_083108-compressed.jpg","contentUrl":"https:\/\/www.theauthenticvintage.com\/wp-content\/uploads\/2023\/12\/PhotoRoom_020_20231222_083108-compressed.jpg","width":1512,"height":1512},{"@type":"BreadcrumbList","@id":"https:\/\/www.theauthenticvintage.com\/product\/modello-alfa-romeo-alfetta-gp-158-159-110-promo-1950\/#breadcrumb","itemListElement":[{"@type":"ListItem","position":1,"name":"Home","item":"https:\/\/www.theauthenticvintage.com\/"},{"@type":"ListItem","position":2,"name":"Shop","item":"https:\/\/www.theauthenticvintage.com\/shop\/"},{"@type":"ListItem","position":3,"name":"Modello Alfa Romeo Alfetta GP 158\/159 promozionale 1950"}]},{"@type":"WebSite","@id":"https:\/\/www.theauthenticvintage.com\/#website","url":"https:\/\/www.theauthenticvintage.com\/","name":"The Authentic Vintage","description":"","potentialAction":[{"@type":"SearchAction","target":{"@type":"EntryPoint","urlTemplate":"https:\/\/www.theauthenticvintage.com\/?s={search_term_string}"},"query-input":"required name=search_term_string"}],"inLanguage":"de"}]}},"jetpack_sharing_enabled":true,"_links":{"self":[{"href":"https:\/\/www.theauthenticvintage.com\/de\/wp-json\/wp\/v2\/product\/5972","targetHints":{"allow":["GET"]}}],"collection":[{"href":"https:\/\/www.theauthenticvintage.com\/de\/wp-json\/wp\/v2\/product"}],"about":[{"href":"https:\/\/www.theauthenticvintage.com\/de\/wp-json\/wp\/v2\/types\/product"}],"replies":[{"embeddable":true,"href":"https:\/\/www.theauthenticvintage.com\/de\/wp-json\/wp\/v2\/comments?post=5972"}],"wp:featuredmedia":[{"embeddable":true,"href":"https:\/\/www.theauthenticvintage.com\/de\/wp-json\/wp\/v2\/media\/5973"}],"wp:attachment":[{"href":"https:\/\/www.theauthenticvintage.com\/de\/wp-json\/wp\/v2\/media?parent=5972"}],"wp:term":[{"taxonomy":"product_cat","embeddable":true,"href":"https:\/\/www.theauthenticvintage.com\/de\/wp-json\/wp\/v2\/product_cat?post=5972"},{"taxonomy":"product_tag","embeddable":true,"href":"https:\/\/www.theauthenticvintage.com\/de\/wp-json\/wp\/v2\/product_tag?post=5972"},{"taxonomy":"brand","embeddable":true,"href":"https:\/\/www.theauthenticvintage.com\/de\/wp-json\/wp\/v2\/brand?post=5972"}],"curies":[{"name":"wp","href":"https:\/\/api.w.org\/{rel}","templated":true}]}}