{"id":6600,"date":"2024-03-15T22:05:04","date_gmt":"2024-03-15T21:05:04","guid":{"rendered":"https:\/\/www.theauthenticvintage.com\/?page_id=6600"},"modified":"2024-03-19T17:04:49","modified_gmt":"2024-03-19T16:04:49","slug":"gianmarco-siciliano","status":"publish","type":"page","link":"https:\/\/www.theauthenticvintage.com\/de\/chi-siamo\/gianmarco-siciliano\/","title":{"rendered":"Gianmarco Siciliano"},"content":{"rendered":"<div data-elementor-type=\"wp-page\" data-elementor-id=\"6600\" class=\"elementor elementor-6600\">\n\t\t\t\t<section class=\"elementor-element elementor-element-bad3837 e-flex e-con-boxed e-con e-parent\" data-id=\"bad3837\" data-element_type=\"container\" data-settings=\"{&quot;background_background&quot;:&quot;classic&quot;}\" data-core-v316-plus=\"true\">\n\t\t\t\t\t<div class=\"e-con-inner\">\n\t\t\t\t<div class=\"elementor-element elementor-element-6bf5fd1 elementor-invisible elementor-widget elementor-widget-heading\" data-id=\"6bf5fd1\" data-element_type=\"widget\" data-settings=\"{&quot;_animation&quot;:&quot;fadeIn&quot;}\" data-widget_type=\"heading.default\">\n\t\t\t\t<div class=\"elementor-widget-container\">\n\t\t\t<style>\/*! elementor - v3.20.0 - 26-03-2024 *\/\n.elementor-heading-title{padding:0;margin:0;line-height:1}.elementor-widget-heading .elementor-heading-title[class*=elementor-size-]>a{color:inherit;font-size:inherit;line-height:inherit}.elementor-widget-heading .elementor-heading-title.elementor-size-small{font-size:15px}.elementor-widget-heading .elementor-heading-title.elementor-size-medium{font-size:19px}.elementor-widget-heading .elementor-heading-title.elementor-size-large{font-size:29px}.elementor-widget-heading .elementor-heading-title.elementor-size-xl{font-size:39px}.elementor-widget-heading .elementor-heading-title.elementor-size-xxl{font-size:59px}<\/style><h2 class=\"elementor-heading-title elementor-size-default\">Gianmarco Siciliano<\/h2>\t\t<\/div>\n\t\t\t\t<\/div>\n\t\t<div class=\"elementor-element elementor-element-bf99719 e-flex e-con-boxed e-con e-child\" data-id=\"bf99719\" data-element_type=\"container\">\n\t\t\t\t\t<div class=\"e-con-inner\">\n\t\t<div class=\"elementor-element elementor-element-a4d0d2b e-con-full e-flex e-con e-child\" data-id=\"a4d0d2b\" data-element_type=\"container\">\n\t\t<div class=\"elementor-element elementor-element-653c3f2 e-con-full e-flex e-con e-child\" data-id=\"653c3f2\" data-element_type=\"container\">\n\t\t\t\t<div class=\"elementor-element elementor-element-5d96f05 elementor-widget elementor-widget-image\" data-id=\"5d96f05\" data-element_type=\"widget\" data-widget_type=\"image.default\">\n\t\t\t\t<div class=\"elementor-widget-container\">\n\t\t\t<style>\/*! elementor - v3.20.0 - 26-03-2024 *\/\n.elementor-widget-image{text-align:center}.elementor-widget-image a{display:inline-block}.elementor-widget-image a img[src$=\".svg\"]{width:48px}.elementor-widget-image img{vertical-align:middle;display:inline-block}<\/style>\t\t\t\t\t\t\t\t\t\t<img fetchpriority=\"high\" decoding=\"async\" width=\"1920\" height=\"1440\" src=\"https:\/\/www.theauthenticvintage.com\/wp-content\/uploads\/2024\/03\/Gianmarco-Siciliano-5.jpg\" class=\"attachment-full size-full wp-image-6481\" alt=\"\" srcset=\"https:\/\/www.theauthenticvintage.com\/wp-content\/uploads\/2024\/03\/Gianmarco-Siciliano-5.jpg 1920w, https:\/\/www.theauthenticvintage.com\/wp-content\/uploads\/2024\/03\/Gianmarco-Siciliano-5-300x225.jpg 300w, https:\/\/www.theauthenticvintage.com\/wp-content\/uploads\/2024\/03\/Gianmarco-Siciliano-5-1024x768.jpg 1024w, https:\/\/www.theauthenticvintage.com\/wp-content\/uploads\/2024\/03\/Gianmarco-Siciliano-5-768x576.jpg 768w, https:\/\/www.theauthenticvintage.com\/wp-content\/uploads\/2024\/03\/Gianmarco-Siciliano-5-1536x1152.jpg 1536w, https:\/\/www.theauthenticvintage.com\/wp-content\/uploads\/2024\/03\/Gianmarco-Siciliano-5-150x113.jpg 150w, https:\/\/www.theauthenticvintage.com\/wp-content\/uploads\/2024\/03\/Gianmarco-Siciliano-5-450x338.jpg 450w, https:\/\/www.theauthenticvintage.com\/wp-content\/uploads\/2024\/03\/Gianmarco-Siciliano-5-900x675.jpg 900w\" sizes=\"(max-width: 1920px) 100vw, 1920px\" \/>\t\t\t\t\t\t\t\t\t\t\t\t\t<\/div>\n\t\t\t\t<\/div>\n\t\t\t\t<div class=\"elementor-element elementor-element-2f54a04 elementor-widget elementor-widget-text-editor\" data-id=\"2f54a04\" data-element_type=\"widget\" data-widget_type=\"text-editor.default\">\n\t\t\t\t<div class=\"elementor-widget-container\">\n\t\t\t<style>\/*! elementor - v3.20.0 - 26-03-2024 *\/\n.elementor-widget-text-editor.elementor-drop-cap-view-stacked .elementor-drop-cap{background-color:#69727d;color:#fff}.elementor-widget-text-editor.elementor-drop-cap-view-framed .elementor-drop-cap{color:#69727d;border:3px solid;background-color:transparent}.elementor-widget-text-editor:not(.elementor-drop-cap-view-default) .elementor-drop-cap{margin-top:8px}.elementor-widget-text-editor:not(.elementor-drop-cap-view-default) .elementor-drop-cap-letter{width:1em;height:1em}.elementor-widget-text-editor .elementor-drop-cap{float:left;text-align:center;line-height:1;font-size:50px}.elementor-widget-text-editor .elementor-drop-cap-letter{display:inline-block}<\/style>\t\t\t\t<p><em>\u201cIl mio motto \u00e8: buy the seller..\u201d<\/em><\/p>\t\t\t\t\t\t<\/div>\n\t\t\t\t<\/div>\n\t\t\t\t<\/div>\n\t\t<div class=\"elementor-element elementor-element-561ba9d e-flex e-con-boxed e-con e-child\" data-id=\"561ba9d\" data-element_type=\"container\">\n\t\t\t\t\t<div class=\"e-con-inner\">\n\t\t\t\t<div class=\"elementor-element elementor-element-493cbda elementor-widget elementor-widget-image\" data-id=\"493cbda\" data-element_type=\"widget\" data-widget_type=\"image.default\">\n\t\t\t\t<div class=\"elementor-widget-container\">\n\t\t\t\t\t\t\t\t\t\t\t\t\t<img decoding=\"async\" width=\"1600\" height=\"1200\" src=\"https:\/\/www.theauthenticvintage.com\/wp-content\/uploads\/2024\/03\/Gianmarco-Siciliano-1.jpg\" class=\"attachment-full size-full wp-image-6477\" alt=\"\" srcset=\"https:\/\/www.theauthenticvintage.com\/wp-content\/uploads\/2024\/03\/Gianmarco-Siciliano-1.jpg 1600w, https:\/\/www.theauthenticvintage.com\/wp-content\/uploads\/2024\/03\/Gianmarco-Siciliano-1-300x225.jpg 300w, https:\/\/www.theauthenticvintage.com\/wp-content\/uploads\/2024\/03\/Gianmarco-Siciliano-1-1024x768.jpg 1024w, https:\/\/www.theauthenticvintage.com\/wp-content\/uploads\/2024\/03\/Gianmarco-Siciliano-1-768x576.jpg 768w, https:\/\/www.theauthenticvintage.com\/wp-content\/uploads\/2024\/03\/Gianmarco-Siciliano-1-1536x1152.jpg 1536w, https:\/\/www.theauthenticvintage.com\/wp-content\/uploads\/2024\/03\/Gianmarco-Siciliano-1-150x113.jpg 150w, https:\/\/www.theauthenticvintage.com\/wp-content\/uploads\/2024\/03\/Gianmarco-Siciliano-1-450x338.jpg 450w, https:\/\/www.theauthenticvintage.com\/wp-content\/uploads\/2024\/03\/Gianmarco-Siciliano-1-900x675.jpg 900w\" sizes=\"(max-width: 1600px) 100vw, 1600px\" \/>\t\t\t\t\t\t\t\t\t\t\t\t\t<\/div>\n\t\t\t\t<\/div>\n\t\t\t\t<div class=\"elementor-element elementor-element-ece76fb elementor-widget elementor-widget-image\" data-id=\"ece76fb\" data-element_type=\"widget\" data-widget_type=\"image.default\">\n\t\t\t\t<div class=\"elementor-widget-container\">\n\t\t\t\t\t\t\t\t\t\t\t\t\t<img decoding=\"async\" width=\"400\" height=\"400\" src=\"https:\/\/www.theauthenticvintage.com\/wp-content\/uploads\/2024\/03\/Gianmarco-Siciliano.jpg\" class=\"attachment-full size-full wp-image-6720\" alt=\"\" srcset=\"https:\/\/www.theauthenticvintage.com\/wp-content\/uploads\/2024\/03\/Gianmarco-Siciliano.jpg 400w, https:\/\/www.theauthenticvintage.com\/wp-content\/uploads\/2024\/03\/Gianmarco-Siciliano-300x300.jpg 300w, https:\/\/www.theauthenticvintage.com\/wp-content\/uploads\/2024\/03\/Gianmarco-Siciliano-150x150.jpg 150w, https:\/\/www.theauthenticvintage.com\/wp-content\/uploads\/2024\/03\/Gianmarco-Siciliano-100x100.jpg 100w\" sizes=\"(max-width: 400px) 100vw, 400px\" \/>\t\t\t\t\t\t\t\t\t\t\t\t\t<\/div>\n\t\t\t\t<\/div>\n\t\t\t\t\t<\/div>\n\t\t\t\t<\/div>\n\t\t\t\t<\/div>\n\t\t\t\t\t<\/div>\n\t\t\t\t<\/div>\n\t\t<div class=\"elementor-element elementor-element-c8142f4 e-flex e-con-boxed e-con e-child\" data-id=\"c8142f4\" data-element_type=\"container\">\n\t\t\t\t\t<div class=\"e-con-inner\">\n\t\t<div class=\"elementor-element elementor-element-33b37ec e-flex e-con-boxed e-con e-child\" data-id=\"33b37ec\" data-element_type=\"container\">\n\t\t\t\t\t<div class=\"e-con-inner\">\n\t\t\t\t<div class=\"elementor-element elementor-element-a018ef0 elementor-widget elementor-widget-text-editor\" data-id=\"a018ef0\" data-element_type=\"widget\" data-widget_type=\"text-editor.default\">\n\t\t\t\t<div class=\"elementor-widget-container\">\n\t\t\t\t\t\t\t<p>Gianmarco Siciliano \u00e8 riconosciuto come uno dei massimi esperti di memorabilia a carattere motoristico. Possiede una delle pi\u00f9 incredibili collezioni di automobilia Ferrari, che spazia dagli anni &#8217;50 agli anni 2000. Grazie alla sua competenza, \u00e8 stato consulente di alcuni dei pi\u00f9 importanti Collezionisti al Mondo, con un&#8217;attenzione particolare al mercato americano ed ai suoi pi\u00f9 illustri Collezionisti di auto.<\/p>\t\t\t\t\t\t<\/div>\n\t\t\t\t<\/div>\n\t\t\t\t<div class=\"elementor-element elementor-element-e90a83e elementor-widget elementor-widget-n-accordion\" data-id=\"e90a83e\" data-element_type=\"widget\" data-settings=\"{&quot;default_state&quot;:&quot;all_collapsed&quot;,&quot;max_items_expended&quot;:&quot;one&quot;,&quot;n_accordion_animation_duration&quot;:{&quot;unit&quot;:&quot;ms&quot;,&quot;size&quot;:400,&quot;sizes&quot;:[]}}\" data-widget_type=\"nested-accordion.default\">\n\t\t\t\t<div class=\"elementor-widget-container\">\n\t\t\t\t\t<div class=\"e-n-accordion\" aria-label=\"Akkordeon. \u00d6ffnen Sie Links mit der Eingabetaste oder der Leertaste, schlie\u00dfen Sie sie mit der Escape-Taste und navigieren Sie mit den Pfeiltasten\">\n\t\t\t\t\t\t<details id=\"e-n-accordion-item-2440\" class=\"e-n-accordion-item\" >\n\t\t\t\t<summary class=\"e-n-accordion-item-title\" data-accordion-index=\"1\" tabindex=\"0\" aria-expanded=\"false\" aria-controls=\"e-n-accordion-item-2440\" >\n\t\t\t\t\t<span class='e-n-accordion-item-title-header'><p class=\"e-n-accordion-item-title-text\"> Mehr lesen <\/p><\/span>\n\t\t\t\t\t\t\t<span class='e-n-accordion-item-title-icon'>\n\t\t\t<span class='e-opened' ><i aria-hidden=\"true\" class=\"fas fa-minus\"><\/i><\/span>\n\t\t\t<span class='e-closed'><i aria-hidden=\"true\" class=\"fas fa-plus\"><\/i><\/span>\n\t\t<\/span>\n\n\t\t\t\t\t\t<\/summary>\n\t\t\t\t<div role=\"region\" aria-labelledby=\"e-n-accordion-item-2440\" class=\"elementor-element elementor-element-654e3f0 e-con-full e-flex e-con e-child\" data-id=\"654e3f0\" data-element_type=\"container\">\n\t\t\t\t<div class=\"elementor-element elementor-element-90fdccd elementor-widget elementor-widget-text-editor\" data-id=\"90fdccd\" data-element_type=\"widget\" data-widget_type=\"text-editor.default\">\n\t\t\t\t<div class=\"elementor-widget-container\">\n\t\t\t\t\t\t\t<p>E\u2019 nato e cresciuto in Italia, ed ha sempre avuto una sete di conoscenza che lo ha spinto a girare il Mondo in lungo e in largo per aprire i propri orizzonti. Laureato in Ingegneria, Gianmarco \u00e8<br \/>caratterizzato da un approccio ingegneristico alle cose, ed \u00e8 costantemente focalizzato su nuove soluzioni tecnologiche. Fin dall&#8217;et\u00e0 di 3 anni \u00e8 stato folgorato dalla passione per le Ferrari, dopo aver visto per la prima volta una F40 in una stazione di servizio di Roma.<\/p><p>Collaborando con alcune delle case d&#8217;asta pi\u00f9 prestigiose, in particolare con Bonhams, Gianmarco ha contribuito a valorizzare e promuovere oggetti di elevato interesse collezionistico, precorrendo i tempi di boom del mercato attuale. Appassionato anche di moda e design, nel 2021 ha co-fondato una Startup nel settore fashion.<\/p><p>Nel 2013, periodo in cui ha vissuto stabilmente sulla Costa Azzurra, Gianmarco inizia ad occuparsi di Rolex vintage, salvo poi virare sulle memorabilia automobilistiche, frequentando dapprima i mercatini dell\u2019antiquariato in giro per la Francia, ed in seconda battuta l&#8217;ambiente della Formula 1, nel Principato di Monaco. La sua passione per le auto, gli orologi da polso e le memorabilia \u00e8 sempre guidata dalla ricerca della massima qualit\u00e0, senza mai scendere a compromessi.<\/p>\t\t\t\t\t\t<\/div>\n\t\t\t\t<\/div>\n\t\t\t\t<\/div>\n\t\t\t\t\t<\/details>\n\t\t\t\t\t<\/div>\n\t\t\t\t<\/div>\n\t\t\t\t<\/div>\n\t\t\t\t\t<\/div>\n\t\t\t\t<\/div>\n\t\t<div class=\"elementor-element elementor-element-42100f6 e-flex e-con-boxed e-con e-child\" data-id=\"42100f6\" data-element_type=\"container\">\n\t\t\t\t\t<div class=\"e-con-inner\">\n\t\t\t\t<div class=\"elementor-element elementor-element-50b6aca elementor-widget elementor-widget-text-editor\" data-id=\"50b6aca\" data-element_type=\"widget\" data-widget_type=\"text-editor.default\">\n\t\t\t\t<div class=\"elementor-widget-container\">\n\t\t\t\t\t\t\t<ul><li>Riconosciuto dai suoi clienti come uno dei massimi esperti di memorabilia ferrari<\/li><li>Ampio network internazionale con importanti collezionisti<\/li><li>Oltre 10 anni di esperienza nel collezionismo, in vari campi<\/li><\/ul>\t\t\t\t\t\t<\/div>\n\t\t\t\t<\/div>\n\t\t\t\t\t<\/div>\n\t\t\t\t<\/div>\n\t\t\t\t\t<\/div>\n\t\t\t\t<\/div>\n\t\t\t\t\t<\/div>\n\t\t\t\t<\/section>\n\t\t\t\t<\/div>","protected":false},"excerpt":{"rendered":"<p>\u201cIl mio motto \u00e8: buy the seller..\u201d Gianmarco Siciliano \u00e8 riconosciuto come uno dei massimi esperti di memorabilia a carattere motoristico. Possiede una delle pi\u00f9 incredibili collezioni di automobilia Ferrari, che spazia dagli anni &#8217;50 agli anni 2000. Grazie alla sua competenza, \u00e8 stato consulente di alcuni dei pi\u00f9 importanti&hellip;<\/p>","protected":false},"author":16,"featured_media":0,"parent":4511,"menu_order":0,"comment_status":"closed","ping_status":"closed","template":"elementor_header_footer","meta":{"footnotes":""},"class_list":["post-6600","page","type-page","status-publish","hentry"],"yoast_head":"<!-- This site is optimized with the Yoast SEO plugin v22.3 - https:\/\/yoast.com\/wordpress\/plugins\/seo\/ -->\n<title>Gianmarco Siciliano - The Authentic Vintage<\/title>\n<meta name=\"robots\" content=\"index, follow, max-snippet:-1, max-image-preview:large, max-video-preview:-1\" \/>\n<link rel=\"canonical\" href=\"https:\/\/www.theauthenticvintage.com\/de\/chi-siamo\/gianmarco-siciliano\/\" \/>\n<meta property=\"og:locale\" content=\"de_DE\" \/>\n<meta property=\"og:type\" content=\"article\" \/>\n<meta property=\"og:title\" content=\"Gianmarco Siciliano - The Authentic Vintage\" \/>\n<meta property=\"og:description\" content=\"\u201cIl mio motto \u00e8: buy the seller..\u201d Gianmarco Siciliano \u00e8 riconosciuto come uno dei massimi esperti di memorabilia a carattere motoristico. Possiede una delle pi\u00f9 incredibili collezioni di automobilia Ferrari, che spazia dagli anni &#8217;50 agli anni 2000. Grazie alla sua competenza, \u00e8 stato consulente di alcuni dei pi\u00f9 importanti&hellip;\" \/>\n<meta property=\"og:url\" content=\"https:\/\/www.theauthenticvintage.com\/de\/chi-siamo\/gianmarco-siciliano\/\" \/>\n<meta property=\"og:site_name\" content=\"The Authentic Vintage\" \/>\n<meta property=\"article:modified_time\" content=\"2024-03-19T16:04:49+00:00\" \/>\n<meta property=\"og:image\" content=\"https:\/\/www.theauthenticvintage.com\/wp-content\/uploads\/2024\/03\/Gianmarco-Siciliano-5.jpg\" \/>\n<meta name=\"twitter:card\" content=\"summary_large_image\" \/>\n<meta name=\"twitter:label1\" content=\"Gesch\u00e4tzte Lesezeit\" \/>\n\t<meta name=\"twitter:data1\" content=\"4\u00a0Minuten\" \/>\n<script type=\"application\/ld+json\" class=\"yoast-schema-graph\">{\"@context\":\"https:\/\/schema.org\",\"@graph\":[{\"@type\":\"WebPage\",\"@id\":\"https:\/\/www.theauthenticvintage.com\/chi-siamo\/gianmarco-siciliano\/\",\"url\":\"https:\/\/www.theauthenticvintage.com\/chi-siamo\/gianmarco-siciliano\/\",\"name\":\"Gianmarco Siciliano - The Authentic Vintage\",\"isPartOf\":{\"@id\":\"https:\/\/www.theauthenticvintage.com\/#website\"},\"primaryImageOfPage\":{\"@id\":\"https:\/\/www.theauthenticvintage.com\/chi-siamo\/gianmarco-siciliano\/#primaryimage\"},\"image\":{\"@id\":\"https:\/\/www.theauthenticvintage.com\/chi-siamo\/gianmarco-siciliano\/#primaryimage\"},\"thumbnailUrl\":\"https:\/\/www.theauthenticvintage.com\/wp-content\/uploads\/2024\/03\/Gianmarco-Siciliano-5.jpg\",\"datePublished\":\"2024-03-15T21:05:04+00:00\",\"dateModified\":\"2024-03-19T16:04:49+00:00\",\"breadcrumb\":{\"@id\":\"https:\/\/www.theauthenticvintage.com\/chi-siamo\/gianmarco-siciliano\/#breadcrumb\"},\"inLanguage\":\"de\",\"potentialAction\":[{\"@type\":\"ReadAction\",\"target\":[\"https:\/\/www.theauthenticvintage.com\/chi-siamo\/gianmarco-siciliano\/\"]}]},{\"@type\":\"ImageObject\",\"inLanguage\":\"de\",\"@id\":\"https:\/\/www.theauthenticvintage.com\/chi-siamo\/gianmarco-siciliano\/#primaryimage\",\"url\":\"https:\/\/www.theauthenticvintage.com\/wp-content\/uploads\/2024\/03\/Gianmarco-Siciliano-5.jpg\",\"contentUrl\":\"https:\/\/www.theauthenticvintage.com\/wp-content\/uploads\/2024\/03\/Gianmarco-Siciliano-5.jpg\",\"width\":1920,\"height\":1440},{\"@type\":\"BreadcrumbList\",\"@id\":\"https:\/\/www.theauthenticvintage.com\/chi-siamo\/gianmarco-siciliano\/#breadcrumb\",\"itemListElement\":[{\"@type\":\"ListItem\",\"position\":1,\"name\":\"Home\",\"item\":\"https:\/\/www.theauthenticvintage.com\/\"},{\"@type\":\"ListItem\",\"position\":2,\"name\":\"Chi siamo\",\"item\":\"https:\/\/www.theauthenticvintage.com\/chi-siamo\/\"},{\"@type\":\"ListItem\",\"position\":3,\"name\":\"Gianmarco Siciliano\"}]},{\"@type\":\"WebSite\",\"@id\":\"https:\/\/www.theauthenticvintage.com\/#website\",\"url\":\"https:\/\/www.theauthenticvintage.com\/\",\"name\":\"The Authentic Vintage\",\"description\":\"\",\"potentialAction\":[{\"@type\":\"SearchAction\",\"target\":{\"@type\":\"EntryPoint\",\"urlTemplate\":\"https:\/\/www.theauthenticvintage.com\/?s={search_term_string}\"},\"query-input\":\"required name=search_term_string\"}],\"inLanguage\":\"de\"}]}<\/script>\n<!-- \/ Yoast SEO plugin. -->","yoast_head_json":{"title":"Gianmarco Siciliano - The Authentic Vintage","robots":{"index":"index","follow":"follow","max-snippet":"max-snippet:-1","max-image-preview":"max-image-preview:large","max-video-preview":"max-video-preview:-1"},"canonical":"https:\/\/www.theauthenticvintage.com\/de\/chi-siamo\/gianmarco-siciliano\/","og_locale":"de_DE","og_type":"article","og_title":"Gianmarco Siciliano - The Authentic Vintage","og_description":"\u201cIl mio motto \u00e8: buy the seller..\u201d Gianmarco Siciliano \u00e8 riconosciuto come uno dei massimi esperti di memorabilia a carattere motoristico. Possiede una delle pi\u00f9 incredibili collezioni di automobilia Ferrari, che spazia dagli anni &#8217;50 agli anni 2000. Grazie alla sua competenza, \u00e8 stato consulente di alcuni dei pi\u00f9 importanti&hellip;","og_url":"https:\/\/www.theauthenticvintage.com\/de\/chi-siamo\/gianmarco-siciliano\/","og_site_name":"The Authentic Vintage","article_modified_time":"2024-03-19T16:04:49+00:00","og_image":[{"url":"https:\/\/www.theauthenticvintage.com\/wp-content\/uploads\/2024\/03\/Gianmarco-Siciliano-5.jpg"}],"twitter_card":"summary_large_image","twitter_misc":{"Gesch\u00e4tzte Lesezeit":"4\u00a0Minuten"},"schema":{"@context":"https:\/\/schema.org","@graph":[{"@type":"WebPage","@id":"https:\/\/www.theauthenticvintage.com\/chi-siamo\/gianmarco-siciliano\/","url":"https:\/\/www.theauthenticvintage.com\/chi-siamo\/gianmarco-siciliano\/","name":"Gianmarco Siciliano - The Authentic Vintage","isPartOf":{"@id":"https:\/\/www.theauthenticvintage.com\/#website"},"primaryImageOfPage":{"@id":"https:\/\/www.theauthenticvintage.com\/chi-siamo\/gianmarco-siciliano\/#primaryimage"},"image":{"@id":"https:\/\/www.theauthenticvintage.com\/chi-siamo\/gianmarco-siciliano\/#primaryimage"},"thumbnailUrl":"https:\/\/www.theauthenticvintage.com\/wp-content\/uploads\/2024\/03\/Gianmarco-Siciliano-5.jpg","datePublished":"2024-03-15T21:05:04+00:00","dateModified":"2024-03-19T16:04:49+00:00","breadcrumb":{"@id":"https:\/\/www.theauthenticvintage.com\/chi-siamo\/gianmarco-siciliano\/#breadcrumb"},"inLanguage":"de","potentialAction":[{"@type":"ReadAction","target":["https:\/\/www.theauthenticvintage.com\/chi-siamo\/gianmarco-siciliano\/"]}]},{"@type":"ImageObject","inLanguage":"de","@id":"https:\/\/www.theauthenticvintage.com\/chi-siamo\/gianmarco-siciliano\/#primaryimage","url":"https:\/\/www.theauthenticvintage.com\/wp-content\/uploads\/2024\/03\/Gianmarco-Siciliano-5.jpg","contentUrl":"https:\/\/www.theauthenticvintage.com\/wp-content\/uploads\/2024\/03\/Gianmarco-Siciliano-5.jpg","width":1920,"height":1440},{"@type":"BreadcrumbList","@id":"https:\/\/www.theauthenticvintage.com\/chi-siamo\/gianmarco-siciliano\/#breadcrumb","itemListElement":[{"@type":"ListItem","position":1,"name":"Home","item":"https:\/\/www.theauthenticvintage.com\/"},{"@type":"ListItem","position":2,"name":"Chi siamo","item":"https:\/\/www.theauthenticvintage.com\/chi-siamo\/"},{"@type":"ListItem","position":3,"name":"Gianmarco Siciliano"}]},{"@type":"WebSite","@id":"https:\/\/www.theauthenticvintage.com\/#website","url":"https:\/\/www.theauthenticvintage.com\/","name":"The Authentic Vintage","description":"","potentialAction":[{"@type":"SearchAction","target":{"@type":"EntryPoint","urlTemplate":"https:\/\/www.theauthenticvintage.com\/?s={search_term_string}"},"query-input":"required name=search_term_string"}],"inLanguage":"de"}]}},"jetpack_sharing_enabled":true,"_links":{"self":[{"href":"https:\/\/www.theauthenticvintage.com\/de\/wp-json\/wp\/v2\/pages\/6600","targetHints":{"allow":["GET"]}}],"collection":[{"href":"https:\/\/www.theauthenticvintage.com\/de\/wp-json\/wp\/v2\/pages"}],"about":[{"href":"https:\/\/www.theauthenticvintage.com\/de\/wp-json\/wp\/v2\/types\/page"}],"author":[{"embeddable":true,"href":"https:\/\/www.theauthenticvintage.com\/de\/wp-json\/wp\/v2\/users\/16"}],"replies":[{"embeddable":true,"href":"https:\/\/www.theauthenticvintage.com\/de\/wp-json\/wp\/v2\/comments?post=6600"}],"version-history":[{"count":7,"href":"https:\/\/www.theauthenticvintage.com\/de\/wp-json\/wp\/v2\/pages\/6600\/revisions"}],"predecessor-version":[{"id":6740,"href":"https:\/\/www.theauthenticvintage.com\/de\/wp-json\/wp\/v2\/pages\/6600\/revisions\/6740"}],"up":[{"embeddable":true,"href":"https:\/\/www.theauthenticvintage.com\/de\/wp-json\/wp\/v2\/pages\/4511"}],"wp:attachment":[{"href":"https:\/\/www.theauthenticvintage.com\/de\/wp-json\/wp\/v2\/media?parent=6600"}],"curies":[{"name":"wp","href":"https:\/\/api.w.org\/{rel}","templated":true}]}}